{"id":6879,"date":"2023-09-18T21:07:11","date_gmt":"2023-09-18T18:07:11","guid":{"rendered":"https:\/\/mindsetevolution.ro\/?page_id=6879"},"modified":"2024-09-10T12:28:53","modified_gmt":"2024-09-10T09:28:53","slug":"curs-premium-formare-in-coaching-transformational","status":"publish","type":"page","link":"https:\/\/mindsetevolution.ro\/ro\/curs-premium-formare-in-coaching-transformational\/","title":{"rendered":"Curs PREMIUM: FORMARE \u00ceN COACHING TRANSFORMA\u021aIONAL"},"content":{"rendered":"<div data-elementor-type=\"wp-page\" data-elementor-id=\"6879\" class=\"elementor elementor-6879\">\n\t\t\t\t\t\t\t\t\t<section class=\"elementor-section elementor-top-section elementor-element elementor-element-66d420d elementor-section-boxed elementor-section-height-default elementor-section-height-default\" data-id=\"66d420d\" data-element_type=\"section\" data-settings=\"{&quot;background_background&quot;:&quot;classic&quot;}\">\r\n\t\t\t\r\n\t\t\t\t\t\t\t\t\t<div class=\"elementor-container elementor-column-gap-default\">\r\n\t\t\t\t\t\t\t\t\t\t\t<div class=\"elementor-column elementor-col-50 elementor-top-column elementor-element elementor-element-2c1225c\" data-id=\"2c1225c\" data-element_type=\"column\">\r\n\r\n\t\t\t\t\t<div class=\"elementor-widget-wrap elementor-element-populated\">\r\n\t\t\t\t\t\t\t\t<div class=\"elementor-element elementor-element-0c2f4ee elementor-widget__width-initial elementor-widget elementor-widget-image\" data-id=\"0c2f4ee\" data-element_type=\"widget\" data-widget_type=\"image.default\">\n\t\t\t\t<div class=\"elementor-widget-container\">\n\t\t\t\t\t\t\t\t\t\t\t\t\t\t\t<img fetchpriority=\"high\" decoding=\"async\" width=\"799\" height=\"565\" src=\"https:\/\/mindsetevolution.ro\/wp-content\/uploads\/2024\/08\/a.png\" class=\"attachment-full size-full wp-image-7382\" alt=\"\" srcset=\"https:\/\/mindsetevolution.ro\/wp-content\/uploads\/2024\/08\/a.png 799w, https:\/\/mindsetevolution.ro\/wp-content\/uploads\/2024\/08\/a-640x453.png 640w, https:\/\/mindsetevolution.ro\/wp-content\/uploads\/2024\/08\/a-768x543.png 768w, https:\/\/mindsetevolution.ro\/wp-content\/uploads\/2024\/08\/a-400x283.png 400w, https:\/\/mindsetevolution.ro\/wp-content\/uploads\/2024\/08\/a-600x424.png 600w\" sizes=\"(max-width: 799px) 100vw, 799px\" \/>\t\t\t\t\t\t\t\t\t\t\t\t\t\t\t<\/div>\n\t\t\t\t<\/div>\n\t\t\t\t\t<\/div>\r\n\t\t\t\t<\/div>\r\n\t\t\t\t<div class=\"elementor-column elementor-col-50 elementor-top-column elementor-element elementor-element-005d546\" data-id=\"005d546\" data-element_type=\"column\">\r\n\r\n\t\t\t\t\t<div class=\"elementor-widget-wrap elementor-element-populated\">\r\n\t\t\t\t\t\t\t\t<div class=\"elementor-element elementor-element-18c768d elementor-align-center elementor-widget elementor-widget-button\" data-id=\"18c768d\" data-element_type=\"widget\" data-widget_type=\"button.default\">\n\t\t\t\t<div class=\"elementor-widget-container\">\n\t\t\t\t\t<div class=\"elementor-button-wrapper\">\n\t\t\t<a class=\"elementor-button elementor-button-link elementor-size-md\" href=\"https:\/\/wa.me\/40723585850?text=%C3%8Enscriere%20retreat\" target=\"_blank\">\n\t\t\t\t\t\t<span class=\"elementor-button-content-wrapper\">\n\t\t\t\t\t\t<span class=\"elementor-button-icon elementor-align-icon-right\">\n\t\t\t\t<i aria-hidden=\"true\" class=\"fab fa-whatsapp\"><\/i>\t\t\t<\/span>\n\t\t\t\t\t\t<span class=\"elementor-button-text\">\u00censcrie-te sau cere detalii<\/span>\n\t\t<\/span>\n\t\t\t\t\t<\/a>\n\t\t<\/div>\n\t\t\t\t<\/div>\n\t\t\t\t<\/div>\n\t\t\t\t\t<\/div>\r\n\t\t\t\t<\/div>\r\n\t\t\t\t\t\t<\/div>\r\n\t\t\t\t<\/section>\r\n\t\t\t\t<section class=\"elementor-section elementor-top-section elementor-element elementor-element-f08ecf5 elementor-section-boxed elementor-section-height-default elementor-section-height-default\" data-id=\"f08ecf5\" data-element_type=\"section\">\r\n\t\t\t\r\n\t\t\t\t\t\t\t\t\t<div class=\"elementor-container elementor-column-gap-default\">\r\n\t\t\t\t\t\t\t\t\t\t\t<div class=\"elementor-column elementor-col-100 elementor-top-column elementor-element elementor-element-30889a9\" data-id=\"30889a9\" data-element_type=\"column\">\r\n\r\n\t\t\t\t\t<div class=\"elementor-widget-wrap\">\r\n\t\t\t\t\t\t\t\t\t<\/div>\r\n\t\t\t\t<\/div>\r\n\t\t\t\t\t\t<\/div>\r\n\t\t\t\t<\/section>\r\n\t\t\t\t<section class=\"elementor-section elementor-top-section elementor-element elementor-element-e775d65 elementor-section-boxed elementor-section-height-default elementor-section-height-default\" data-id=\"e775d65\" data-element_type=\"section\" data-settings=\"{&quot;background_background&quot;:&quot;classic&quot;}\">\r\n\t\t\t\r\n\t\t\t\t\t\t\t\t\t<div class=\"elementor-container elementor-column-gap-default\">\r\n\t\t\t\t\t\t\t\t\t\t\t<div class=\"elementor-column elementor-col-100 elementor-top-column elementor-element elementor-element-9a22db2\" data-id=\"9a22db2\" data-element_type=\"column\">\r\n\r\n\t\t\t\t\t<div class=\"elementor-widget-wrap\">\r\n\t\t\t\t\t\t\t\t\t<\/div>\r\n\t\t\t\t<\/div>\r\n\t\t\t\t\t\t<\/div>\r\n\t\t\t\t<\/section>\r\n\t\t\t\t<section class=\"elementor-section elementor-top-section elementor-element elementor-element-3d18090 elementor-section-boxed elementor-section-height-default elementor-section-height-default\" data-id=\"3d18090\" data-element_type=\"section\">\r\n\t\t\t\r\n\t\t\t\t\t\t\t\t\t<div class=\"elementor-container elementor-column-gap-default\">\r\n\t\t\t\t\t\t\t\t\t\t\t<div class=\"elementor-column elementor-col-100 elementor-top-column elementor-element elementor-element-f36b1c2\" data-id=\"f36b1c2\" data-element_type=\"column\">\r\n\r\n\t\t\t\t\t<div class=\"elementor-widget-wrap\">\r\n\t\t\t\t\t\t\t\t\t<\/div>\r\n\t\t\t\t<\/div>\r\n\t\t\t\t\t\t<\/div>\r\n\t\t\t\t<\/section>\r\n\t\t\t\t<section class=\"elementor-section elementor-top-section elementor-element elementor-element-60bb44c elementor-section-boxed elementor-section-height-default elementor-section-height-default\" data-id=\"60bb44c\" data-element_type=\"section\">\r\n\t\t\t\r\n\t\t\t\t\t\t\t\t\t<div class=\"elementor-container elementor-column-gap-default\">\r\n\t\t\t\t\t\t\t\t\t\t\t<div class=\"elementor-column elementor-col-100 elementor-top-column elementor-element elementor-element-e9c23f0\" data-id=\"e9c23f0\" data-element_type=\"column\">\r\n\r\n\t\t\t\t\t<div class=\"elementor-widget-wrap elementor-element-populated\">\r\n\t\t\t\t\t\t\t\t<div class=\"elementor-element elementor-element-bfac1ba elementor-widget elementor-widget-text-editor\" data-id=\"bfac1ba\" data-element_type=\"widget\" data-widget_type=\"text-editor.default\">\n\t\t\t\t<div class=\"elementor-widget-container\">\n\t\t\t\t\t\t\t<p>Program premium de formare \u00een coaching profesionist \u00een care \u00eenve\u021bi:<\/p><p>\u2705 Despre capabilit\u0103\u021bile min\u021bii \u0219i cum te po\u021bi sus\u021bine \u00een toate etapele vie\u021bii tale, indiferent de provoc\u0103rile care apar;<\/p><p>\u2705 S\u0103 performezi pe termen lung sau s\u0103 faci schimb\u0103ri \u00een carier\u0103, aliniate identit\u0103\u021bii tale;<\/p><p>\u2705 Cum s\u0103 devii un lider inspira\u021bional \u0219i s\u0103 gestionezi mai bine rela\u021bia cu membrii echipei tale;<\/p><p>\u2705 S\u0103 dob\u00e2nde\u0219ti claritate privind prioritizarea lucrurilor cu adev\u0103rat importante pentru tine;<\/p><p>\u2705 S\u0103 devii con\u0219tient asupra direc\u021biei pe care s\u0103 o urmezi \u00een via\u021b\u0103;<\/p><p>\u2705 S\u0103 dezvol\u021bi un mod de a g\u00e2ndi care te \u00eemputernice\u0219te, eliberat de credin\u021be limitative sau auto-sabotaje;<\/p><p>\u2705 S\u0103 reu\u0219e\u0219ti s\u0103 accesezi acele resurse care te ajut\u0103 s\u0103 te dezvol\u021bi;<\/p><p>\u2705 Motivele pentru care nu ai reu\u0219it, p\u00e2n\u0103 acum, s\u0103 \u00ee\u021bi urmezi planurile, ai am\u00e2nat sau pentru care nu \u021bi-ai atins obiectivele;<\/p><p>\u2705 Cum s\u0103 dezvol\u021bi conexiuni autentice, ceea ce \u00ee\u021bi va cre\u0219te num\u0103rul de interac\u021biuni calitative cu clien\u021bii, \u0219efii, colegii, partenerii de via\u021b\u0103.<\/p><p>Acest training, derulat pe parcursul a 10 s\u0103pt\u0103m\u00e2ni (de 2x\/s\u0103pt\u0103m\u00e2n\u0103) \u0219i dup\u0103 sus\u021binerea examenului, se finalizeaz\u0103 cu acreditare ANC (\u201dSpecialist \u00een activitatea de coaching\u201d).<\/p><p>Programul cu o structur\u0103 patentat\u0103, bazat\u0103 pe psihologie pozitiv\u0103, neuro\u0219tiin\u021b\u0103, coaching sistemic \u0219i transforma\u021bional, a fost ales de profesioni\u0219ti din domenii variate, manageri middle&amp;top, HR business partners, team-leaderi, jurnali\u0219ti, psihoterapeu\u021bi, consilieri, contabili, medici etc.<\/p><p>Dup\u0103 absolvirea cursului, ai posibilitatea, fie s\u0103 \u00eembr\u0103\u021bi\u0219ezi meseria de \u201dcoach\u201d, fie s\u0103 aplici metodele \u0219i instrumentele \u00eenv\u0103\u021bate \u00een context organiza\u021bional sau personal.<\/p><p>Pentru c\u0103 ne dorim s\u0103 \u00eemp\u0103rt\u0103\u0219im beneficiile acestei \u0219tiin\u021be \u0219i \u00een acela\u0219i timp, arte, c\u00e2t mai multor profesioni\u0219ti, te po\u021bi bucura de valoarea \u201dearly-bird\u201d (reducere de 250 eur din valoarea total\u0103 a cursului), p\u00e2n\u0103 \u00een 15 august. \ud83c\udf81<\/p><p>Investe\u0219te \u00een tine, \u00een propria dezvoltare, este darul de nepre\u021buit care r\u0103m\u00e2ne cu tine \u0219i te ajut\u0103 \u00een gestionarea s\u0103n\u0103toasa a provoc\u0103rilor vie\u021bii!<\/p>\t\t\t\t\t\t<\/div>\n\t\t\t\t<\/div>\n\t\t\t\t\t<\/div>\r\n\t\t\t\t<\/div>\r\n\t\t\t\t\t\t<\/div>\r\n\t\t\t\t<\/section>\r\n\t\t\t\t<section class=\"elementor-section elementor-top-section elementor-element elementor-element-7a2c488 elementor-section-boxed elementor-section-height-default elementor-section-height-default\" data-id=\"7a2c488\" data-element_type=\"section\" data-settings=\"{&quot;background_background&quot;:&quot;classic&quot;}\">\r\n\t\t\t\r\n\t\t\t\t\t\t\t\t\t<div class=\"elementor-container elementor-column-gap-default\">\r\n\t\t\t\t\t\t\t\t\t\t\t<div class=\"elementor-column elementor-col-50 elementor-top-column elementor-element elementor-element-c34c9a0\" data-id=\"c34c9a0\" data-element_type=\"column\">\r\n\r\n\t\t\t\t\t<div class=\"elementor-widget-wrap\">\r\n\t\t\t\t\t\t\t\t\t<\/div>\r\n\t\t\t\t<\/div>\r\n\t\t\t\t<div class=\"elementor-column elementor-col-50 elementor-top-column elementor-element elementor-element-ac96185\" data-id=\"ac96185\" data-element_type=\"column\">\r\n\r\n\t\t\t\t\t<div class=\"elementor-widget-wrap\">\r\n\t\t\t\t\t\t\t\t\t<\/div>\r\n\t\t\t\t<\/div>\r\n\t\t\t\t\t\t<\/div>\r\n\t\t\t\t<\/section>\r\n\t\t\t\t<section class=\"elementor-section elementor-top-section elementor-element elementor-element-42945c8 elementor-section-boxed elementor-section-height-default elementor-section-height-default\" data-id=\"42945c8\" data-element_type=\"section\">\r\n\t\t\t\r\n\t\t\t\t\t\t\t\t\t<div class=\"elementor-container elementor-column-gap-default\">\r\n\t\t\t\t\t\t\t\t\t\t\t<div class=\"elementor-column elementor-col-100 elementor-top-column elementor-element elementor-element-076f806\" data-id=\"076f806\" data-element_type=\"column\">\r\n\r\n\t\t\t\t\t<div class=\"elementor-widget-wrap\">\r\n\t\t\t\t\t\t\t\t\t<\/div>\r\n\t\t\t\t<\/div>\r\n\t\t\t\t\t\t<\/div>\r\n\t\t\t\t<\/section>\r\n\t\t\t\t<section class=\"elementor-section elementor-top-section elementor-element elementor-element-57e2d74 elementor-section-boxed elementor-section-height-default elementor-section-height-default\" data-id=\"57e2d74\" data-element_type=\"section\" data-settings=\"{&quot;background_background&quot;:&quot;classic&quot;}\">\r\n\t\t\t\r\n\t\t\t\t\t\t\t\t\t<div class=\"elementor-container elementor-column-gap-default\">\r\n\t\t\t\t\t\t\t\t\t\t\t<div class=\"elementor-column elementor-col-100 elementor-top-column elementor-element elementor-element-156ad11\" data-id=\"156ad11\" data-element_type=\"column\">\r\n\r\n\t\t\t\t\t<div class=\"elementor-widget-wrap elementor-element-populated\">\r\n\t\t\t\t\t\t\t\t<div class=\"elementor-element elementor-element-ea2b492 elementor-widget__width-auto elementor-widget elementor-widget-porto_info_box\" data-id=\"ea2b492\" data-element_type=\"widget\" data-widget_type=\"porto_info_box.default\">\n\t\t\t\t<div class=\"elementor-widget-container\">\n\t\t\t<div class=\"porto-sicon-box style_1 default-icon\"><div class=\"porto-sicon-default\"><div class=\"porto-just-icon-wrapper porto-icon none\" style=\"\"><i class=\"fas fa-info-circle\"><\/i><\/div><\/div><div class=\"porto-sicon-header\"><h2 class=\"porto-sicon-title\" style=\"\">Cursul se finalizeaz\u0103 cu acreditare na\u021bional\u0103 (ANC).<\/h2><\/div> <!-- header --><\/div><!-- porto-sicon-box -->\t\t<\/div>\n\t\t\t\t<\/div>\n\t\t\t\t\t<\/div>\r\n\t\t\t\t<\/div>\r\n\t\t\t\t\t\t<\/div>\r\n\t\t\t\t<\/section>\r\n\t\t\t\t<section class=\"elementor-section elementor-top-section elementor-element elementor-element-44f3b80 elementor-section-boxed elementor-section-height-default elementor-section-height-default\" data-id=\"44f3b80\" data-element_type=\"section\">\r\n\t\t\t\r\n\t\t\t\t\t\t\t\t\t<div class=\"elementor-container elementor-column-gap-default\">\r\n\t\t\t\t\t\t\t\t\t\t\t<div class=\"elementor-column elementor-col-100 elementor-top-column elementor-element elementor-element-847322d\" data-id=\"847322d\" data-element_type=\"column\">\r\n\r\n\t\t\t\t\t<div class=\"elementor-widget-wrap elementor-element-populated\">\r\n\t\t\t\t\t\t\t\t<div class=\"elementor-element elementor-element-5028516 elementor-align-center elementor-widget elementor-widget-button\" data-id=\"5028516\" data-element_type=\"widget\" data-widget_type=\"button.default\">\n\t\t\t\t<div class=\"elementor-widget-container\">\n\t\t\t\t\t<div class=\"elementor-button-wrapper\">\n\t\t\t<a class=\"elementor-button elementor-button-link elementor-size-md\" href=\"https:\/\/wa.me\/40723585850?text=%C3%8Enscriere%20retreat\" target=\"_blank\">\n\t\t\t\t\t\t<span class=\"elementor-button-content-wrapper\">\n\t\t\t\t\t\t<span class=\"elementor-button-icon elementor-align-icon-right\">\n\t\t\t\t<i aria-hidden=\"true\" class=\"fab fa-whatsapp\"><\/i>\t\t\t<\/span>\n\t\t\t\t\t\t<span class=\"elementor-button-text\">\u00censcrie-te sau cere detalii<\/span>\n\t\t<\/span>\n\t\t\t\t\t<\/a>\n\t\t<\/div>\n\t\t\t\t<\/div>\n\t\t\t\t<\/div>\n\t\t\t\t\t<\/div>\r\n\t\t\t\t<\/div>\r\n\t\t\t\t\t\t<\/div>\r\n\t\t\t\t<\/section>\r\n\t\t\t\t\t\t\t<\/div>","protected":false},"excerpt":{"rendered":"<p>Sign up or ask for details here Program premium de formare \u00een coaching profesionist \u00een care \u00eenve\u021bi: \u2705 Despre capabilit\u0103\u021bile min\u021bii \u0219i cum te po\u021bi sus\u021bine \u00een toate etapele vie\u021bii tale, indiferent de provoc\u0103rile care apar; \u2705 S\u0103 performezi pe termen lung sau s\u0103 faci schimb\u0103ri \u00een carier\u0103, aliniate identit\u0103\u021bii tale; \u2705 Cum s\u0103 devii [&hellip;]<\/p>","protected":false},"author":5,"featured_media":0,"parent":0,"menu_order":0,"comment_status":"closed","ping_status":"closed","template":"","meta":{"footnotes":""},"class_list":["post-6879","page","type-page","status-publish","hentry"],"yoast_head":"<!-- This site is optimized with the Yoast SEO plugin v22.8 - https:\/\/yoast.com\/wordpress\/plugins\/seo\/ -->\n<title>Curs PREMIUM: FORMARE \u00ceN COACHING TRANSFORMA\u021aIONAL - Mindset Evolution<\/title>\n<meta name=\"robots\" content=\"index, follow, max-snippet:-1, max-image-preview:large, max-video-preview:-1\" \/>\n<link rel=\"canonical\" href=\"https:\/\/mindsetevolution.ro\/ro\/curs-premium-formare-in-coaching-transformational\/\" \/>\n<meta property=\"og:locale\" content=\"ro_RO\" \/>\n<meta property=\"og:type\" content=\"article\" \/>\n<meta property=\"og:title\" content=\"Curs PREMIUM: FORMARE \u00ceN COACHING TRANSFORMA\u021aIONAL - Mindset Evolution\" \/>\n<meta property=\"og:description\" content=\"Sign up or ask for details here Program premium de formare \u00een coaching profesionist \u00een care \u00eenve\u021bi: \u2705 Despre capabilit\u0103\u021bile min\u021bii \u0219i cum te po\u021bi sus\u021bine \u00een toate etapele vie\u021bii tale, indiferent de provoc\u0103rile care apar; \u2705 S\u0103 performezi pe termen lung sau s\u0103 faci schimb\u0103ri \u00een carier\u0103, aliniate identit\u0103\u021bii tale; \u2705 Cum s\u0103 devii [&hellip;]\" \/>\n<meta property=\"og:url\" content=\"https:\/\/mindsetevolution.ro\/ro\/curs-premium-formare-in-coaching-transformational\/\" \/>\n<meta property=\"og:site_name\" content=\"Mindset Evolution\" \/>\n<meta property=\"article:publisher\" content=\"https:\/\/www.facebook.com\/Xpress-Coaching-100769995616687\" \/>\n<meta property=\"article:modified_time\" content=\"2024-09-10T09:28:53+00:00\" \/>\n<meta property=\"og:image\" content=\"https:\/\/mindsetevolution.ro\/wp-content\/uploads\/2024\/08\/a.png\" \/>\n<meta name=\"twitter:card\" content=\"summary_large_image\" \/>\n<meta name=\"twitter:label1\" content=\"Timp estimat pentru citire\" \/>\n\t<meta name=\"twitter:data1\" content=\"2 minute\" \/>\n<script type=\"application\/ld+json\" class=\"yoast-schema-graph\">{\"@context\":\"https:\/\/schema.org\",\"@graph\":[{\"@type\":\"WebPage\",\"@id\":\"https:\/\/mindsetevolution.ro\/curs-premium-formare-in-coaching-transformational\/\",\"url\":\"https:\/\/mindsetevolution.ro\/curs-premium-formare-in-coaching-transformational\/\",\"name\":\"Curs PREMIUM: FORMARE \u00ceN COACHING TRANSFORMA\u021aIONAL - Mindset Evolution\",\"isPartOf\":{\"@id\":\"https:\/\/mindsetevolution.ro\/#website\"},\"primaryImageOfPage\":{\"@id\":\"https:\/\/mindsetevolution.ro\/curs-premium-formare-in-coaching-transformational\/#primaryimage\"},\"image\":{\"@id\":\"https:\/\/mindsetevolution.ro\/curs-premium-formare-in-coaching-transformational\/#primaryimage\"},\"thumbnailUrl\":\"https:\/\/mindsetevolution.ro\/wp-content\/uploads\/2024\/08\/a.png\",\"datePublished\":\"2023-09-18T18:07:11+00:00\",\"dateModified\":\"2024-09-10T09:28:53+00:00\",\"breadcrumb\":{\"@id\":\"https:\/\/mindsetevolution.ro\/curs-premium-formare-in-coaching-transformational\/#breadcrumb\"},\"inLanguage\":\"ro-RO\",\"potentialAction\":[{\"@type\":\"ReadAction\",\"target\":[\"https:\/\/mindsetevolution.ro\/curs-premium-formare-in-coaching-transformational\/\"]}]},{\"@type\":\"ImageObject\",\"inLanguage\":\"ro-RO\",\"@id\":\"https:\/\/mindsetevolution.ro\/curs-premium-formare-in-coaching-transformational\/#primaryimage\",\"url\":\"https:\/\/mindsetevolution.ro\/wp-content\/uploads\/2024\/08\/a.png\",\"contentUrl\":\"https:\/\/mindsetevolution.ro\/wp-content\/uploads\/2024\/08\/a.png\"},{\"@type\":\"BreadcrumbList\",\"@id\":\"https:\/\/mindsetevolution.ro\/curs-premium-formare-in-coaching-transformational\/#breadcrumb\",\"itemListElement\":[{\"@type\":\"ListItem\",\"position\":1,\"name\":\"Home\",\"item\":\"https:\/\/mindsetevolution.ro\/\"},{\"@type\":\"ListItem\",\"position\":2,\"name\":\"Curs PREMIUM: FORMARE \u00ceN COACHING TRANSFORMA\u021aIONAL\"}]},{\"@type\":\"WebSite\",\"@id\":\"https:\/\/mindsetevolution.ro\/#website\",\"url\":\"https:\/\/mindsetevolution.ro\/\",\"name\":\"Mindset Evolution\",\"description\":\"A journey of the self.\u201d The light in me greets the light in you\u201d\",\"publisher\":{\"@id\":\"https:\/\/mindsetevolution.ro\/#organization\"},\"potentialAction\":[{\"@type\":\"SearchAction\",\"target\":{\"@type\":\"EntryPoint\",\"urlTemplate\":\"https:\/\/mindsetevolution.ro\/?s={search_term_string}\"},\"query-input\":\"required name=search_term_string\"}],\"inLanguage\":\"ro-RO\"},{\"@type\":\"Organization\",\"@id\":\"https:\/\/mindsetevolution.ro\/#organization\",\"name\":\"xpresscoaching\",\"url\":\"https:\/\/mindsetevolution.ro\/\",\"logo\":{\"@type\":\"ImageObject\",\"inLanguage\":\"ro-RO\",\"@id\":\"https:\/\/mindsetevolution.ro\/#\/schema\/logo\/image\/\",\"url\":\"https:\/\/mindsetevolution.ro\/wp-content\/uploads\/2021\/09\/Logo-Xpress-Coaching-1-scaled.jpg\",\"contentUrl\":\"https:\/\/mindsetevolution.ro\/wp-content\/uploads\/2021\/09\/Logo-Xpress-Coaching-1-scaled.jpg\",\"width\":2560,\"height\":1048,\"caption\":\"xpresscoaching\"},\"image\":{\"@id\":\"https:\/\/mindsetevolution.ro\/#\/schema\/logo\/image\/\"},\"sameAs\":[\"https:\/\/www.facebook.com\/Xpress-Coaching-100769995616687\",\"https:\/\/www.instagram.com\/xpress.coaching\/\",\"https:\/\/ro.linkedin.com\/in\/magda-lemnaru-38981a7a\"]}]}<\/script>\n<!-- \/ Yoast SEO plugin. -->","yoast_head_json":{"title":"Curs PREMIUM: FORMARE \u00ceN COACHING TRANSFORMA\u021aIONAL - Mindset Evolution","robots":{"index":"index","follow":"follow","max-snippet":"max-snippet:-1","max-image-preview":"max-image-preview:large","max-video-preview":"max-video-preview:-1"},"canonical":"https:\/\/mindsetevolution.ro\/ro\/curs-premium-formare-in-coaching-transformational\/","og_locale":"ro_RO","og_type":"article","og_title":"Curs PREMIUM: FORMARE \u00ceN COACHING TRANSFORMA\u021aIONAL - Mindset Evolution","og_description":"Sign up or ask for details here Program premium de formare \u00een coaching profesionist \u00een care \u00eenve\u021bi: \u2705 Despre capabilit\u0103\u021bile min\u021bii \u0219i cum te po\u021bi sus\u021bine \u00een toate etapele vie\u021bii tale, indiferent de provoc\u0103rile care apar; \u2705 S\u0103 performezi pe termen lung sau s\u0103 faci schimb\u0103ri \u00een carier\u0103, aliniate identit\u0103\u021bii tale; \u2705 Cum s\u0103 devii [&hellip;]","og_url":"https:\/\/mindsetevolution.ro\/ro\/curs-premium-formare-in-coaching-transformational\/","og_site_name":"Mindset Evolution","article_publisher":"https:\/\/www.facebook.com\/Xpress-Coaching-100769995616687","article_modified_time":"2024-09-10T09:28:53+00:00","og_image":[{"url":"https:\/\/mindsetevolution.ro\/wp-content\/uploads\/2024\/08\/a.png"}],"twitter_card":"summary_large_image","twitter_misc":{"Timp estimat pentru citire":"2 minute"},"schema":{"@context":"https:\/\/schema.org","@graph":[{"@type":"WebPage","@id":"https:\/\/mindsetevolution.ro\/curs-premium-formare-in-coaching-transformational\/","url":"https:\/\/mindsetevolution.ro\/curs-premium-formare-in-coaching-transformational\/","name":"Curs PREMIUM: FORMARE \u00ceN COACHING TRANSFORMA\u021aIONAL - Mindset Evolution","isPartOf":{"@id":"https:\/\/mindsetevolution.ro\/#website"},"primaryImageOfPage":{"@id":"https:\/\/mindsetevolution.ro\/curs-premium-formare-in-coaching-transformational\/#primaryimage"},"image":{"@id":"https:\/\/mindsetevolution.ro\/curs-premium-formare-in-coaching-transformational\/#primaryimage"},"thumbnailUrl":"https:\/\/mindsetevolution.ro\/wp-content\/uploads\/2024\/08\/a.png","datePublished":"2023-09-18T18:07:11+00:00","dateModified":"2024-09-10T09:28:53+00:00","breadcrumb":{"@id":"https:\/\/mindsetevolution.ro\/curs-premium-formare-in-coaching-transformational\/#breadcrumb"},"inLanguage":"ro-RO","potentialAction":[{"@type":"ReadAction","target":["https:\/\/mindsetevolution.ro\/curs-premium-formare-in-coaching-transformational\/"]}]},{"@type":"ImageObject","inLanguage":"ro-RO","@id":"https:\/\/mindsetevolution.ro\/curs-premium-formare-in-coaching-transformational\/#primaryimage","url":"https:\/\/mindsetevolution.ro\/wp-content\/uploads\/2024\/08\/a.png","contentUrl":"https:\/\/mindsetevolution.ro\/wp-content\/uploads\/2024\/08\/a.png"},{"@type":"BreadcrumbList","@id":"https:\/\/mindsetevolution.ro\/curs-premium-formare-in-coaching-transformational\/#breadcrumb","itemListElement":[{"@type":"ListItem","position":1,"name":"Home","item":"https:\/\/mindsetevolution.ro\/"},{"@type":"ListItem","position":2,"name":"Curs PREMIUM: FORMARE \u00ceN COACHING TRANSFORMA\u021aIONAL"}]},{"@type":"WebSite","@id":"https:\/\/mindsetevolution.ro\/#website","url":"https:\/\/mindsetevolution.ro\/","name":"Mindset Evolution","description":"A journey of the self.\u201d The light in me greets the light in you\u201d","publisher":{"@id":"https:\/\/mindsetevolution.ro\/#organization"},"potentialAction":[{"@type":"SearchAction","target":{"@type":"EntryPoint","urlTemplate":"https:\/\/mindsetevolution.ro\/?s={search_term_string}"},"query-input":"required name=search_term_string"}],"inLanguage":"ro-RO"},{"@type":"Organization","@id":"https:\/\/mindsetevolution.ro\/#organization","name":"xpresscoaching","url":"https:\/\/mindsetevolution.ro\/","logo":{"@type":"ImageObject","inLanguage":"ro-RO","@id":"https:\/\/mindsetevolution.ro\/#\/schema\/logo\/image\/","url":"https:\/\/mindsetevolution.ro\/wp-content\/uploads\/2021\/09\/Logo-Xpress-Coaching-1-scaled.jpg","contentUrl":"https:\/\/mindsetevolution.ro\/wp-content\/uploads\/2021\/09\/Logo-Xpress-Coaching-1-scaled.jpg","width":2560,"height":1048,"caption":"xpresscoaching"},"image":{"@id":"https:\/\/mindsetevolution.ro\/#\/schema\/logo\/image\/"},"sameAs":["https:\/\/www.facebook.com\/Xpress-Coaching-100769995616687","https:\/\/www.instagram.com\/xpress.coaching\/","https:\/\/ro.linkedin.com\/in\/magda-lemnaru-38981a7a"]}]}},"_links":{"self":[{"href":"https:\/\/mindsetevolution.ro\/ro\/wp-json\/wp\/v2\/pages\/6879","targetHints":{"allow":["GET"]}}],"collection":[{"href":"https:\/\/mindsetevolution.ro\/ro\/wp-json\/wp\/v2\/pages"}],"about":[{"href":"https:\/\/mindsetevolution.ro\/ro\/wp-json\/wp\/v2\/types\/page"}],"author":[{"embeddable":true,"href":"https:\/\/mindsetevolution.ro\/ro\/wp-json\/wp\/v2\/users\/5"}],"replies":[{"embeddable":true,"href":"https:\/\/mindsetevolution.ro\/ro\/wp-json\/wp\/v2\/comments?post=6879"}],"version-history":[{"count":28,"href":"https:\/\/mindsetevolution.ro\/ro\/wp-json\/wp\/v2\/pages\/6879\/revisions"}],"predecessor-version":[{"id":7501,"href":"https:\/\/mindsetevolution.ro\/ro\/wp-json\/wp\/v2\/pages\/6879\/revisions\/7501"}],"wp:attachment":[{"href":"https:\/\/mindsetevolution.ro\/ro\/wp-json\/wp\/v2\/media?parent=6879"}],"curies":[{"name":"wp","href":"https:\/\/api.w.org\/{rel}","templated":true}]}}