{"id":6867,"date":"2023-09-18T20:51:19","date_gmt":"2023-09-18T17:51:19","guid":{"rendered":"https:\/\/mindsetevolution.ro\/?page_id=6867"},"modified":"2024-09-10T12:18:50","modified_gmt":"2024-09-10T09:18:50","slug":"back-on-track-move-beyond-burnout","status":"publish","type":"page","link":"https:\/\/mindsetevolution.ro\/ro\/back-on-track-move-beyond-burnout\/","title":{"rendered":"Back on Track \u2013 Move beyond burnout!"},"content":{"rendered":"<div data-elementor-type=\"wp-page\" data-elementor-id=\"6867\" class=\"elementor elementor-6867\">\n\t\t\t\t\t\t\t\t\t<section class=\"elementor-section elementor-top-section elementor-element elementor-element-5511703 elementor-section-boxed elementor-section-height-default elementor-section-height-default\" data-id=\"5511703\" data-element_type=\"section\" data-settings=\"{&quot;background_background&quot;:&quot;classic&quot;}\">\r\n\t\t\t\r\n\t\t\t\t\t\t\t\t\t<div class=\"elementor-container elementor-column-gap-no\">\r\n\t\t\t\t\t\t\t\t\t\t\t<div class=\"elementor-column elementor-col-100 elementor-top-column elementor-element elementor-element-2e7386e\" data-id=\"2e7386e\" data-element_type=\"column\">\r\n\r\n\t\t\t\t\t<div class=\"elementor-widget-wrap elementor-element-populated\">\r\n\t\t\t\t\t\t\t\t<section class=\"elementor-section elementor-inner-section elementor-element elementor-element-e99dfd2 elementor-section-content-middle elementor-section-boxed elementor-section-height-default elementor-section-height-default\" data-id=\"e99dfd2\" data-element_type=\"section\">\r\n\t\t\t\r\n\t\t\t\t\t\t\t\t\t<div class=\"elementor-container elementor-column-gap-no\">\r\n\t\t\t\t\t\t\t\t\t\t\t<div class=\"elementor-column elementor-col-100 elementor-inner-column elementor-element elementor-element-0e26199\" data-id=\"0e26199\" data-element_type=\"column\">\r\n\r\n\t\t\t\t\t<div class=\"elementor-widget-wrap elementor-element-populated\">\r\n\t\t\t\t\t\t\t\t<div class=\"elementor-element elementor-element-2546798 elementor-widget elementor-widget-image\" data-id=\"2546798\" data-element_type=\"widget\" data-widget_type=\"image.default\">\n\t\t\t\t<div class=\"elementor-widget-container\">\n\t\t\t\t\t\t\t\t\t\t\t\t\t\t\t<img fetchpriority=\"high\" decoding=\"async\" width=\"789\" height=\"442\" src=\"https:\/\/mindsetevolution.ro\/wp-content\/uploads\/2024\/08\/e.png\" class=\"attachment-full size-full wp-image-7411\" alt=\"\" srcset=\"https:\/\/mindsetevolution.ro\/wp-content\/uploads\/2024\/08\/e.png 789w, https:\/\/mindsetevolution.ro\/wp-content\/uploads\/2024\/08\/e-640x359.png 640w, https:\/\/mindsetevolution.ro\/wp-content\/uploads\/2024\/08\/e-768x430.png 768w, https:\/\/mindsetevolution.ro\/wp-content\/uploads\/2024\/08\/e-400x224.png 400w, https:\/\/mindsetevolution.ro\/wp-content\/uploads\/2024\/08\/e-600x336.png 600w\" sizes=\"(max-width: 789px) 100vw, 789px\" \/>\t\t\t\t\t\t\t\t\t\t\t\t\t\t\t<\/div>\n\t\t\t\t<\/div>\n\t\t\t\t\t<\/div>\r\n\t\t\t\t<\/div>\r\n\t\t\t\t\t\t<\/div>\r\n\t\t\t\t<\/section>\r\n\t\t\t\t\t<\/div>\r\n\t\t\t\t<\/div>\r\n\t\t\t\t\t\t<\/div>\r\n\t\t\t\t<\/section>\r\n\t\t\t\t<section class=\"elementor-section elementor-top-section elementor-element elementor-element-827fc03 elementor-section-boxed elementor-section-height-default elementor-section-height-default\" data-id=\"827fc03\" data-element_type=\"section\">\r\n\t\t\t\r\n\t\t\t\t\t\t\t\t\t<div class=\"elementor-container elementor-column-gap-default\">\r\n\t\t\t\t\t\t\t\t\t\t\t<div class=\"elementor-column elementor-col-100 elementor-top-column elementor-element elementor-element-c485f7f\" data-id=\"c485f7f\" data-element_type=\"column\">\r\n\r\n\t\t\t\t\t<div class=\"elementor-widget-wrap elementor-element-populated\">\r\n\t\t\t\t\t\t\t\t<div class=\"elementor-element elementor-element-96181df elementor-align-center elementor-widget elementor-widget-button\" data-id=\"96181df\" data-element_type=\"widget\" data-widget_type=\"button.default\">\n\t\t\t\t<div class=\"elementor-widget-container\">\n\t\t\t\t\t<div class=\"elementor-button-wrapper\">\n\t\t\t<a class=\"elementor-button elementor-button-link elementor-size-md\" href=\"https:\/\/wa.me\/40723585850?text=%C3%8Enscriere%20retreat\" target=\"_blank\">\n\t\t\t\t\t\t<span class=\"elementor-button-content-wrapper\">\n\t\t\t\t\t\t<span class=\"elementor-button-icon elementor-align-icon-right\">\n\t\t\t\t<i aria-hidden=\"true\" class=\"fab fa-whatsapp\"><\/i>\t\t\t<\/span>\n\t\t\t\t\t\t<span class=\"elementor-button-text\">\u00censcrie-te sau cere detalii<\/span>\n\t\t<\/span>\n\t\t\t\t\t<\/a>\n\t\t<\/div>\n\t\t\t\t<\/div>\n\t\t\t\t<\/div>\n\t\t\t\t\t<\/div>\r\n\t\t\t\t<\/div>\r\n\t\t\t\t\t\t<\/div>\r\n\t\t\t\t<\/section>\r\n\t\t\t\t<section class=\"elementor-section elementor-top-section elementor-element elementor-element-1936ed3 elementor-section-boxed elementor-section-height-default elementor-section-height-default\" data-id=\"1936ed3\" data-element_type=\"section\">\r\n\t\t\t\r\n\t\t\t\t\t\t\t\t\t<div class=\"elementor-container elementor-column-gap-default\">\r\n\t\t\t\t\t\t\t\t\t\t\t<div class=\"elementor-column elementor-col-100 elementor-top-column elementor-element elementor-element-66bc844\" data-id=\"66bc844\" data-element_type=\"column\">\r\n\r\n\t\t\t\t\t<div class=\"elementor-widget-wrap elementor-element-populated\">\r\n\t\t\t\t\t\t\t\t<div class=\"elementor-element elementor-element-94104fe elementor-widget elementor-widget-heading\" data-id=\"94104fe\" data-element_type=\"widget\" data-widget_type=\"heading.default\">\n\t\t\t\t<div class=\"elementor-widget-container\">\n\t\t\t<h1 class=\"elementor-heading-title elementor-size-default\">Structura succinta a programului \"Back on Track\":<\/h1>\t\t<\/div>\n\t\t\t\t<\/div>\n\t\t\t\t\t<\/div>\r\n\t\t\t\t<\/div>\r\n\t\t\t\t\t\t<\/div>\r\n\t\t\t\t<\/section>\r\n\t\t\t\t<section class=\"elementor-section elementor-top-section elementor-element elementor-element-b36ca38 elementor-section-boxed elementor-section-height-default elementor-section-height-default\" data-id=\"b36ca38\" data-element_type=\"section\">\r\n\t\t\t\r\n\t\t\t\t\t\t\t\t\t<div class=\"elementor-container elementor-column-gap-default\">\r\n\t\t\t\t\t\t\t\t\t\t\t<div class=\"elementor-column elementor-col-100 elementor-top-column elementor-element elementor-element-c91fca9\" data-id=\"c91fca9\" data-element_type=\"column\">\r\n\r\n\t\t\t\t\t<div class=\"elementor-widget-wrap elementor-element-populated\">\r\n\t\t\t\t\t\t\t\t<div class=\"elementor-element elementor-element-0741220 elementor-position-left elementor-vertical-align-middle elementor-view-default elementor-mobile-position-top elementor-widget elementor-widget-icon-box\" data-id=\"0741220\" data-element_type=\"widget\" data-widget_type=\"icon-box.default\">\n\t\t\t\t<div class=\"elementor-widget-container\">\n\t\t\t\t\t<div class=\"elementor-icon-box-wrapper\">\n\t\t\t\t\t\t<div class=\"elementor-icon-box-icon\">\n\t\t\t\t<span  class=\"elementor-icon elementor-animation-\">\n\t\t\t\t<i aria-hidden=\"true\" class=\"fas fa-bullseye\"><\/i>\t\t\t\t<\/span>\n\t\t\t<\/div>\n\t\t\t\t\t\t<div class=\"elementor-icon-box-content\">\n\t\t\t\t<h3 class=\"elementor-icon-box-title\">\n\t\t\t\t\t<span  >\n\t\t\t\t\t\tLuna 1: RECOGNIZE\t\t\t\t\t<\/span>\n\t\t\t\t<\/h3>\n\t\t\t\t\t\t\t\t\t<p class=\"elementor-icon-box-description\">\n\t\t\t\t\t\tIdentificarea blocajelor, a tiparelor sabotoare; cresterea con\u0219tientiz\u0103rii asupra unor comportamente\/ac\u021biuni care NU sunt \u00een acord cu IDENTITATEA ta (prima lun\u0103 este ca un \u201dassessment center\u201d \u00een care identific\u0103m starea prezent\u0103, folosim un kit de teste - personalitate, stres, valori, copil interior etc-)<br\/><br\/><center>\nInstrumentele folosite: <b>consultan\u021b\u0103, coaching, mentoring, neuro\u0219tiin\u021b\u0103<\/b><\/center>\t\t\t\t\t<\/p>\n\t\t\t\t\t\t\t<\/div>\n\t\t<\/div>\n\t\t\t\t<\/div>\n\t\t\t\t<\/div>\n\t\t\t\t<div class=\"elementor-element elementor-element-95312a1 elementor-position-left elementor-vertical-align-middle elementor-view-default elementor-mobile-position-top elementor-widget elementor-widget-icon-box\" data-id=\"95312a1\" data-element_type=\"widget\" data-widget_type=\"icon-box.default\">\n\t\t\t\t<div class=\"elementor-widget-container\">\n\t\t\t\t\t<div class=\"elementor-icon-box-wrapper\">\n\t\t\t\t\t\t<div class=\"elementor-icon-box-icon\">\n\t\t\t\t<span  class=\"elementor-icon elementor-animation-\">\n\t\t\t\t<i aria-hidden=\"true\" class=\"fas fa-bullseye\"><\/i>\t\t\t\t<\/span>\n\t\t\t<\/div>\n\t\t\t\t\t\t<div class=\"elementor-icon-box-content\">\n\t\t\t\t<h3 class=\"elementor-icon-box-title\">\n\t\t\t\t\t<span  >\n\t\t\t\t\t\tLuna 2: REFOCUS\t\t\t\t\t<\/span>\n\t\t\t\t<\/h3>\n\t\t\t\t\t\t\t\t\t<p class=\"elementor-icon-box-description\">\n\t\t\t\t\t\tRecadrarea perspectivei: postura de observator \u0219i protocolul \u201creverse memory\u201d (cea de-a doua lun\u0103 este despre NOUL focus, viziunea viitorului, s\u0103dim semin\u021be noi pe un \u201dteren\u201d deja fertil)<br\/><br\/><center>\nInstrumentele folosite: <b>mentoring, coaching, mindfulness<\/b><\/center>\t\t\t\t\t<\/p>\n\t\t\t\t\t\t\t<\/div>\n\t\t<\/div>\n\t\t\t\t<\/div>\n\t\t\t\t<\/div>\n\t\t\t\t<div class=\"elementor-element elementor-element-1fce1e4 elementor-position-left elementor-vertical-align-middle elementor-view-default elementor-mobile-position-top elementor-widget elementor-widget-icon-box\" data-id=\"1fce1e4\" data-element_type=\"widget\" data-widget_type=\"icon-box.default\">\n\t\t\t\t<div class=\"elementor-widget-container\">\n\t\t\t\t\t<div class=\"elementor-icon-box-wrapper\">\n\t\t\t\t\t\t<div class=\"elementor-icon-box-icon\">\n\t\t\t\t<span  class=\"elementor-icon elementor-animation-\">\n\t\t\t\t<i aria-hidden=\"true\" class=\"fas fa-bullseye\"><\/i>\t\t\t\t<\/span>\n\t\t\t<\/div>\n\t\t\t\t\t\t<div class=\"elementor-icon-box-content\">\n\t\t\t\t<h3 class=\"elementor-icon-box-title\">\n\t\t\t\t\t<span  >\n\t\t\t\t\t\tLuna 3: REBUILD\t\t\t\t\t<\/span>\n\t\t\t\t<\/h3>\n\t\t\t\t\t\t\t\t\t<p class=\"elementor-icon-box-description\">\n\t\t\t\t\t\tScalarea modalit\u0103\u021bii de ac\u021biune, implementarea obiceiurilor care te servesc (ultima luna din program este despre implementarea obiceiurilor benefice, cu mult\u0103 practic\u0103).<br\/><br\/><center>\nInstrumentele folosite: <b>consultan\u021b\u0103, coaching, mentoring, mindfulness, EFT.<\/b><\/center>\t\t\t\t\t<\/p>\n\t\t\t\t\t\t\t<\/div>\n\t\t<\/div>\n\t\t\t\t<\/div>\n\t\t\t\t<\/div>\n\t\t\t\t\t<\/div>\r\n\t\t\t\t<\/div>\r\n\t\t\t\t\t\t<\/div>\r\n\t\t\t\t<\/section>\r\n\t\t\t\t<section class=\"elementor-section elementor-top-section elementor-element elementor-element-fbbdb69 elementor-section-boxed elementor-section-height-default elementor-section-height-default\" data-id=\"fbbdb69\" data-element_type=\"section\" data-settings=\"{&quot;background_background&quot;:&quot;classic&quot;}\">\r\n\t\t\t\r\n\t\t\t\t\t\t\t\t\t<div class=\"elementor-container elementor-column-gap-default\">\r\n\t\t\t\t\t\t\t\t\t\t\t<div class=\"elementor-column elementor-col-100 elementor-top-column elementor-element elementor-element-b93c04d\" data-id=\"b93c04d\" data-element_type=\"column\">\r\n\r\n\t\t\t\t\t<div class=\"elementor-widget-wrap\">\r\n\t\t\t\t\t\t\t\t\t<\/div>\r\n\t\t\t\t<\/div>\r\n\t\t\t\t\t\t<\/div>\r\n\t\t\t\t<\/section>\r\n\t\t\t\t<section class=\"elementor-section elementor-top-section elementor-element elementor-element-7c68a8b elementor-section-boxed elementor-section-height-default elementor-section-height-default\" data-id=\"7c68a8b\" data-element_type=\"section\">\r\n\t\t\t\r\n\t\t\t\t\t\t\t\t\t<div class=\"elementor-container elementor-column-gap-default\">\r\n\t\t\t\t\t\t\t\t\t\t\t<div class=\"elementor-column elementor-col-100 elementor-top-column elementor-element elementor-element-a6c3345\" data-id=\"a6c3345\" data-element_type=\"column\">\r\n\r\n\t\t\t\t\t<div class=\"elementor-widget-wrap\">\r\n\t\t\t\t\t\t\t\t\t<\/div>\r\n\t\t\t\t<\/div>\r\n\t\t\t\t\t\t<\/div>\r\n\t\t\t\t<\/section>\r\n\t\t\t\t\t\t\t<\/div>","protected":false},"excerpt":{"rendered":"<p>Sign up or ask for details here Structura succinta a programului &#8220;Back on Track&#8221;: Luna 1: RECOGNIZE Identificarea blocajelor, a tiparelor sabotoare; cresterea con\u0219tientiz\u0103rii asupra unor comportamente\/ac\u021biuni care NU sunt \u00een acord cu IDENTITATEA ta (prima lun\u0103 este ca un \u201dassessment center\u201d \u00een care identific\u0103m starea prezent\u0103, folosim un kit de teste &#8211; personalitate, stres, [&hellip;]<\/p>","protected":false},"author":5,"featured_media":0,"parent":0,"menu_order":0,"comment_status":"closed","ping_status":"closed","template":"","meta":{"footnotes":""},"class_list":["post-6867","page","type-page","status-publish","hentry"],"yoast_head":"<!-- This site is optimized with the Yoast SEO plugin v22.8 - https:\/\/yoast.com\/wordpress\/plugins\/seo\/ -->\n<title>Back on Track \u2013 Move beyond burnout! - Mindset Evolution<\/title>\n<meta name=\"robots\" content=\"index, follow, max-snippet:-1, max-image-preview:large, max-video-preview:-1\" \/>\n<link rel=\"canonical\" href=\"https:\/\/mindsetevolution.ro\/ro\/back-on-track-move-beyond-burnout\/\" \/>\n<meta property=\"og:locale\" content=\"ro_RO\" \/>\n<meta property=\"og:type\" content=\"article\" \/>\n<meta property=\"og:title\" content=\"Back on Track \u2013 Move beyond burnout! - Mindset Evolution\" \/>\n<meta property=\"og:description\" content=\"Sign up or ask for details here Structura succinta a programului &#8220;Back on Track&#8221;: Luna 1: RECOGNIZE Identificarea blocajelor, a tiparelor sabotoare; cresterea con\u0219tientiz\u0103rii asupra unor comportamente\/ac\u021biuni care NU sunt \u00een acord cu IDENTITATEA ta (prima lun\u0103 este ca un \u201dassessment center\u201d \u00een care identific\u0103m starea prezent\u0103, folosim un kit de teste &#8211; personalitate, stres, [&hellip;]\" \/>\n<meta property=\"og:url\" content=\"https:\/\/mindsetevolution.ro\/ro\/back-on-track-move-beyond-burnout\/\" \/>\n<meta property=\"og:site_name\" content=\"Mindset Evolution\" \/>\n<meta property=\"article:publisher\" content=\"https:\/\/www.facebook.com\/Xpress-Coaching-100769995616687\" \/>\n<meta property=\"article:modified_time\" content=\"2024-09-10T09:18:50+00:00\" \/>\n<meta property=\"og:image\" content=\"https:\/\/mindsetevolution.ro\/wp-content\/uploads\/2024\/08\/e.png\" \/>\n<meta name=\"twitter:card\" content=\"summary_large_image\" \/>\n<meta name=\"twitter:label1\" content=\"Timp estimat pentru citire\" \/>\n\t<meta name=\"twitter:data1\" content=\"1 minut\" \/>\n<script type=\"application\/ld+json\" class=\"yoast-schema-graph\">{\"@context\":\"https:\/\/schema.org\",\"@graph\":[{\"@type\":\"WebPage\",\"@id\":\"https:\/\/mindsetevolution.ro\/back-on-track-move-beyond-burnout\/\",\"url\":\"https:\/\/mindsetevolution.ro\/back-on-track-move-beyond-burnout\/\",\"name\":\"Back on Track \u2013 Move beyond burnout! - Mindset Evolution\",\"isPartOf\":{\"@id\":\"https:\/\/mindsetevolution.ro\/#website\"},\"primaryImageOfPage\":{\"@id\":\"https:\/\/mindsetevolution.ro\/back-on-track-move-beyond-burnout\/#primaryimage\"},\"image\":{\"@id\":\"https:\/\/mindsetevolution.ro\/back-on-track-move-beyond-burnout\/#primaryimage\"},\"thumbnailUrl\":\"https:\/\/mindsetevolution.ro\/wp-content\/uploads\/2024\/08\/e.png\",\"datePublished\":\"2023-09-18T17:51:19+00:00\",\"dateModified\":\"2024-09-10T09:18:50+00:00\",\"breadcrumb\":{\"@id\":\"https:\/\/mindsetevolution.ro\/back-on-track-move-beyond-burnout\/#breadcrumb\"},\"inLanguage\":\"ro-RO\",\"potentialAction\":[{\"@type\":\"ReadAction\",\"target\":[\"https:\/\/mindsetevolution.ro\/back-on-track-move-beyond-burnout\/\"]}]},{\"@type\":\"ImageObject\",\"inLanguage\":\"ro-RO\",\"@id\":\"https:\/\/mindsetevolution.ro\/back-on-track-move-beyond-burnout\/#primaryimage\",\"url\":\"https:\/\/mindsetevolution.ro\/wp-content\/uploads\/2024\/08\/e.png\",\"contentUrl\":\"https:\/\/mindsetevolution.ro\/wp-content\/uploads\/2024\/08\/e.png\"},{\"@type\":\"BreadcrumbList\",\"@id\":\"https:\/\/mindsetevolution.ro\/back-on-track-move-beyond-burnout\/#breadcrumb\",\"itemListElement\":[{\"@type\":\"ListItem\",\"position\":1,\"name\":\"Home\",\"item\":\"https:\/\/mindsetevolution.ro\/\"},{\"@type\":\"ListItem\",\"position\":2,\"name\":\"Back on Track \u2013 Move beyond burnout!\"}]},{\"@type\":\"WebSite\",\"@id\":\"https:\/\/mindsetevolution.ro\/#website\",\"url\":\"https:\/\/mindsetevolution.ro\/\",\"name\":\"Mindset Evolution\",\"description\":\"A journey of the self.\u201d The light in me greets the light in you\u201d\",\"publisher\":{\"@id\":\"https:\/\/mindsetevolution.ro\/#organization\"},\"potentialAction\":[{\"@type\":\"SearchAction\",\"target\":{\"@type\":\"EntryPoint\",\"urlTemplate\":\"https:\/\/mindsetevolution.ro\/?s={search_term_string}\"},\"query-input\":\"required name=search_term_string\"}],\"inLanguage\":\"ro-RO\"},{\"@type\":\"Organization\",\"@id\":\"https:\/\/mindsetevolution.ro\/#organization\",\"name\":\"xpresscoaching\",\"url\":\"https:\/\/mindsetevolution.ro\/\",\"logo\":{\"@type\":\"ImageObject\",\"inLanguage\":\"ro-RO\",\"@id\":\"https:\/\/mindsetevolution.ro\/#\/schema\/logo\/image\/\",\"url\":\"https:\/\/mindsetevolution.ro\/wp-content\/uploads\/2021\/09\/Logo-Xpress-Coaching-1-scaled.jpg\",\"contentUrl\":\"https:\/\/mindsetevolution.ro\/wp-content\/uploads\/2021\/09\/Logo-Xpress-Coaching-1-scaled.jpg\",\"width\":2560,\"height\":1048,\"caption\":\"xpresscoaching\"},\"image\":{\"@id\":\"https:\/\/mindsetevolution.ro\/#\/schema\/logo\/image\/\"},\"sameAs\":[\"https:\/\/www.facebook.com\/Xpress-Coaching-100769995616687\",\"https:\/\/www.instagram.com\/xpress.coaching\/\",\"https:\/\/ro.linkedin.com\/in\/magda-lemnaru-38981a7a\"]}]}<\/script>\n<!-- \/ Yoast SEO plugin. -->","yoast_head_json":{"title":"Back on Track \u2013 Move beyond burnout! - Mindset Evolution","robots":{"index":"index","follow":"follow","max-snippet":"max-snippet:-1","max-image-preview":"max-image-preview:large","max-video-preview":"max-video-preview:-1"},"canonical":"https:\/\/mindsetevolution.ro\/ro\/back-on-track-move-beyond-burnout\/","og_locale":"ro_RO","og_type":"article","og_title":"Back on Track \u2013 Move beyond burnout! - Mindset Evolution","og_description":"Sign up or ask for details here Structura succinta a programului &#8220;Back on Track&#8221;: Luna 1: RECOGNIZE Identificarea blocajelor, a tiparelor sabotoare; cresterea con\u0219tientiz\u0103rii asupra unor comportamente\/ac\u021biuni care NU sunt \u00een acord cu IDENTITATEA ta (prima lun\u0103 este ca un \u201dassessment center\u201d \u00een care identific\u0103m starea prezent\u0103, folosim un kit de teste &#8211; personalitate, stres, [&hellip;]","og_url":"https:\/\/mindsetevolution.ro\/ro\/back-on-track-move-beyond-burnout\/","og_site_name":"Mindset Evolution","article_publisher":"https:\/\/www.facebook.com\/Xpress-Coaching-100769995616687","article_modified_time":"2024-09-10T09:18:50+00:00","og_image":[{"url":"https:\/\/mindsetevolution.ro\/wp-content\/uploads\/2024\/08\/e.png"}],"twitter_card":"summary_large_image","twitter_misc":{"Timp estimat pentru citire":"1 minut"},"schema":{"@context":"https:\/\/schema.org","@graph":[{"@type":"WebPage","@id":"https:\/\/mindsetevolution.ro\/back-on-track-move-beyond-burnout\/","url":"https:\/\/mindsetevolution.ro\/back-on-track-move-beyond-burnout\/","name":"Back on Track \u2013 Move beyond burnout! - Mindset Evolution","isPartOf":{"@id":"https:\/\/mindsetevolution.ro\/#website"},"primaryImageOfPage":{"@id":"https:\/\/mindsetevolution.ro\/back-on-track-move-beyond-burnout\/#primaryimage"},"image":{"@id":"https:\/\/mindsetevolution.ro\/back-on-track-move-beyond-burnout\/#primaryimage"},"thumbnailUrl":"https:\/\/mindsetevolution.ro\/wp-content\/uploads\/2024\/08\/e.png","datePublished":"2023-09-18T17:51:19+00:00","dateModified":"2024-09-10T09:18:50+00:00","breadcrumb":{"@id":"https:\/\/mindsetevolution.ro\/back-on-track-move-beyond-burnout\/#breadcrumb"},"inLanguage":"ro-RO","potentialAction":[{"@type":"ReadAction","target":["https:\/\/mindsetevolution.ro\/back-on-track-move-beyond-burnout\/"]}]},{"@type":"ImageObject","inLanguage":"ro-RO","@id":"https:\/\/mindsetevolution.ro\/back-on-track-move-beyond-burnout\/#primaryimage","url":"https:\/\/mindsetevolution.ro\/wp-content\/uploads\/2024\/08\/e.png","contentUrl":"https:\/\/mindsetevolution.ro\/wp-content\/uploads\/2024\/08\/e.png"},{"@type":"BreadcrumbList","@id":"https:\/\/mindsetevolution.ro\/back-on-track-move-beyond-burnout\/#breadcrumb","itemListElement":[{"@type":"ListItem","position":1,"name":"Home","item":"https:\/\/mindsetevolution.ro\/"},{"@type":"ListItem","position":2,"name":"Back on Track \u2013 Move beyond burnout!"}]},{"@type":"WebSite","@id":"https:\/\/mindsetevolution.ro\/#website","url":"https:\/\/mindsetevolution.ro\/","name":"Mindset Evolution","description":"A journey of the self.\u201d The light in me greets the light in you\u201d","publisher":{"@id":"https:\/\/mindsetevolution.ro\/#organization"},"potentialAction":[{"@type":"SearchAction","target":{"@type":"EntryPoint","urlTemplate":"https:\/\/mindsetevolution.ro\/?s={search_term_string}"},"query-input":"required name=search_term_string"}],"inLanguage":"ro-RO"},{"@type":"Organization","@id":"https:\/\/mindsetevolution.ro\/#organization","name":"xpresscoaching","url":"https:\/\/mindsetevolution.ro\/","logo":{"@type":"ImageObject","inLanguage":"ro-RO","@id":"https:\/\/mindsetevolution.ro\/#\/schema\/logo\/image\/","url":"https:\/\/mindsetevolution.ro\/wp-content\/uploads\/2021\/09\/Logo-Xpress-Coaching-1-scaled.jpg","contentUrl":"https:\/\/mindsetevolution.ro\/wp-content\/uploads\/2021\/09\/Logo-Xpress-Coaching-1-scaled.jpg","width":2560,"height":1048,"caption":"xpresscoaching"},"image":{"@id":"https:\/\/mindsetevolution.ro\/#\/schema\/logo\/image\/"},"sameAs":["https:\/\/www.facebook.com\/Xpress-Coaching-100769995616687","https:\/\/www.instagram.com\/xpress.coaching\/","https:\/\/ro.linkedin.com\/in\/magda-lemnaru-38981a7a"]}]}},"_links":{"self":[{"href":"https:\/\/mindsetevolution.ro\/ro\/wp-json\/wp\/v2\/pages\/6867","targetHints":{"allow":["GET"]}}],"collection":[{"href":"https:\/\/mindsetevolution.ro\/ro\/wp-json\/wp\/v2\/pages"}],"about":[{"href":"https:\/\/mindsetevolution.ro\/ro\/wp-json\/wp\/v2\/types\/page"}],"author":[{"embeddable":true,"href":"https:\/\/mindsetevolution.ro\/ro\/wp-json\/wp\/v2\/users\/5"}],"replies":[{"embeddable":true,"href":"https:\/\/mindsetevolution.ro\/ro\/wp-json\/wp\/v2\/comments?post=6867"}],"version-history":[{"count":38,"href":"https:\/\/mindsetevolution.ro\/ro\/wp-json\/wp\/v2\/pages\/6867\/revisions"}],"predecessor-version":[{"id":7492,"href":"https:\/\/mindsetevolution.ro\/ro\/wp-json\/wp\/v2\/pages\/6867\/revisions\/7492"}],"wp:attachment":[{"href":"https:\/\/mindsetevolution.ro\/ro\/wp-json\/wp\/v2\/media?parent=6867"}],"curies":[{"name":"wp","href":"https:\/\/api.w.org\/{rel}","templated":true}]}}