{"id":4577,"date":"2021-09-15T18:29:31","date_gmt":"2021-09-15T18:29:31","guid":{"rendered":"https:\/\/mindsetevolution.ro\/?page_id=4577"},"modified":"2022-02-28T16:53:30","modified_gmt":"2022-02-28T16:53:30","slug":"mindfulness-techniques","status":"publish","type":"page","link":"https:\/\/mindsetevolution.ro\/ro\/mindfulness-techniques\/","title":{"rendered":"Mindfulness techniques"},"content":{"rendered":"<div data-elementor-type=\"wp-page\" data-elementor-id=\"4577\" class=\"elementor elementor-4577\">\n\t\t\t\t\t\t\t\t\t<section class=\"elementor-section elementor-top-section elementor-element elementor-element-facb6ed elementor-section-boxed elementor-section-height-default elementor-section-height-default\" data-id=\"facb6ed\" data-element_type=\"section\">\r\n\t\t\t\r\n\t\t\t\t\t\t\t\t\t<div class=\"elementor-container elementor-column-gap-default\">\r\n\t\t\t\t\t\t\t\t\t\t\t<div class=\"elementor-column elementor-col-100 elementor-top-column elementor-element elementor-element-b3a212c\" data-id=\"b3a212c\" data-element_type=\"column\">\r\n\r\n\t\t\t\t\t<div class=\"elementor-widget-wrap elementor-element-populated\">\r\n\t\t\t\t\t\t\t\t<div class=\"elementor-element elementor-element-a27bd9f elementor-widget elementor-widget-image\" data-id=\"a27bd9f\" data-element_type=\"widget\" data-widget_type=\"image.default\">\n\t\t\t\t<div class=\"elementor-widget-container\">\n\t\t\t\t\t\t\t\t\t\t\t\t\t\t\t<img fetchpriority=\"high\" decoding=\"async\" width=\"1140\" height=\"641\" src=\"https:\/\/mindsetevolution.ro\/wp-content\/uploads\/2022\/02\/Design-fa\u0306ra\u0306-titlu-41-1280x720.png\" class=\"attachment-large size-large wp-image-5702\" alt=\"\" srcset=\"https:\/\/mindsetevolution.ro\/wp-content\/uploads\/2022\/02\/Design-fa\u0306ra\u0306-titlu-41-640x360.png 640w, https:\/\/mindsetevolution.ro\/wp-content\/uploads\/2022\/02\/Design-fa\u0306ra\u0306-titlu-41-768x432.png 768w, https:\/\/mindsetevolution.ro\/wp-content\/uploads\/2022\/02\/Design-fa\u0306ra\u0306-titlu-41-400x225.png 400w, https:\/\/mindsetevolution.ro\/wp-content\/uploads\/2022\/02\/Design-fa\u0306ra\u0306-titlu-41-600x338.png 600w\" sizes=\"(max-width: 1140px) 100vw, 1140px\" \/>\t\t\t\t\t\t\t\t\t\t\t\t\t\t\t<\/div>\n\t\t\t\t<\/div>\n\t\t\t\t<div class=\"elementor-element elementor-element-41f68e1 elementor-widget elementor-widget-text-editor\" data-id=\"41f68e1\" data-element_type=\"widget\" data-widget_type=\"text-editor.default\">\n\t\t\t\t<div class=\"elementor-widget-container\">\n\t\t\t\t\t\t\t<div class=\"porto-sicon-box style_1 heading-right-icon\"><div class=\"porto-sicon-header\"><p><strong>Managementul stresului: tehnici \u0219i exerci\u021bii de respira\u021bie, metode relaxante de introspec\u021bie.<\/strong><\/p><p><b>Din nou, c\u00e2teva date\u2026<\/b><\/p><p>Funda\u021bia s\u0103n\u0103t\u0103\u021bii este un puternic sistem circulator, sistemul care transport\u0103 oxigenul \u0219i nutrien\u021bii \u00een toate celulele corpului. Un bun sistem circulator, reprezint\u0103 premiza unei vie\u021bi lungi \u0219i s\u0103n\u0103toase.<\/p><p>\u0218tiai c\u0103 70% din toxinele din interiorul corpului t\u0103u sunt eliminate prin pl\u0103m\u00e2ni?<\/p><p>Respira\u0163ia nu controleaz\u0103 numai oxigenarea celulelor. Mai controleaz\u0103 \u015fi\u00a0<b>circula\u0163ia lichidului limfatic,<\/b>care con\u0163ine globulele albe cu rol de protec\u0163ie a organismului. Ce este sistemul limfatic?<\/p><p>Unii \u00eel consider\u0103 ca fiind sistemul de canalizare al corpului. Fiecare celul\u0103 din organism este\n\u00eenconjurat\u0103 de limf\u0103. Ave\u0163i \u00een organism de patru ori mai mult\u0103 limf\u0103 dec\u00e2t s\u00e2nge.<\/p><p>Iat\u0103 cum func\u0163ioneaz\u0103 sistemul limfatic: s\u00e2ngele este pompat din inim\u0103 prin artere c\u0103tre capilarele\nsub\u0163iri \u015fi permeabile; s\u00e2ngele transport\u0103 oxigen \u015fi substan\u0163e hr\u0103nitoare c\u0103tre capilare, de unde sunt\napoi difuzate \u00een acest fluid din jurul celulelor, numit limf\u0103; celulele, care \u015ftiu exact de ce au nevoie,\niau oxigenul \u015fi apoi excret\u0103 toxine, o parte din acestea trec\u00e2nd \u00eenapoi \u00een capilare; \u00eens\u0103 celulele\nmoarte, proteinele din s\u00e2nge precum \u015fi alte substan\u0163e toxice trebuie s\u0103 fie \u00eendep\u0103rtate de sistemul\nlimfatic. Iar\u00a0<b>sistemul limfatic este pus \u00een func\u0163iune prin respira\u0163ia profund\u0103<\/b>.<\/p><p>Celulele corpului depind de sistemul limfatic, acesta fiind singura cale de evacuare a cantit\u0103\u0163ilor mari\nde material toxic \u015fi lichid \u00een exces, care restr\u00e2ng cantitatea de oxigen.<\/p><p>Sistemul sanguin are o pomp\u0103, care este inima. Dar sistemul limfatic nu are a\u015fa ceva. Singurul mod \u00een care sistemul limfatic este pus \u00een mi\u015fcare este prin\u00a0<b>respira\u0163ie \u015fi mi\u015fcare muscular\u0103<\/b>.<\/p><p>A\u015fa \u00eenc\u00e2t dac\u0103 vrem s\u0103 avem un sistem circulator s\u0103n\u0103tos cu o limf\u0103 curat\u0103 \u015fi un sistem imunitar eficient, s\u0103 \u00eenv\u0103\u021b\u0103m s\u0103 respiram ad\u00e2nc \u015fi s\u0103 facem mi\u015fc\u0103ri care s\u0103 le stimuleze.<\/p><p>\u200b<\/p><p><strong>Meditatia este un instrument care te ajuta sa te focusezi pe momentul prezent, pe propria\npersoana, pe A FI cat mai bine CU TINE.<\/strong><\/p><p>Scopul acestei practici este s\u0103 te \u00eenve\u021be s\u0103 vezi lucrurile dintr-o nou\u0103 perspectiv\u0103 \u0219i s\u0103 te \u00een\u021belegi mai bine at\u00e2t pe tine, c\u00e2t \u0219i pe cei din jur.<\/p><p>Medita\u0163ia ofer\u0103 beneficii nenum\u0103rate. Relaxarea din timpul medita\u0163ie este mai profund\u0103 dec\u00e2t cel mai ad\u00e2nc somn. Cu cat este mai ad\u00e2nc\u0103 relaxarea, cu at\u00e2t mai dinamic\u0103 \u0219i focusat\u0103 devine activitatea ta cotidian\u0103.<\/p><p><b><i>Te invit la o sesiune de relaxare, \u00een care combin tehnici de respira\u021bie si medita\u021bia pentru o STARE DE RE\u00ceMPROSP\u0102TARE a intregii fiin\u021be!<\/i><\/b><\/p><\/div><\/div>\t\t\t\t\t\t<\/div>\n\t\t\t\t<\/div>\n\t\t\t\t\t<\/div>\r\n\t\t\t\t<\/div>\r\n\t\t\t\t\t\t<\/div>\r\n\t\t\t\t<\/section>\r\n\t\t\t\t<section class=\"elementor-section elementor-top-section elementor-element elementor-element-4e8e8228 elementor-section-boxed elementor-section-height-default elementor-section-height-default\" data-id=\"4e8e8228\" data-element_type=\"section\">\r\n\t\t\t\r\n\t\t\t\t\t\t\t\t\t<div class=\"elementor-container elementor-column-gap-default\">\r\n\t\t\t\t\t\t\t\t\t\t\t<div class=\"elementor-column elementor-col-100 elementor-top-column elementor-element elementor-element-57a27b1a\" data-id=\"57a27b1a\" data-element_type=\"column\">\r\n\r\n\t\t\t\t\t<div class=\"elementor-widget-wrap elementor-element-populated\">\r\n\t\t\t\t\t\t\t\t<div class=\"elementor-element elementor-element-60a8e5a4 elementor-widget elementor-widget-porto_info_box\" data-id=\"60a8e5a4\" data-element_type=\"widget\" data-widget_type=\"porto_info_box.default\">\n\t\t\t\t<div class=\"elementor-widget-container\">\n\t\t\t<a class=\"porto-sicon-box-link\" href=\"https:\/\/mindsetevolution.ro\/ro\/video\/\"><div class=\"porto-sicon-box style_1 right-icon\"><div class=\"porto-sicon-body\" ><div class=\"porto-sicon-description\" style=\"\" ><p style=\"text-align: justify;\">Resurse<\/p><\/div><\/div><div class=\"porto-sicon-right\"><div class=\"porto-just-icon-wrapper porto-icon none\" style=\"\"><i class=\"fas fa-arrow-right\"><\/i><\/div><\/div><\/div><!-- porto-sicon-box --><\/a>\t\t<\/div>\n\t\t\t\t<\/div>\n\t\t\t\t\t<\/div>\r\n\t\t\t\t<\/div>\r\n\t\t\t\t\t\t<\/div>\r\n\t\t\t\t<\/section>\r\n\t\t\t\t\t\t\t<\/div>","protected":false},"excerpt":{"rendered":"<p>Stress management: breathing techniques and exercises, relaxing methods of self-introspection Again, some data\u2026 The foundation of health is a strong circulatory system, the system that transports oxygen and nutrients to all cells of the body. A good circulatory system is the premise of a long and healthy life. Did you know that 70% of the [&hellip;]<\/p>","protected":false},"author":1,"featured_media":0,"parent":0,"menu_order":0,"comment_status":"closed","ping_status":"closed","template":"","meta":{"footnotes":""},"class_list":["post-4577","page","type-page","status-publish","hentry"],"yoast_head":"<!-- This site is optimized with the Yoast SEO plugin v22.8 - https:\/\/yoast.com\/wordpress\/plugins\/seo\/ -->\n<title>Mindfulness techniques - Mindset Evolution<\/title>\n<meta name=\"description\" content=\"Mindfulness techniques for stress management: breathing techniques and exercises, relaxing methods of self-introspection.\" \/>\n<meta name=\"robots\" content=\"index, follow, max-snippet:-1, max-image-preview:large, max-video-preview:-1\" \/>\n<link rel=\"canonical\" href=\"https:\/\/mindsetevolution.ro\/ro\/mindfulness-techniques\/\" \/>\n<meta property=\"og:locale\" content=\"ro_RO\" \/>\n<meta property=\"og:type\" content=\"article\" \/>\n<meta property=\"og:title\" content=\"Mindfulness techniques - Mindset Evolution\" \/>\n<meta property=\"og:description\" content=\"Mindfulness techniques for stress management: breathing techniques and exercises, relaxing methods of self-introspection.\" \/>\n<meta property=\"og:url\" content=\"https:\/\/mindsetevolution.ro\/ro\/mindfulness-techniques\/\" \/>\n<meta property=\"og:site_name\" content=\"Mindset Evolution\" \/>\n<meta property=\"article:publisher\" content=\"https:\/\/www.facebook.com\/Xpress-Coaching-100769995616687\" \/>\n<meta property=\"article:modified_time\" content=\"2022-02-28T16:53:30+00:00\" \/>\n<meta property=\"og:image\" content=\"https:\/\/mindsetevolution.ro\/wp-content\/uploads\/2022\/02\/Design-fa\u0306ra\u0306-titlu-41-1280x720.png\" \/>\n<meta name=\"twitter:card\" content=\"summary_large_image\" \/>\n<meta name=\"twitter:label1\" content=\"Timp estimat pentru citire\" \/>\n\t<meta name=\"twitter:data1\" content=\"2 minute\" \/>\n<script type=\"application\/ld+json\" class=\"yoast-schema-graph\">{\"@context\":\"https:\/\/schema.org\",\"@graph\":[{\"@type\":\"WebPage\",\"@id\":\"https:\/\/mindsetevolution.ro\/mindfulness-techniques\/\",\"url\":\"https:\/\/mindsetevolution.ro\/mindfulness-techniques\/\",\"name\":\"Mindfulness techniques - Mindset Evolution\",\"isPartOf\":{\"@id\":\"https:\/\/mindsetevolution.ro\/#website\"},\"datePublished\":\"2021-09-15T18:29:31+00:00\",\"dateModified\":\"2022-02-28T16:53:30+00:00\",\"description\":\"Mindfulness techniques for stress management: breathing techniques and exercises, relaxing methods of self-introspection.\",\"breadcrumb\":{\"@id\":\"https:\/\/mindsetevolution.ro\/mindfulness-techniques\/#breadcrumb\"},\"inLanguage\":\"ro-RO\",\"potentialAction\":[{\"@type\":\"ReadAction\",\"target\":[\"https:\/\/mindsetevolution.ro\/mindfulness-techniques\/\"]}]},{\"@type\":\"BreadcrumbList\",\"@id\":\"https:\/\/mindsetevolution.ro\/mindfulness-techniques\/#breadcrumb\",\"itemListElement\":[{\"@type\":\"ListItem\",\"position\":1,\"name\":\"Home\",\"item\":\"https:\/\/mindsetevolution.ro\/\"},{\"@type\":\"ListItem\",\"position\":2,\"name\":\"Mindfulness techniques\"}]},{\"@type\":\"WebSite\",\"@id\":\"https:\/\/mindsetevolution.ro\/#website\",\"url\":\"https:\/\/mindsetevolution.ro\/\",\"name\":\"Mindset Evolution\",\"description\":\"A journey of the self.\u201d The light in me greets the light in you\u201d\",\"publisher\":{\"@id\":\"https:\/\/mindsetevolution.ro\/#organization\"},\"potentialAction\":[{\"@type\":\"SearchAction\",\"target\":{\"@type\":\"EntryPoint\",\"urlTemplate\":\"https:\/\/mindsetevolution.ro\/?s={search_term_string}\"},\"query-input\":\"required name=search_term_string\"}],\"inLanguage\":\"ro-RO\"},{\"@type\":\"Organization\",\"@id\":\"https:\/\/mindsetevolution.ro\/#organization\",\"name\":\"xpresscoaching\",\"url\":\"https:\/\/mindsetevolution.ro\/\",\"logo\":{\"@type\":\"ImageObject\",\"inLanguage\":\"ro-RO\",\"@id\":\"https:\/\/mindsetevolution.ro\/#\/schema\/logo\/image\/\",\"url\":\"https:\/\/mindsetevolution.ro\/wp-content\/uploads\/2021\/09\/Logo-Xpress-Coaching-1-scaled.jpg\",\"contentUrl\":\"https:\/\/mindsetevolution.ro\/wp-content\/uploads\/2021\/09\/Logo-Xpress-Coaching-1-scaled.jpg\",\"width\":2560,\"height\":1048,\"caption\":\"xpresscoaching\"},\"image\":{\"@id\":\"https:\/\/mindsetevolution.ro\/#\/schema\/logo\/image\/\"},\"sameAs\":[\"https:\/\/www.facebook.com\/Xpress-Coaching-100769995616687\",\"https:\/\/www.instagram.com\/xpress.coaching\/\",\"https:\/\/ro.linkedin.com\/in\/magda-lemnaru-38981a7a\"]}]}<\/script>\n<!-- \/ Yoast SEO plugin. -->","yoast_head_json":{"title":"Mindfulness techniques - Mindset Evolution","description":"Mindfulness techniques for stress management: breathing techniques and exercises, relaxing methods of self-introspection.","robots":{"index":"index","follow":"follow","max-snippet":"max-snippet:-1","max-image-preview":"max-image-preview:large","max-video-preview":"max-video-preview:-1"},"canonical":"https:\/\/mindsetevolution.ro\/ro\/mindfulness-techniques\/","og_locale":"ro_RO","og_type":"article","og_title":"Mindfulness techniques - Mindset Evolution","og_description":"Mindfulness techniques for stress management: breathing techniques and exercises, relaxing methods of self-introspection.","og_url":"https:\/\/mindsetevolution.ro\/ro\/mindfulness-techniques\/","og_site_name":"Mindset Evolution","article_publisher":"https:\/\/www.facebook.com\/Xpress-Coaching-100769995616687","article_modified_time":"2022-02-28T16:53:30+00:00","og_image":[{"url":"https:\/\/mindsetevolution.ro\/wp-content\/uploads\/2022\/02\/Design-fa\u0306ra\u0306-titlu-41-1280x720.png"}],"twitter_card":"summary_large_image","twitter_misc":{"Timp estimat pentru citire":"2 minute"},"schema":{"@context":"https:\/\/schema.org","@graph":[{"@type":"WebPage","@id":"https:\/\/mindsetevolution.ro\/mindfulness-techniques\/","url":"https:\/\/mindsetevolution.ro\/mindfulness-techniques\/","name":"Mindfulness techniques - Mindset Evolution","isPartOf":{"@id":"https:\/\/mindsetevolution.ro\/#website"},"datePublished":"2021-09-15T18:29:31+00:00","dateModified":"2022-02-28T16:53:30+00:00","description":"Mindfulness techniques for stress management: breathing techniques and exercises, relaxing methods of self-introspection.","breadcrumb":{"@id":"https:\/\/mindsetevolution.ro\/mindfulness-techniques\/#breadcrumb"},"inLanguage":"ro-RO","potentialAction":[{"@type":"ReadAction","target":["https:\/\/mindsetevolution.ro\/mindfulness-techniques\/"]}]},{"@type":"BreadcrumbList","@id":"https:\/\/mindsetevolution.ro\/mindfulness-techniques\/#breadcrumb","itemListElement":[{"@type":"ListItem","position":1,"name":"Home","item":"https:\/\/mindsetevolution.ro\/"},{"@type":"ListItem","position":2,"name":"Mindfulness techniques"}]},{"@type":"WebSite","@id":"https:\/\/mindsetevolution.ro\/#website","url":"https:\/\/mindsetevolution.ro\/","name":"Mindset Evolution","description":"A journey of the self.\u201d The light in me greets the light in you\u201d","publisher":{"@id":"https:\/\/mindsetevolution.ro\/#organization"},"potentialAction":[{"@type":"SearchAction","target":{"@type":"EntryPoint","urlTemplate":"https:\/\/mindsetevolution.ro\/?s={search_term_string}"},"query-input":"required name=search_term_string"}],"inLanguage":"ro-RO"},{"@type":"Organization","@id":"https:\/\/mindsetevolution.ro\/#organization","name":"xpresscoaching","url":"https:\/\/mindsetevolution.ro\/","logo":{"@type":"ImageObject","inLanguage":"ro-RO","@id":"https:\/\/mindsetevolution.ro\/#\/schema\/logo\/image\/","url":"https:\/\/mindsetevolution.ro\/wp-content\/uploads\/2021\/09\/Logo-Xpress-Coaching-1-scaled.jpg","contentUrl":"https:\/\/mindsetevolution.ro\/wp-content\/uploads\/2021\/09\/Logo-Xpress-Coaching-1-scaled.jpg","width":2560,"height":1048,"caption":"xpresscoaching"},"image":{"@id":"https:\/\/mindsetevolution.ro\/#\/schema\/logo\/image\/"},"sameAs":["https:\/\/www.facebook.com\/Xpress-Coaching-100769995616687","https:\/\/www.instagram.com\/xpress.coaching\/","https:\/\/ro.linkedin.com\/in\/magda-lemnaru-38981a7a"]}]}},"_links":{"self":[{"href":"https:\/\/mindsetevolution.ro\/ro\/wp-json\/wp\/v2\/pages\/4577","targetHints":{"allow":["GET"]}}],"collection":[{"href":"https:\/\/mindsetevolution.ro\/ro\/wp-json\/wp\/v2\/pages"}],"about":[{"href":"https:\/\/mindsetevolution.ro\/ro\/wp-json\/wp\/v2\/types\/page"}],"author":[{"embeddable":true,"href":"https:\/\/mindsetevolution.ro\/ro\/wp-json\/wp\/v2\/users\/1"}],"replies":[{"embeddable":true,"href":"https:\/\/mindsetevolution.ro\/ro\/wp-json\/wp\/v2\/comments?post=4577"}],"version-history":[{"count":13,"href":"https:\/\/mindsetevolution.ro\/ro\/wp-json\/wp\/v2\/pages\/4577\/revisions"}],"predecessor-version":[{"id":5706,"href":"https:\/\/mindsetevolution.ro\/ro\/wp-json\/wp\/v2\/pages\/4577\/revisions\/5706"}],"wp:attachment":[{"href":"https:\/\/mindsetevolution.ro\/ro\/wp-json\/wp\/v2\/media?parent=4577"}],"curies":[{"name":"wp","href":"https:\/\/api.w.org\/{rel}","templated":true}]}}