{"id":3973,"date":"2021-08-13T08:59:36","date_gmt":"2021-08-13T08:59:36","guid":{"rendered":"https:\/\/mindsetevolution.ro\/?page_id=3973"},"modified":"2025-11-11T09:37:57","modified_gmt":"2025-11-11T07:37:57","slug":"privacy-policy","status":"publish","type":"page","link":"https:\/\/mindsetevolution.ro\/ro\/privacy-policy\/","title":{"rendered":"POLITIC\u0102 DE CONFIDEN\u021aIALITATE"},"content":{"rendered":"<div data-elementor-type=\"wp-page\" data-elementor-id=\"3973\" class=\"elementor elementor-3973\">\n\t\t\t\t\t\t\t\t\t<section class=\"elementor-section elementor-top-section elementor-element elementor-element-aa481e5 elementor-section-boxed elementor-section-height-default elementor-section-height-default\" data-id=\"aa481e5\" data-element_type=\"section\">\r\n\t\t\t\r\n\t\t\t\t\t\t\t\t\t<div class=\"elementor-container elementor-column-gap-default\">\r\n\t\t\t\t\t\t\t\t\t\t\t<div class=\"elementor-column elementor-col-100 elementor-top-column elementor-element elementor-element-7cddbc7\" data-id=\"7cddbc7\" data-element_type=\"column\">\r\n\r\n\t\t\t\t\t<div class=\"elementor-widget-wrap elementor-element-populated\">\r\n\t\t\t\t\t\t\t\t<div class=\"elementor-element elementor-element-6366919 elementor-widget elementor-widget-text-editor\" data-id=\"6366919\" data-element_type=\"widget\" data-widget_type=\"text-editor.default\">\n\t\t\t\t<div class=\"elementor-widget-container\">\n\t\t\t\t\t\t\t<div id=\"container\" class=\"split-container\"><div id=\"preview\" class=\"column preview-pane\"><div id=\"preview-wrapper\"><div id=\"output\" class=\"content markdown-body\"><ol start=\"1\"><li>Date de contact<\/li><li>Generalit\u0103\u021bi<\/li><li>Categoriile de date cu caracter personal prelucrate<\/li><li>Scopurile \u0219i temeiurile prelucr\u0103rii<\/li><li>Cum protejam noi informa\u021bia<\/li><li>Cine are acces la informa\u021bia colectat\u0103 de la dumneavoastr\u0103<\/li><li>Partajarea informa\u021biilor c\u0103tre ter\u021bi<\/li><li>Drepturile persoanelor vizate<\/li><li>Durata pentru care v\u0103 prelucr\u0103m datele<\/li><\/ol><h4><strong>1. DATE DE CONTACT<\/strong><\/h4><h1>The XPRESS COACHING website is owned and managed by SC TOSCANY BUSINESS SRL, Nr. ord. reg. com.\/an: J40\/12317\/13.07.2017 CIF: 37962233 , a Romanian company, which can be contacted in the following ways:<\/h1><ul><li>telefon: +40 740 078 105<\/li><li>e-mail: office@mindsetevolution.ro<span id=\"cloak50387\"><\/span><\/li><\/ul><ul><li>adresa: Sediul: Bucuresti<\/li><\/ul><ul><li>Autoritatea Na\u0163ional\u0103 de Supraveghere a Prelucr\u0103rii Datelor cu Caracter Personal:\u00a0<a href=\"https:\/\/www.dataprotection.ro\/\">https:\/\/www.dataprotection.ro<\/a><\/li><\/ul><h4><strong>2. GENERALIT\u0102\u021aI<\/strong><\/h4><h1>The document you are just reading at the moment is, in fact, one of the ways in which we want to show you that the trust you give us is not one-sided, and that we, in our turn, are taking all the necessary measures to\u00a0 make your visit to our site as enjoyable as possible. For any questions or concerns regarding the terms used below or any other issues regarding how we understand to keep your data confidential, please contact us at the following address: office@mindsetevolution.ro<\/h1><h4><strong>3. Categoriile de date cu caracter personal prelucrate<\/strong><\/h4><h5>1. Informa\u021bii furnizate direct de utilizator<\/h5><h1>C\u00e2nd v\u0103 abona\u021bi la un serviciu furnizat de SC TOSCANY BUSINESS SRL, v\u0103 putem \u00eentreba care este numele dvs., care este adresa dvs. de e-mail \u0219i v\u0103 putem solicita alte informa\u021bii personale. Cu c\u00e2t furniza\u021bi mai multe informa\u021bii \u00een mod voluntar, cu at\u00e2t putem personaliza mai bine informa\u021biile pe care le furniza\u021bi la urm\u0103toarea dvs. vizit\u0103.<\/h1><h5>2. Informa\u021bie din raportul de trafic al serverului<\/h5><h1>When you visit a site, you disclose certain information about yourself, such as your IP address, the time of your visit, the place where you entered our sites, SC TOSCANY BUSINESS SRL, like other operators, records this information. If you are a visitor to our Site, SC TOSCANY BUSINESS SRL will process your personal data that you provide directly in the context of using the Site, such as the data you provide in the contact \/ questions \/ section. complaints, to the extent that you contact us in this way.<\/h1><h4>3. Informa\u021bie ob\u021binut\u0103 prin intermediul cookie-urilor<\/h4><h1>With the idea of providing a personalized service to our users, XPRESSCOACHING may use cookies to facilitate the storage and tracking of your preferences. For example, we may use cookies to identify you and to provide you with information and services based on your preferences that you have expressed in your previous visits. Third-party online advertising networks may also use cookies to customize your advertising messages to suit your preferences. A cookie is a small file stored on your computer\u2019s hard drive. The use of cookies helps us to improve our Sites and offer a better and more personalized service, which allows us to:<\/h1><ul><li>estim\u0103m dimensiunea publicului \u0219i tiparele de utilizare;<\/li><li>stoc\u0103m informa\u021bii referitoare la preferin\u021bele dumneavoastr\u0103, ceea ce ne permite s\u0103 ne personaliz\u0103m Site-urile \u00een conformitate cu interesele dumneavoastr\u0103 individuale;<\/li><li>s\u0103 v\u0103 recunoa\u0219tem atunci c\u00e2nd reveni\u021bi pe Site-urile noastre.<\/li><\/ul><h1>You can refuse to accept cookies by enabling the appropriate setting on your browser. If you select this setting, you may not have access to certain parts of our Sites. If you have not adjusted your browser setting to refuse cookies, your system will continue to accept cookies when you direct your browser to our websites. You should be aware that some sections of our site will not be able to be viewed normally if you have set your browser to reject cookies. You should also remember that whenever you voluntarily disclose personal information in the online media, online forums, email program, FTP program, discussion groups, chat services, information disclosed by yours can be easily collected and used by unauthorized persons. Although we do our best to protect your personal data, we cannot guarantee the security of any type of information you provide to us, so that the transmission of information in an inappropriate environment is done at your own risk. You should also understand that you are solely responsible for maintaining the secrecy of information (passwords, usernames, etc.) related to the accounts you have acquired as a result of using the services offered by us. Details about the cookie policy can be found here:<\/h1><h4><strong>4. Scopurile \u0219i temeiurile prelucr\u0103rii<\/strong><\/h4><h1>SC TOSCANY BUSINESS SRL uses the information collected from you in several ways, depending on the type of information collected: \u2013 Information provided directly by the user: this information is used only for the purpose of personalizing the services you provide and verifying your identity, in order to execute any contracts between you and our company following your use of the services. \u2013 Information collected from the server traffic report: this type of information helps us identify which sections of our site are sections of interest to users. https:\/\/mindsetevolution.ro\/ also collects the IP addresses of its users for the safe administration of our computer system and for the purpose of avoiding criminal activities; \u2013 Information collected through cookies: uses cookies to allow you to make the most use of our services and to obtain statistical information that will allow us to improve our services. \u2013 For marketing activities, newsletters, respectively for transmission, by means of distance communication (e-mail, sms) of commercial communications regarding the products and services offered by us, through the Website. Basis: The processing of your data for this purpose is based on your consent, if you choose to provide it. Providing your data for this purpose is voluntary. The refusal to provide consent for the processing of your data for this purpose will have no negative consequences for you. In order to carry out various analyzes, reports on the functioning of the Site, the development of profiles of consumer preferences, mainly, in order to improve the experience offered on the Site. Theme: The processing of your data for this purpose is based on the legitimate interest of permanently improving the customer experience on the Site. Providing your data for this purpose is voluntary. Refusal to provide data for this purpose will have no negative consequences for you.<\/h1><h4><strong>5. CUM PROTEJAM NOI INFORMA\u021aIA COLECTAT\u0102<\/strong><\/h4><h1>The confidentiality and protection of the information collected from you are a priority for us. https:\/\/mindsetevolution.ro\/\u00a0does not provide the\u00a0 collected information to third parties without your prior and express consent. Any statistics regarding the traffic of our users, which we will provide to third-party advertising networks or to partner sites, is provided only as a data set and does not include any personally identifiable information about any individual user. When we receive the information transmitted by you, we guarantee that we will make every effort to ensure their security in our systems, in accordance with the security standards imposed by the applicable legislation in force.<\/h1><h4><strong>6. CINE ARE ACCES LA INFORMA\u021aIA COLECTAT\u0102 DE LA DUMNEAVOASTR\u0102<\/strong><\/h4><h1>Except as outlined above, https:\/\/mindsetevolution.ro\/\u00a0will not disclose any personally identifiable information about its users to third parties without first receiving the express consent of the users in this regard. At the same time, however, https:\/\/mindsetevolution.ro\/ may disclose user identification information when the law expressly provides this or when this is necessary to protect the rights and interests of https:\/\/mindsetevolution.ro\/. In conclusion, when you access the SC TOSCANY BUSINESS SRL sites and are asked to disclose information about you, you will only disclose this information to the SC TOSCANY BUSINESS SRL sites, unless the service or information is provided in partnership with another site or service. However, whenever such a service is provided in partnership with another site, you will be informed of this, prior to the provision of information from you. In the idea of providing services to the highest standards, it is necessary to share your personal information with the site or the co-partner service. If you do not want your data to be shared, you can do so by not allowing data transfer by not using that specific service.<\/h1><h4><strong>7. PARTAJAREA INFORMA\u021aIILOR C\u0102TRE TER\u021aI<\/strong><\/h4><h1>The SC TOSCANY BUSINESS SRL sites can use the services of some advertising companies to set the advertising targets and to support advertising campaigns and other messages specific to the marketing activity. These companies can collect anonymous data through cookies. To the extent this will happen, SC TOSCANY BUSINESS SRL will ensure that all partner companies will respect the rights of the data subjects.<\/h1><h4><strong>8. PROTEJAREA DATELOR<\/strong><\/h4><ol start=\"1\"><li>Conform dispozi\u021biilor Regulamentului (UE) 679\/2016 privind protec\u021bia datelor cu caracter personal, dumneavoastr\u0103 ave\u021bi, \u00een ceea ce prive\u0219te prelucrarea datelor cu caracter personal, urm\u0103toarele drepturi:<\/li><li>Dreptul de a fi informat cu privire la prelucrearea datelor;<\/li><li>Dreptul de acces la datele cu caracter personal;<\/li><li>Dreptul la rectificarea datelor cu caracter personal;<\/li><li>Dreptul de \u0219tergere;<\/li><li>Dreptul de a restric\u021biona prelucrarea datelor cu character personal;<\/li><li>Dreptul la portabilitatea datelor cu caracter personal;<\/li><li>Dreptul la obiect;<\/li><li>Drepturi legate de luarea de decizii automatizate \u0219i de profilare;<\/li><li>Dreptul de a v\u0103 adresa cu o pl\u00e2ngere Autorit\u0103\u021bii Na\u0163ionale de Supraveghere a Prelucr\u0103rii Datelor cu Caracter Personal;<\/li><\/ol><h1>Compania noastr\u0103 asigur\u0103 exercitarea unora dintre aceste drepturi prin acest document, pentru exercitarea celorlalte drepturi, v\u0103 rug\u0103m s\u0103 ne trimite\u021bi un e-mail la office@mindsetevolution.ro<\/h1><h4><strong>9. Durata pentru care v\u0103 prelucr\u0103m datele<\/strong><\/h4><h1>As a matter of principle, we will process your personal data as much as is necessary to achieve the processing purposes mentioned above. If you are a client, we will process your data for the entire duration of the contractual reports and subsequently according to the legal obligations that fall under the task of SC TOSCANY BUSINESS SRL(eg, in the case of financial-accounting supporting documents for which the retention period provided by law it is 10 years from the end of the financial year during which they were drawn up). If you withdraw your consent for the processing of data for marketing purposes, SC TOSCANY BUSINESS SRL will cease processing your personal data for this purpose, without affecting the processing carried out by SC TOSCANY BUSINESS SRL based on the consent you have expressed before its withdrawal. .<\/h1><\/div><\/div><\/div><\/div>\t\t\t\t\t\t<\/div>\n\t\t\t\t<\/div>\n\t\t\t\t\t<\/div>\r\n\t\t\t\t<\/div>\r\n\t\t\t\t\t\t<\/div>\r\n\t\t\t\t<\/section>\r\n\t\t\t\t\t\t\t<\/div>","protected":false},"excerpt":{"rendered":"<p>Contacts Overview Categories of personal data processed Purposes and basis of processing How we protect the\u00a0 information Who has access to the information collected from you Sharing information with third parties Rights of data subjects Duration for which we process your data 1. CONTACT DATA The XPRESS COACHING website is owned and managed by SC [&hellip;]<\/p>","protected":false},"author":1,"featured_media":0,"parent":0,"menu_order":0,"comment_status":"closed","ping_status":"closed","template":"","meta":{"footnotes":""},"class_list":["post-3973","page","type-page","status-publish","hentry"],"yoast_head":"<!-- This site is optimized with the Yoast SEO plugin v22.8 - https:\/\/yoast.com\/wordpress\/plugins\/seo\/ -->\n<title>PRIVACY POLICY - Mindset Evolution<\/title>\n<meta name=\"description\" content=\"This page states how a company or website collects, handles and processes data of its customers and visitors.\" \/>\n<meta name=\"robots\" content=\"index, follow, max-snippet:-1, max-image-preview:large, max-video-preview:-1\" \/>\n<link rel=\"canonical\" href=\"https:\/\/mindsetevolution.ro\/ro\/privacy-policy\/\" \/>\n<meta property=\"og:locale\" content=\"ro_RO\" \/>\n<meta property=\"og:type\" content=\"article\" \/>\n<meta property=\"og:title\" content=\"PRIVACY POLICY - Mindset Evolution\" \/>\n<meta property=\"og:description\" content=\"This page states how a company or website collects, handles and processes data of its customers and visitors.\" \/>\n<meta property=\"og:url\" content=\"https:\/\/mindsetevolution.ro\/ro\/privacy-policy\/\" \/>\n<meta property=\"og:site_name\" content=\"Mindset Evolution\" \/>\n<meta property=\"article:publisher\" content=\"https:\/\/www.facebook.com\/Xpress-Coaching-100769995616687\" \/>\n<meta property=\"article:modified_time\" content=\"2025-11-11T07:37:57+00:00\" \/>\n<meta name=\"twitter:card\" content=\"summary_large_image\" \/>\n<meta name=\"twitter:label1\" content=\"Timp estimat pentru citire\" \/>\n\t<meta name=\"twitter:data1\" content=\"10 minute\" \/>\n<script type=\"application\/ld+json\" class=\"yoast-schema-graph\">{\"@context\":\"https:\/\/schema.org\",\"@graph\":[{\"@type\":\"WebPage\",\"@id\":\"https:\/\/mindsetevolution.ro\/privacy-policy\/\",\"url\":\"https:\/\/mindsetevolution.ro\/privacy-policy\/\",\"name\":\"PRIVACY POLICY - Mindset Evolution\",\"isPartOf\":{\"@id\":\"https:\/\/mindsetevolution.ro\/#website\"},\"datePublished\":\"2021-08-13T08:59:36+00:00\",\"dateModified\":\"2025-11-11T07:37:57+00:00\",\"description\":\"This page states how a company or website collects, handles and processes data of its customers and visitors.\",\"breadcrumb\":{\"@id\":\"https:\/\/mindsetevolution.ro\/privacy-policy\/#breadcrumb\"},\"inLanguage\":\"ro-RO\",\"potentialAction\":[{\"@type\":\"ReadAction\",\"target\":[\"https:\/\/mindsetevolution.ro\/privacy-policy\/\"]}]},{\"@type\":\"BreadcrumbList\",\"@id\":\"https:\/\/mindsetevolution.ro\/privacy-policy\/#breadcrumb\",\"itemListElement\":[{\"@type\":\"ListItem\",\"position\":1,\"name\":\"Home\",\"item\":\"https:\/\/mindsetevolution.ro\/\"},{\"@type\":\"ListItem\",\"position\":2,\"name\":\"PRIVACY POLICY\"}]},{\"@type\":\"WebSite\",\"@id\":\"https:\/\/mindsetevolution.ro\/#website\",\"url\":\"https:\/\/mindsetevolution.ro\/\",\"name\":\"Mindset Evolution\",\"description\":\"A journey of the self.\u201d The light in me greets the light in you\u201d\",\"publisher\":{\"@id\":\"https:\/\/mindsetevolution.ro\/#organization\"},\"potentialAction\":[{\"@type\":\"SearchAction\",\"target\":{\"@type\":\"EntryPoint\",\"urlTemplate\":\"https:\/\/mindsetevolution.ro\/?s={search_term_string}\"},\"query-input\":\"required name=search_term_string\"}],\"inLanguage\":\"ro-RO\"},{\"@type\":\"Organization\",\"@id\":\"https:\/\/mindsetevolution.ro\/#organization\",\"name\":\"xpresscoaching\",\"url\":\"https:\/\/mindsetevolution.ro\/\",\"logo\":{\"@type\":\"ImageObject\",\"inLanguage\":\"ro-RO\",\"@id\":\"https:\/\/mindsetevolution.ro\/#\/schema\/logo\/image\/\",\"url\":\"https:\/\/mindsetevolution.ro\/wp-content\/uploads\/2021\/09\/Logo-Xpress-Coaching-1-scaled.jpg\",\"contentUrl\":\"https:\/\/mindsetevolution.ro\/wp-content\/uploads\/2021\/09\/Logo-Xpress-Coaching-1-scaled.jpg\",\"width\":2560,\"height\":1048,\"caption\":\"xpresscoaching\"},\"image\":{\"@id\":\"https:\/\/mindsetevolution.ro\/#\/schema\/logo\/image\/\"},\"sameAs\":[\"https:\/\/www.facebook.com\/Xpress-Coaching-100769995616687\",\"https:\/\/www.instagram.com\/xpress.coaching\/\",\"https:\/\/ro.linkedin.com\/in\/magda-lemnaru-38981a7a\"]}]}<\/script>\n<!-- \/ Yoast SEO plugin. -->","yoast_head_json":{"title":"PRIVACY POLICY - Mindset Evolution","description":"This page states how a company or website collects, handles and processes data of its customers and visitors.","robots":{"index":"index","follow":"follow","max-snippet":"max-snippet:-1","max-image-preview":"max-image-preview:large","max-video-preview":"max-video-preview:-1"},"canonical":"https:\/\/mindsetevolution.ro\/ro\/privacy-policy\/","og_locale":"ro_RO","og_type":"article","og_title":"PRIVACY POLICY - Mindset Evolution","og_description":"This page states how a company or website collects, handles and processes data of its customers and visitors.","og_url":"https:\/\/mindsetevolution.ro\/ro\/privacy-policy\/","og_site_name":"Mindset Evolution","article_publisher":"https:\/\/www.facebook.com\/Xpress-Coaching-100769995616687","article_modified_time":"2025-11-11T07:37:57+00:00","twitter_card":"summary_large_image","twitter_misc":{"Timp estimat pentru citire":"10 minute"},"schema":{"@context":"https:\/\/schema.org","@graph":[{"@type":"WebPage","@id":"https:\/\/mindsetevolution.ro\/privacy-policy\/","url":"https:\/\/mindsetevolution.ro\/privacy-policy\/","name":"PRIVACY POLICY - Mindset Evolution","isPartOf":{"@id":"https:\/\/mindsetevolution.ro\/#website"},"datePublished":"2021-08-13T08:59:36+00:00","dateModified":"2025-11-11T07:37:57+00:00","description":"This page states how a company or website collects, handles and processes data of its customers and visitors.","breadcrumb":{"@id":"https:\/\/mindsetevolution.ro\/privacy-policy\/#breadcrumb"},"inLanguage":"ro-RO","potentialAction":[{"@type":"ReadAction","target":["https:\/\/mindsetevolution.ro\/privacy-policy\/"]}]},{"@type":"BreadcrumbList","@id":"https:\/\/mindsetevolution.ro\/privacy-policy\/#breadcrumb","itemListElement":[{"@type":"ListItem","position":1,"name":"Home","item":"https:\/\/mindsetevolution.ro\/"},{"@type":"ListItem","position":2,"name":"PRIVACY POLICY"}]},{"@type":"WebSite","@id":"https:\/\/mindsetevolution.ro\/#website","url":"https:\/\/mindsetevolution.ro\/","name":"Mindset Evolution","description":"A journey of the self.\u201d The light in me greets the light in you\u201d","publisher":{"@id":"https:\/\/mindsetevolution.ro\/#organization"},"potentialAction":[{"@type":"SearchAction","target":{"@type":"EntryPoint","urlTemplate":"https:\/\/mindsetevolution.ro\/?s={search_term_string}"},"query-input":"required name=search_term_string"}],"inLanguage":"ro-RO"},{"@type":"Organization","@id":"https:\/\/mindsetevolution.ro\/#organization","name":"xpresscoaching","url":"https:\/\/mindsetevolution.ro\/","logo":{"@type":"ImageObject","inLanguage":"ro-RO","@id":"https:\/\/mindsetevolution.ro\/#\/schema\/logo\/image\/","url":"https:\/\/mindsetevolution.ro\/wp-content\/uploads\/2021\/09\/Logo-Xpress-Coaching-1-scaled.jpg","contentUrl":"https:\/\/mindsetevolution.ro\/wp-content\/uploads\/2021\/09\/Logo-Xpress-Coaching-1-scaled.jpg","width":2560,"height":1048,"caption":"xpresscoaching"},"image":{"@id":"https:\/\/mindsetevolution.ro\/#\/schema\/logo\/image\/"},"sameAs":["https:\/\/www.facebook.com\/Xpress-Coaching-100769995616687","https:\/\/www.instagram.com\/xpress.coaching\/","https:\/\/ro.linkedin.com\/in\/magda-lemnaru-38981a7a"]}]}},"_links":{"self":[{"href":"https:\/\/mindsetevolution.ro\/ro\/wp-json\/wp\/v2\/pages\/3973","targetHints":{"allow":["GET"]}}],"collection":[{"href":"https:\/\/mindsetevolution.ro\/ro\/wp-json\/wp\/v2\/pages"}],"about":[{"href":"https:\/\/mindsetevolution.ro\/ro\/wp-json\/wp\/v2\/types\/page"}],"author":[{"embeddable":true,"href":"https:\/\/mindsetevolution.ro\/ro\/wp-json\/wp\/v2\/users\/1"}],"replies":[{"embeddable":true,"href":"https:\/\/mindsetevolution.ro\/ro\/wp-json\/wp\/v2\/comments?post=3973"}],"version-history":[{"count":51,"href":"https:\/\/mindsetevolution.ro\/ro\/wp-json\/wp\/v2\/pages\/3973\/revisions"}],"predecessor-version":[{"id":7586,"href":"https:\/\/mindsetevolution.ro\/ro\/wp-json\/wp\/v2\/pages\/3973\/revisions\/7586"}],"wp:attachment":[{"href":"https:\/\/mindsetevolution.ro\/ro\/wp-json\/wp\/v2\/media?parent=3973"}],"curies":[{"name":"wp","href":"https:\/\/api.w.org\/{rel}","templated":true}]}}