{"id":3075,"date":"2021-08-04T07:10:19","date_gmt":"2021-08-04T07:10:19","guid":{"rendered":"https:\/\/mindsetevolution.ro\/?page_id=3075"},"modified":"2023-09-01T22:46:28","modified_gmt":"2023-09-01T19:46:28","slug":"why-me","status":"publish","type":"page","link":"https:\/\/mindsetevolution.ro\/ro\/why-me\/","title":{"rendered":"De ce eu?"},"content":{"rendered":"<div data-elementor-type=\"wp-page\" data-elementor-id=\"3075\" class=\"elementor elementor-3075\">\n\t\t\t\t\t\t\t\t\t<section class=\"elementor-section elementor-top-section elementor-element elementor-element-79f9256b elementor-section-full_width elementor-section-height-default elementor-section-height-default\" data-id=\"79f9256b\" data-element_type=\"section\">\r\n\t\t\t\r\n\t\t\t\t\t\t\t\t\t<div class=\"elementor-container elementor-column-gap-extended\">\r\n\t\t\t\t\t\t\t\t\t\t\t<div class=\"elementor-column elementor-col-33 elementor-top-column elementor-element elementor-element-7d5cd795\" data-id=\"7d5cd795\" data-element_type=\"column\">\r\n\r\n\t\t\t\t\t<div class=\"elementor-widget-wrap\">\r\n\t\t\t\t\t\t\t\t\t<\/div>\r\n\t\t\t\t<\/div>\r\n\t\t\t\t<div class=\"elementor-column elementor-col-33 elementor-top-column elementor-element elementor-element-50aa5ced\" data-id=\"50aa5ced\" data-element_type=\"column\">\r\n\r\n\t\t\t\t\t<div class=\"elementor-widget-wrap\">\r\n\t\t\t\t\t\t\t\t\t<\/div>\r\n\t\t\t\t<\/div>\r\n\t\t\t\t<div class=\"elementor-column elementor-col-33 elementor-top-column elementor-element elementor-element-7e5dcc4\" data-id=\"7e5dcc4\" data-element_type=\"column\">\r\n\r\n\t\t\t\t\t<div class=\"elementor-widget-wrap\">\r\n\t\t\t\t\t\t\t\t\t<\/div>\r\n\t\t\t\t<\/div>\r\n\t\t\t\t\t\t<\/div>\r\n\t\t\t\t<\/section>\r\n\t\t\t\t<section class=\"elementor-section elementor-top-section elementor-element elementor-element-1f9d989d elementor-section-content-middle elementor-section-boxed elementor-section-height-default elementor-section-height-default\" data-id=\"1f9d989d\" data-element_type=\"section\">\r\n\t\t\t\r\n\t\t\t\t\t\t\t\t\t<div class=\"elementor-container elementor-column-gap-default\">\r\n\t\t\t\t\t\t\t\t\t\t\t<div class=\"elementor-column elementor-col-50 elementor-top-column elementor-element elementor-element-574782ae\" data-id=\"574782ae\" data-element_type=\"column\">\r\n\r\n\t\t\t\t\t<div class=\"elementor-widget-wrap elementor-element-populated\">\r\n\t\t\t\t\t\t\t\t<div class=\"elementor-element elementor-element-486e4f05 elementor-widget elementor-widget-heading\" data-id=\"486e4f05\" data-element_type=\"widget\" data-widget_type=\"heading.default\">\n\t\t\t\t<div class=\"elementor-widget-container\">\n\t\t\t<h1 class=\"elementor-heading-title elementor-size-default\">\u00cemp\u0103rt\u0103\u0219esc cu tine credin\u021bele mele:<\/h1>\t\t<\/div>\n\t\t\t\t<\/div>\n\t\t\t\t<div class=\"elementor-element elementor-element-6494966 elementor-widget elementor-widget-porto_info_box\" data-id=\"6494966\" data-element_type=\"widget\" data-widget_type=\"porto_info_box.default\">\n\t\t\t\t<div class=\"elementor-widget-container\">\n\t\t\t<div class=\"porto-sicon-box style_1 default-icon\"><div class=\"porto-sicon-default\"><div class=\"porto-just-icon-wrapper porto-icon none\" style=\"\"><i class=\"fas fa-check-circle\"><\/i><\/div><\/div><div class=\"porto-sicon-header\"><h3 class=\"porto-sicon-title\" style=\"\">Pentru c\u0103 tr\u0103iesc \u0219i experimentez \u00een via\u021ba mea ceea ce am scris \u00een acest site.<\/h3><\/div> <!-- header --><\/div><!-- porto-sicon-box -->\t\t<\/div>\n\t\t\t\t<\/div>\n\t\t\t\t<div class=\"elementor-element elementor-element-68cc98c elementor-widget elementor-widget-porto_info_box\" data-id=\"68cc98c\" data-element_type=\"widget\" data-widget_type=\"porto_info_box.default\">\n\t\t\t\t<div class=\"elementor-widget-container\">\n\t\t\t<div class=\"porto-sicon-box style_1 default-icon\"><div class=\"porto-sicon-default\"><div class=\"porto-just-icon-wrapper porto-icon none\" style=\"\"><i class=\"fas fa-check-circle\"><\/i><\/div><\/div><div class=\"porto-sicon-header\"><h3 class=\"porto-sicon-title\" style=\"\">Pentru c\u0103 am facut alegeri derivate din <strong>coaching-ul transforma\u021bional<\/strong>, care m-au deschis c\u0103tre orizonturi \u0219i oportunit\u0103\u021bi neb\u0103nuite p\u00e2n\u0103 atunci.<\/h3><\/div> <!-- header --><\/div><!-- porto-sicon-box -->\t\t<\/div>\n\t\t\t\t<\/div>\n\t\t\t\t<div class=\"elementor-element elementor-element-68a32b8 elementor-widget elementor-widget-porto_info_box\" data-id=\"68a32b8\" data-element_type=\"widget\" data-widget_type=\"porto_info_box.default\">\n\t\t\t\t<div class=\"elementor-widget-container\">\n\t\t\t<div class=\"porto-sicon-box style_1 default-icon\"><div class=\"porto-sicon-default\"><div class=\"porto-just-icon-wrapper porto-icon none\" style=\"\"><i class=\"fas fa-check-circle\"><\/i><\/div><\/div><div class=\"porto-sicon-header\"><h3 class=\"porto-sicon-title\" style=\"\">Pentru c\u0103 am redescoperit bucuria, spiritul ludic \u0219i libertatea de A FI a\u0219a cum aleg eu.<\/h3><\/div> <!-- header --><\/div><!-- porto-sicon-box -->\t\t<\/div>\n\t\t\t\t<\/div>\n\t\t\t\t<div class=\"elementor-element elementor-element-e87cb9a elementor-widget elementor-widget-porto_info_box\" data-id=\"e87cb9a\" data-element_type=\"widget\" data-widget_type=\"porto_info_box.default\">\n\t\t\t\t<div class=\"elementor-widget-container\">\n\t\t\t<div class=\"porto-sicon-box style_1 default-icon\"><div class=\"porto-sicon-default\"><div class=\"porto-just-icon-wrapper porto-icon none\" style=\"\"><i class=\"fas fa-check-circle\"><\/i><\/div><\/div><div class=\"porto-sicon-header\"><h3 class=\"porto-sicon-title\" style=\"\">Pentru c\u0103 vreau s\u0103 \u00eemp\u0103rt\u0103\u0219esc cu tine tot ce am acumulat. Putem fi parteneri pe calea descoperirii TALE \u0219i adev\u0103ratei exprim\u0103ri de Sine.<\/h3><\/div> <!-- header --><\/div><!-- porto-sicon-box -->\t\t<\/div>\n\t\t\t\t<\/div>\n\t\t\t\t\t<\/div>\r\n\t\t\t\t<\/div>\r\n\t\t\t\t<div class=\"elementor-column elementor-col-50 elementor-top-column elementor-element elementor-element-10984e92\" data-id=\"10984e92\" data-element_type=\"column\">\r\n\r\n\t\t\t\t\t<div class=\"elementor-widget-wrap elementor-element-populated\">\r\n\t\t\t\t\t\t\t\t<div class=\"elementor-element elementor-element-5c79c589 elementor-widget elementor-widget-image\" data-id=\"5c79c589\" data-element_type=\"widget\" data-widget_type=\"image.default\">\n\t\t\t\t<div class=\"elementor-widget-container\">\n\t\t\t\t\t\t\t\t\t\t\t\t\t\t\t<img decoding=\"async\" src=\"https:\/\/mindsetevolution.ro\/wp-content\/uploads\/2023\/08\/WhatsApp-Image-2023-08-24-at-6.18.04-PM.jpeg\" title=\"\" alt=\"\" loading=\"lazy\" \/>\t\t\t\t\t\t\t\t\t\t\t\t\t\t\t<\/div>\n\t\t\t\t<\/div>\n\t\t\t\t\t<\/div>\r\n\t\t\t\t<\/div>\r\n\t\t\t\t\t\t<\/div>\r\n\t\t\t\t<\/section>\r\n\t\t\t\t\t\t\t<\/div>","protected":false},"excerpt":{"rendered":"<p>Sharing with you my beliefs: Because I live and experience in my own life what I have written in this site. Because I made choices derived from transformative coaching, which opened me to unlimited horizons and opportunities. Because I rediscovered the joy, the playful spirit and the freedom to BE as I choose. We can [&hellip;]<\/p>","protected":false},"author":1,"featured_media":0,"parent":0,"menu_order":0,"comment_status":"closed","ping_status":"closed","template":"","meta":{"footnotes":""},"class_list":["post-3075","page","type-page","status-publish","hentry"],"yoast_head":"<!-- This site is optimized with the Yoast SEO plugin v22.8 - https:\/\/yoast.com\/wordpress\/plugins\/seo\/ -->\n<title>Why me? - Mindset Evolution<\/title>\n<meta name=\"description\" content=\"Because I live and experience in my own life what I have written in this site. Transformative coaching has opened me to unlimited horizons and opportunities.\" \/>\n<meta name=\"robots\" content=\"index, follow, max-snippet:-1, max-image-preview:large, max-video-preview:-1\" \/>\n<link rel=\"canonical\" href=\"https:\/\/mindsetevolution.ro\/ro\/why-me\/\" \/>\n<meta property=\"og:locale\" content=\"ro_RO\" \/>\n<meta property=\"og:type\" content=\"article\" \/>\n<meta property=\"og:title\" content=\"Why me? - Mindset Evolution\" \/>\n<meta property=\"og:description\" content=\"Because I live and experience in my own life what I have written in this site. Transformative coaching has opened me to unlimited horizons and opportunities.\" \/>\n<meta property=\"og:url\" content=\"https:\/\/mindsetevolution.ro\/ro\/why-me\/\" \/>\n<meta property=\"og:site_name\" content=\"Mindset Evolution\" \/>\n<meta property=\"article:publisher\" content=\"https:\/\/www.facebook.com\/Xpress-Coaching-100769995616687\" \/>\n<meta property=\"article:modified_time\" content=\"2023-09-01T19:46:28+00:00\" \/>\n<meta property=\"og:image\" content=\"https:\/\/mindsetevolution.ro\/wp-content\/uploads\/2023\/08\/WhatsApp-Image-2023-08-24-at-6.18.04-PM.jpeg\" \/>\n<meta name=\"twitter:card\" content=\"summary_large_image\" \/>\n<meta name=\"twitter:label1\" content=\"Timp estimat pentru citire\" \/>\n\t<meta name=\"twitter:data1\" content=\"1 minut\" \/>\n<script type=\"application\/ld+json\" class=\"yoast-schema-graph\">{\"@context\":\"https:\/\/schema.org\",\"@graph\":[{\"@type\":\"WebPage\",\"@id\":\"https:\/\/mindsetevolution.ro\/why-me\/\",\"url\":\"https:\/\/mindsetevolution.ro\/why-me\/\",\"name\":\"Why me? - Mindset Evolution\",\"isPartOf\":{\"@id\":\"https:\/\/mindsetevolution.ro\/#website\"},\"primaryImageOfPage\":{\"@id\":\"https:\/\/mindsetevolution.ro\/why-me\/#primaryimage\"},\"image\":{\"@id\":\"https:\/\/mindsetevolution.ro\/why-me\/#primaryimage\"},\"thumbnailUrl\":\"https:\/\/mindsetevolution.ro\/wp-content\/uploads\/2023\/08\/WhatsApp-Image-2023-08-24-at-6.18.04-PM.jpeg\",\"datePublished\":\"2021-08-04T07:10:19+00:00\",\"dateModified\":\"2023-09-01T19:46:28+00:00\",\"description\":\"Because I live and experience in my own life what I have written in this site. Transformative coaching has opened me to unlimited horizons and opportunities.\",\"breadcrumb\":{\"@id\":\"https:\/\/mindsetevolution.ro\/why-me\/#breadcrumb\"},\"inLanguage\":\"ro-RO\",\"potentialAction\":[{\"@type\":\"ReadAction\",\"target\":[\"https:\/\/mindsetevolution.ro\/why-me\/\"]}]},{\"@type\":\"ImageObject\",\"inLanguage\":\"ro-RO\",\"@id\":\"https:\/\/mindsetevolution.ro\/why-me\/#primaryimage\",\"url\":\"https:\/\/mindsetevolution.ro\/wp-content\/uploads\/2023\/08\/WhatsApp-Image-2023-08-24-at-6.18.04-PM.jpeg\",\"contentUrl\":\"https:\/\/mindsetevolution.ro\/wp-content\/uploads\/2023\/08\/WhatsApp-Image-2023-08-24-at-6.18.04-PM.jpeg\"},{\"@type\":\"BreadcrumbList\",\"@id\":\"https:\/\/mindsetevolution.ro\/why-me\/#breadcrumb\",\"itemListElement\":[{\"@type\":\"ListItem\",\"position\":1,\"name\":\"Home\",\"item\":\"https:\/\/mindsetevolution.ro\/\"},{\"@type\":\"ListItem\",\"position\":2,\"name\":\"Why me?\"}]},{\"@type\":\"WebSite\",\"@id\":\"https:\/\/mindsetevolution.ro\/#website\",\"url\":\"https:\/\/mindsetevolution.ro\/\",\"name\":\"Mindset Evolution\",\"description\":\"A journey of the self.\u201d The light in me greets the light in you\u201d\",\"publisher\":{\"@id\":\"https:\/\/mindsetevolution.ro\/#organization\"},\"potentialAction\":[{\"@type\":\"SearchAction\",\"target\":{\"@type\":\"EntryPoint\",\"urlTemplate\":\"https:\/\/mindsetevolution.ro\/?s={search_term_string}\"},\"query-input\":\"required name=search_term_string\"}],\"inLanguage\":\"ro-RO\"},{\"@type\":\"Organization\",\"@id\":\"https:\/\/mindsetevolution.ro\/#organization\",\"name\":\"xpresscoaching\",\"url\":\"https:\/\/mindsetevolution.ro\/\",\"logo\":{\"@type\":\"ImageObject\",\"inLanguage\":\"ro-RO\",\"@id\":\"https:\/\/mindsetevolution.ro\/#\/schema\/logo\/image\/\",\"url\":\"https:\/\/mindsetevolution.ro\/wp-content\/uploads\/2021\/09\/Logo-Xpress-Coaching-1-scaled.jpg\",\"contentUrl\":\"https:\/\/mindsetevolution.ro\/wp-content\/uploads\/2021\/09\/Logo-Xpress-Coaching-1-scaled.jpg\",\"width\":2560,\"height\":1048,\"caption\":\"xpresscoaching\"},\"image\":{\"@id\":\"https:\/\/mindsetevolution.ro\/#\/schema\/logo\/image\/\"},\"sameAs\":[\"https:\/\/www.facebook.com\/Xpress-Coaching-100769995616687\",\"https:\/\/www.instagram.com\/xpress.coaching\/\",\"https:\/\/ro.linkedin.com\/in\/magda-lemnaru-38981a7a\"]}]}<\/script>\n<!-- \/ Yoast SEO plugin. -->","yoast_head_json":{"title":"Why me? - Mindset Evolution","description":"Because I live and experience in my own life what I have written in this site. Transformative coaching has opened me to unlimited horizons and opportunities.","robots":{"index":"index","follow":"follow","max-snippet":"max-snippet:-1","max-image-preview":"max-image-preview:large","max-video-preview":"max-video-preview:-1"},"canonical":"https:\/\/mindsetevolution.ro\/ro\/why-me\/","og_locale":"ro_RO","og_type":"article","og_title":"Why me? - Mindset Evolution","og_description":"Because I live and experience in my own life what I have written in this site. Transformative coaching has opened me to unlimited horizons and opportunities.","og_url":"https:\/\/mindsetevolution.ro\/ro\/why-me\/","og_site_name":"Mindset Evolution","article_publisher":"https:\/\/www.facebook.com\/Xpress-Coaching-100769995616687","article_modified_time":"2023-09-01T19:46:28+00:00","og_image":[{"url":"https:\/\/mindsetevolution.ro\/wp-content\/uploads\/2023\/08\/WhatsApp-Image-2023-08-24-at-6.18.04-PM.jpeg"}],"twitter_card":"summary_large_image","twitter_misc":{"Timp estimat pentru citire":"1 minut"},"schema":{"@context":"https:\/\/schema.org","@graph":[{"@type":"WebPage","@id":"https:\/\/mindsetevolution.ro\/why-me\/","url":"https:\/\/mindsetevolution.ro\/why-me\/","name":"Why me? - Mindset Evolution","isPartOf":{"@id":"https:\/\/mindsetevolution.ro\/#website"},"primaryImageOfPage":{"@id":"https:\/\/mindsetevolution.ro\/why-me\/#primaryimage"},"image":{"@id":"https:\/\/mindsetevolution.ro\/why-me\/#primaryimage"},"thumbnailUrl":"https:\/\/mindsetevolution.ro\/wp-content\/uploads\/2023\/08\/WhatsApp-Image-2023-08-24-at-6.18.04-PM.jpeg","datePublished":"2021-08-04T07:10:19+00:00","dateModified":"2023-09-01T19:46:28+00:00","description":"Because I live and experience in my own life what I have written in this site. Transformative coaching has opened me to unlimited horizons and opportunities.","breadcrumb":{"@id":"https:\/\/mindsetevolution.ro\/why-me\/#breadcrumb"},"inLanguage":"ro-RO","potentialAction":[{"@type":"ReadAction","target":["https:\/\/mindsetevolution.ro\/why-me\/"]}]},{"@type":"ImageObject","inLanguage":"ro-RO","@id":"https:\/\/mindsetevolution.ro\/why-me\/#primaryimage","url":"https:\/\/mindsetevolution.ro\/wp-content\/uploads\/2023\/08\/WhatsApp-Image-2023-08-24-at-6.18.04-PM.jpeg","contentUrl":"https:\/\/mindsetevolution.ro\/wp-content\/uploads\/2023\/08\/WhatsApp-Image-2023-08-24-at-6.18.04-PM.jpeg"},{"@type":"BreadcrumbList","@id":"https:\/\/mindsetevolution.ro\/why-me\/#breadcrumb","itemListElement":[{"@type":"ListItem","position":1,"name":"Home","item":"https:\/\/mindsetevolution.ro\/"},{"@type":"ListItem","position":2,"name":"Why me?"}]},{"@type":"WebSite","@id":"https:\/\/mindsetevolution.ro\/#website","url":"https:\/\/mindsetevolution.ro\/","name":"Mindset Evolution","description":"A journey of the self.\u201d The light in me greets the light in you\u201d","publisher":{"@id":"https:\/\/mindsetevolution.ro\/#organization"},"potentialAction":[{"@type":"SearchAction","target":{"@type":"EntryPoint","urlTemplate":"https:\/\/mindsetevolution.ro\/?s={search_term_string}"},"query-input":"required name=search_term_string"}],"inLanguage":"ro-RO"},{"@type":"Organization","@id":"https:\/\/mindsetevolution.ro\/#organization","name":"xpresscoaching","url":"https:\/\/mindsetevolution.ro\/","logo":{"@type":"ImageObject","inLanguage":"ro-RO","@id":"https:\/\/mindsetevolution.ro\/#\/schema\/logo\/image\/","url":"https:\/\/mindsetevolution.ro\/wp-content\/uploads\/2021\/09\/Logo-Xpress-Coaching-1-scaled.jpg","contentUrl":"https:\/\/mindsetevolution.ro\/wp-content\/uploads\/2021\/09\/Logo-Xpress-Coaching-1-scaled.jpg","width":2560,"height":1048,"caption":"xpresscoaching"},"image":{"@id":"https:\/\/mindsetevolution.ro\/#\/schema\/logo\/image\/"},"sameAs":["https:\/\/www.facebook.com\/Xpress-Coaching-100769995616687","https:\/\/www.instagram.com\/xpress.coaching\/","https:\/\/ro.linkedin.com\/in\/magda-lemnaru-38981a7a"]}]}},"_links":{"self":[{"href":"https:\/\/mindsetevolution.ro\/ro\/wp-json\/wp\/v2\/pages\/3075","targetHints":{"allow":["GET"]}}],"collection":[{"href":"https:\/\/mindsetevolution.ro\/ro\/wp-json\/wp\/v2\/pages"}],"about":[{"href":"https:\/\/mindsetevolution.ro\/ro\/wp-json\/wp\/v2\/types\/page"}],"author":[{"embeddable":true,"href":"https:\/\/mindsetevolution.ro\/ro\/wp-json\/wp\/v2\/users\/1"}],"replies":[{"embeddable":true,"href":"https:\/\/mindsetevolution.ro\/ro\/wp-json\/wp\/v2\/comments?post=3075"}],"version-history":[{"count":80,"href":"https:\/\/mindsetevolution.ro\/ro\/wp-json\/wp\/v2\/pages\/3075\/revisions"}],"predecessor-version":[{"id":6859,"href":"https:\/\/mindsetevolution.ro\/ro\/wp-json\/wp\/v2\/pages\/3075\/revisions\/6859"}],"wp:attachment":[{"href":"https:\/\/mindsetevolution.ro\/ro\/wp-json\/wp\/v2\/media?parent=3075"}],"curies":[{"name":"wp","href":"https:\/\/api.w.org\/{rel}","templated":true}]}}