{"id":3073,"date":"2021-08-04T07:09:55","date_gmt":"2021-08-04T07:09:55","guid":{"rendered":"https:\/\/mindsetevolution.ro\/?page_id=3073"},"modified":"2023-09-01T22:50:08","modified_gmt":"2023-09-01T19:50:08","slug":"transformative-coaching","status":"publish","type":"page","link":"https:\/\/mindsetevolution.ro\/ro\/transformative-coaching\/","title":{"rendered":"Coaching transforma\u021bional"},"content":{"rendered":"<div data-elementor-type=\"wp-page\" data-elementor-id=\"3073\" class=\"elementor elementor-3073\">\n\t\t\t\t\t\t\t\t\t<section class=\"elementor-section elementor-top-section elementor-element elementor-element-53201976 elementor-section-full_width elementor-section-height-default elementor-section-height-default\" data-id=\"53201976\" data-element_type=\"section\">\r\n\t\t\t\r\n\t\t\t\t\t\t\t\t\t<div class=\"elementor-container elementor-column-gap-extended\">\r\n\t\t\t\t\t\t\t\t\t\t\t<div class=\"elementor-column elementor-col-33 elementor-top-column elementor-element elementor-element-2b225120\" data-id=\"2b225120\" data-element_type=\"column\">\r\n\r\n\t\t\t\t\t<div class=\"elementor-widget-wrap\">\r\n\t\t\t\t\t\t\t\t\t<\/div>\r\n\t\t\t\t<\/div>\r\n\t\t\t\t<div class=\"elementor-column elementor-col-33 elementor-top-column elementor-element elementor-element-63ee0b29\" data-id=\"63ee0b29\" data-element_type=\"column\">\r\n\r\n\t\t\t\t\t<div class=\"elementor-widget-wrap elementor-element-populated\">\r\n\t\t\t\t\t\t\t\t<div class=\"elementor-element elementor-element-40a55580 elementor-widget elementor-widget-heading\" data-id=\"40a55580\" data-element_type=\"widget\" data-widget_type=\"heading.default\">\n\t\t\t\t<div class=\"elementor-widget-container\">\n\t\t\t<h1 class=\"elementor-heading-title elementor-size-default\">Coaching-ul transforma\u021bional<\/h1>\t\t<\/div>\n\t\t\t\t<\/div>\n\t\t\t\t\t<\/div>\r\n\t\t\t\t<\/div>\r\n\t\t\t\t<div class=\"elementor-column elementor-col-33 elementor-top-column elementor-element elementor-element-5ca807e3\" data-id=\"5ca807e3\" data-element_type=\"column\">\r\n\r\n\t\t\t\t\t<div class=\"elementor-widget-wrap\">\r\n\t\t\t\t\t\t\t\t\t<\/div>\r\n\t\t\t\t<\/div>\r\n\t\t\t\t\t\t<\/div>\r\n\t\t\t\t<\/section>\r\n\t\t\t\t<section class=\"elementor-section elementor-top-section elementor-element elementor-element-663e8275 elementor-section-boxed elementor-section-height-default elementor-section-height-default\" data-id=\"663e8275\" data-element_type=\"section\">\r\n\t\t\t\r\n\t\t\t\t\t\t\t\t\t<div class=\"elementor-container elementor-column-gap-default\">\r\n\t\t\t\t\t\t\t\t\t\t\t<div class=\"elementor-column elementor-col-66 elementor-top-column elementor-element elementor-element-4fd2a18a\" data-id=\"4fd2a18a\" data-element_type=\"column\">\r\n\r\n\t\t\t\t\t<div class=\"elementor-widget-wrap elementor-element-populated\">\r\n\t\t\t\t\t\t\t\t<div class=\"elementor-element elementor-element-3e75c49 elementor-widget elementor-widget-text-editor\" data-id=\"3e75c49\" data-element_type=\"widget\" data-widget_type=\"text-editor.default\">\n\t\t\t\t<div class=\"elementor-widget-container\">\n\t\t\t\t\t\t\t<p style=\"text-align: justify;\"><strong>Coaching-ul transforma\u021bional<\/strong> urmeaz\u0103 at\u00e2t principiile <strong>psihologiei pozitive<\/strong> care ofer\u0103 \u00een\u021belegerea cu privire la ceea ce alimenteaz\u0103 mintea cu pozitivitate \u0219i o \u00eemputernice\u0219te s\u0103 fie inventiv\u0103 \u0219i creativ\u0103, c\u00e2t \u0219i cele ale <strong>psihologiei transpersonale.<\/strong>Astfel, clientul este acompaniat spre a con\u0219tientiza ceea ce face sens pentru el, spre unificarea tuturor p\u0103r\u021bilor care formeaz\u0103 \u201e\u00eentregul\u201d s\u0103u. Din \u201epovestea\u201d relatat\u0103, coach-ul oglinde\u0219te clientul \u0219i, \u00een acelasi timp, \u00eel sprijin\u0103 pentru a deveni observatorul propriilor g\u00e2nduri. Cine este clientul dincolo de percep\u021bii, presupuneri, credin\u021be limitative. Prin sondarea subcon\u0219tientului clientului \u0219i discriminarea \u00eentre ceea ce face sau nu sens pentru client, irumpe adevarata sa putere, resursele interioare, folosite, ulterior, \u00een \u00eendeplinirea obiectivului personal.<\/p><p><strong>Coaching-ul transforma\u021bional<\/strong>cu o structur\u0103 patentat\u0103 \u00een cadrul Coach Masters Academy (Singapore), propune o conversa\u021bie coach-client de tipul: <strong><em>Con\u0219tientizare-Claritate-Alegere<\/em><\/strong>Coach-ul creeaz\u0103 spa\u021biul de prezen\u021b\u0103, ascultare \u0219i \u00eencredere, \u00een autenticitate, acceptan\u021b\u0103 \u0219i empatie. Urmeaz\u0103 agenda \u0219i ritmul clientului. Eviden\u021biaz\u0103 punctele forte \u0219i onoreaz\u0103 deschiderea \u0219i vulnerabilitatea clientului. Valideaz\u0103 cu recuno\u0219tiin\u021ba munca clientului.<\/p><p><strong>Coaching-ul transforma\u021bional<\/strong> are \u00een centrul s\u0103u \u201eCINE\u201d este clientul \u0219i nu ce probleme l-au \u201edefinit\u201d \u00een trecut. \u00cen acel spa\u021biu, devenit liber de prejudec\u0103\u021bi, temeri sau credin\u021be limitative, se na\u0219te o nou\u0103 \u00een\u021belegere pentru client, generatoare de motiva\u021bie \u0219i exprimare de sine.<\/p><p><strong>Coaching-ul transforma\u021bional<\/strong> schimb\u0103 vie\u021bi. Sunt aici s\u0103 \u00ee\u021bi fiu tovar\u0103\u0219 de drum. Spre ceea ce alegi S\u0102 FII.<\/p><p><strong><em>Bine ai venit la bordul corabiei tale!<\/em><\/strong><\/p>\t\t\t\t\t\t<\/div>\n\t\t\t\t<\/div>\n\t\t\t\t\t<\/div>\r\n\t\t\t\t<\/div>\r\n\t\t\t\t<div class=\"elementor-column elementor-col-33 elementor-top-column elementor-element elementor-element-167d7805\" data-id=\"167d7805\" data-element_type=\"column\">\r\n\r\n\t\t\t\t\t<div class=\"elementor-widget-wrap elementor-element-populated\">\r\n\t\t\t\t\t\t\t\t<div class=\"elementor-element elementor-element-c5e2c7a elementor-widget elementor-widget-image\" data-id=\"c5e2c7a\" data-element_type=\"widget\" data-widget_type=\"image.default\">\n\t\t\t\t<div class=\"elementor-widget-container\">\n\t\t\t\t\t\t\t\t\t\t\t\t\t\t\t<img fetchpriority=\"high\" decoding=\"async\" width=\"600\" height=\"900\" src=\"https:\/\/mindsetevolution.ro\/wp-content\/uploads\/2021\/08\/Coaching_Coaching-transformational_P72B1049aba_prelucrata.jpg\" class=\"attachment-full size-full wp-image-3640\" alt=\"\" srcset=\"https:\/\/mindsetevolution.ro\/wp-content\/uploads\/2021\/08\/Coaching_Coaching-transformational_P72B1049aba_prelucrata.jpg 600w, https:\/\/mindsetevolution.ro\/wp-content\/uploads\/2021\/08\/Coaching_Coaching-transformational_P72B1049aba_prelucrata-400x600.jpg 400w\" sizes=\"(max-width: 600px) 100vw, 600px\" \/>\t\t\t\t\t\t\t\t\t\t\t\t\t\t\t<\/div>\n\t\t\t\t<\/div>\n\t\t\t\t\t<\/div>\r\n\t\t\t\t<\/div>\r\n\t\t\t\t\t\t<\/div>\r\n\t\t\t\t<\/section>\r\n\t\t\t\t\t\t\t<\/div>","protected":false},"excerpt":{"rendered":"<p>Transformative Coaching\u200b Transformative coaching follows both the principles of positive psychology that provide understanding of what feeds the mind positively and empowers it to be inventive and creative and those of transpersonal psychology. Thus, the client is accompanied to become aware of what makes sense for him, to unify all the parts that make up [&hellip;]<\/p>","protected":false},"author":1,"featured_media":0,"parent":0,"menu_order":0,"comment_status":"closed","ping_status":"closed","template":"","meta":{"footnotes":""},"class_list":["post-3073","page","type-page","status-publish","hentry"],"yoast_head":"<!-- This site is optimized with the Yoast SEO plugin v22.8 - https:\/\/yoast.com\/wordpress\/plugins\/seo\/ -->\n<title>Transformative Coaching - Mindset Evolution<\/title>\n<meta name=\"description\" content=\"Transformative coaching changes lives and follows both the principles of positive psychology and those of transpersonal psychology.\" \/>\n<meta name=\"robots\" content=\"index, follow, max-snippet:-1, max-image-preview:large, max-video-preview:-1\" \/>\n<link rel=\"canonical\" href=\"https:\/\/mindsetevolution.ro\/ro\/transformative-coaching\/\" \/>\n<meta property=\"og:locale\" content=\"ro_RO\" \/>\n<meta property=\"og:type\" content=\"article\" \/>\n<meta property=\"og:title\" content=\"Transformative Coaching - Mindset Evolution\" \/>\n<meta property=\"og:description\" content=\"Transformative coaching changes lives and follows both the principles of positive psychology and those of transpersonal psychology.\" \/>\n<meta property=\"og:url\" content=\"https:\/\/mindsetevolution.ro\/ro\/transformative-coaching\/\" \/>\n<meta property=\"og:site_name\" content=\"Mindset Evolution\" \/>\n<meta property=\"article:publisher\" content=\"https:\/\/www.facebook.com\/Xpress-Coaching-100769995616687\" \/>\n<meta property=\"article:modified_time\" content=\"2023-09-01T19:50:08+00:00\" \/>\n<meta property=\"og:image\" content=\"https:\/\/mindsetevolution.ro\/wp-content\/uploads\/2021\/08\/Coaching_Coaching-transformational_P72B1049aba_prelucrata.jpg\" \/>\n<meta name=\"twitter:card\" content=\"summary_large_image\" \/>\n<meta name=\"twitter:label1\" content=\"Timp estimat pentru citire\" \/>\n\t<meta name=\"twitter:data1\" content=\"2 minute\" \/>\n<script type=\"application\/ld+json\" class=\"yoast-schema-graph\">{\"@context\":\"https:\/\/schema.org\",\"@graph\":[{\"@type\":\"WebPage\",\"@id\":\"https:\/\/mindsetevolution.ro\/transformative-coaching\/\",\"url\":\"https:\/\/mindsetevolution.ro\/transformative-coaching\/\",\"name\":\"Transformative Coaching - Mindset Evolution\",\"isPartOf\":{\"@id\":\"https:\/\/mindsetevolution.ro\/#website\"},\"primaryImageOfPage\":{\"@id\":\"https:\/\/mindsetevolution.ro\/transformative-coaching\/#primaryimage\"},\"image\":{\"@id\":\"https:\/\/mindsetevolution.ro\/transformative-coaching\/#primaryimage\"},\"thumbnailUrl\":\"https:\/\/mindsetevolution.ro\/wp-content\/uploads\/2021\/08\/Coaching_Coaching-transformational_P72B1049aba_prelucrata.jpg\",\"datePublished\":\"2021-08-04T07:09:55+00:00\",\"dateModified\":\"2023-09-01T19:50:08+00:00\",\"description\":\"Transformative coaching changes lives and follows both the principles of positive psychology and those of transpersonal psychology.\",\"breadcrumb\":{\"@id\":\"https:\/\/mindsetevolution.ro\/transformative-coaching\/#breadcrumb\"},\"inLanguage\":\"ro-RO\",\"potentialAction\":[{\"@type\":\"ReadAction\",\"target\":[\"https:\/\/mindsetevolution.ro\/transformative-coaching\/\"]}]},{\"@type\":\"ImageObject\",\"inLanguage\":\"ro-RO\",\"@id\":\"https:\/\/mindsetevolution.ro\/transformative-coaching\/#primaryimage\",\"url\":\"https:\/\/mindsetevolution.ro\/wp-content\/uploads\/2021\/08\/Coaching_Coaching-transformational_P72B1049aba_prelucrata.jpg\",\"contentUrl\":\"https:\/\/mindsetevolution.ro\/wp-content\/uploads\/2021\/08\/Coaching_Coaching-transformational_P72B1049aba_prelucrata.jpg\"},{\"@type\":\"BreadcrumbList\",\"@id\":\"https:\/\/mindsetevolution.ro\/transformative-coaching\/#breadcrumb\",\"itemListElement\":[{\"@type\":\"ListItem\",\"position\":1,\"name\":\"Home\",\"item\":\"https:\/\/mindsetevolution.ro\/\"},{\"@type\":\"ListItem\",\"position\":2,\"name\":\"Transformative Coaching\"}]},{\"@type\":\"WebSite\",\"@id\":\"https:\/\/mindsetevolution.ro\/#website\",\"url\":\"https:\/\/mindsetevolution.ro\/\",\"name\":\"Mindset Evolution\",\"description\":\"A journey of the self.\u201d The light in me greets the light in you\u201d\",\"publisher\":{\"@id\":\"https:\/\/mindsetevolution.ro\/#organization\"},\"potentialAction\":[{\"@type\":\"SearchAction\",\"target\":{\"@type\":\"EntryPoint\",\"urlTemplate\":\"https:\/\/mindsetevolution.ro\/?s={search_term_string}\"},\"query-input\":\"required name=search_term_string\"}],\"inLanguage\":\"ro-RO\"},{\"@type\":\"Organization\",\"@id\":\"https:\/\/mindsetevolution.ro\/#organization\",\"name\":\"xpresscoaching\",\"url\":\"https:\/\/mindsetevolution.ro\/\",\"logo\":{\"@type\":\"ImageObject\",\"inLanguage\":\"ro-RO\",\"@id\":\"https:\/\/mindsetevolution.ro\/#\/schema\/logo\/image\/\",\"url\":\"https:\/\/mindsetevolution.ro\/wp-content\/uploads\/2021\/09\/Logo-Xpress-Coaching-1-scaled.jpg\",\"contentUrl\":\"https:\/\/mindsetevolution.ro\/wp-content\/uploads\/2021\/09\/Logo-Xpress-Coaching-1-scaled.jpg\",\"width\":2560,\"height\":1048,\"caption\":\"xpresscoaching\"},\"image\":{\"@id\":\"https:\/\/mindsetevolution.ro\/#\/schema\/logo\/image\/\"},\"sameAs\":[\"https:\/\/www.facebook.com\/Xpress-Coaching-100769995616687\",\"https:\/\/www.instagram.com\/xpress.coaching\/\",\"https:\/\/ro.linkedin.com\/in\/magda-lemnaru-38981a7a\"]}]}<\/script>\n<!-- \/ Yoast SEO plugin. -->","yoast_head_json":{"title":"Transformative Coaching - Mindset Evolution","description":"Transformative coaching changes lives and follows both the principles of positive psychology and those of transpersonal psychology.","robots":{"index":"index","follow":"follow","max-snippet":"max-snippet:-1","max-image-preview":"max-image-preview:large","max-video-preview":"max-video-preview:-1"},"canonical":"https:\/\/mindsetevolution.ro\/ro\/transformative-coaching\/","og_locale":"ro_RO","og_type":"article","og_title":"Transformative Coaching - Mindset Evolution","og_description":"Transformative coaching changes lives and follows both the principles of positive psychology and those of transpersonal psychology.","og_url":"https:\/\/mindsetevolution.ro\/ro\/transformative-coaching\/","og_site_name":"Mindset Evolution","article_publisher":"https:\/\/www.facebook.com\/Xpress-Coaching-100769995616687","article_modified_time":"2023-09-01T19:50:08+00:00","og_image":[{"url":"https:\/\/mindsetevolution.ro\/wp-content\/uploads\/2021\/08\/Coaching_Coaching-transformational_P72B1049aba_prelucrata.jpg"}],"twitter_card":"summary_large_image","twitter_misc":{"Timp estimat pentru citire":"2 minute"},"schema":{"@context":"https:\/\/schema.org","@graph":[{"@type":"WebPage","@id":"https:\/\/mindsetevolution.ro\/transformative-coaching\/","url":"https:\/\/mindsetevolution.ro\/transformative-coaching\/","name":"Transformative Coaching - Mindset Evolution","isPartOf":{"@id":"https:\/\/mindsetevolution.ro\/#website"},"primaryImageOfPage":{"@id":"https:\/\/mindsetevolution.ro\/transformative-coaching\/#primaryimage"},"image":{"@id":"https:\/\/mindsetevolution.ro\/transformative-coaching\/#primaryimage"},"thumbnailUrl":"https:\/\/mindsetevolution.ro\/wp-content\/uploads\/2021\/08\/Coaching_Coaching-transformational_P72B1049aba_prelucrata.jpg","datePublished":"2021-08-04T07:09:55+00:00","dateModified":"2023-09-01T19:50:08+00:00","description":"Transformative coaching changes lives and follows both the principles of positive psychology and those of transpersonal psychology.","breadcrumb":{"@id":"https:\/\/mindsetevolution.ro\/transformative-coaching\/#breadcrumb"},"inLanguage":"ro-RO","potentialAction":[{"@type":"ReadAction","target":["https:\/\/mindsetevolution.ro\/transformative-coaching\/"]}]},{"@type":"ImageObject","inLanguage":"ro-RO","@id":"https:\/\/mindsetevolution.ro\/transformative-coaching\/#primaryimage","url":"https:\/\/mindsetevolution.ro\/wp-content\/uploads\/2021\/08\/Coaching_Coaching-transformational_P72B1049aba_prelucrata.jpg","contentUrl":"https:\/\/mindsetevolution.ro\/wp-content\/uploads\/2021\/08\/Coaching_Coaching-transformational_P72B1049aba_prelucrata.jpg"},{"@type":"BreadcrumbList","@id":"https:\/\/mindsetevolution.ro\/transformative-coaching\/#breadcrumb","itemListElement":[{"@type":"ListItem","position":1,"name":"Home","item":"https:\/\/mindsetevolution.ro\/"},{"@type":"ListItem","position":2,"name":"Transformative Coaching"}]},{"@type":"WebSite","@id":"https:\/\/mindsetevolution.ro\/#website","url":"https:\/\/mindsetevolution.ro\/","name":"Mindset Evolution","description":"A journey of the self.\u201d The light in me greets the light in you\u201d","publisher":{"@id":"https:\/\/mindsetevolution.ro\/#organization"},"potentialAction":[{"@type":"SearchAction","target":{"@type":"EntryPoint","urlTemplate":"https:\/\/mindsetevolution.ro\/?s={search_term_string}"},"query-input":"required name=search_term_string"}],"inLanguage":"ro-RO"},{"@type":"Organization","@id":"https:\/\/mindsetevolution.ro\/#organization","name":"xpresscoaching","url":"https:\/\/mindsetevolution.ro\/","logo":{"@type":"ImageObject","inLanguage":"ro-RO","@id":"https:\/\/mindsetevolution.ro\/#\/schema\/logo\/image\/","url":"https:\/\/mindsetevolution.ro\/wp-content\/uploads\/2021\/09\/Logo-Xpress-Coaching-1-scaled.jpg","contentUrl":"https:\/\/mindsetevolution.ro\/wp-content\/uploads\/2021\/09\/Logo-Xpress-Coaching-1-scaled.jpg","width":2560,"height":1048,"caption":"xpresscoaching"},"image":{"@id":"https:\/\/mindsetevolution.ro\/#\/schema\/logo\/image\/"},"sameAs":["https:\/\/www.facebook.com\/Xpress-Coaching-100769995616687","https:\/\/www.instagram.com\/xpress.coaching\/","https:\/\/ro.linkedin.com\/in\/magda-lemnaru-38981a7a"]}]}},"_links":{"self":[{"href":"https:\/\/mindsetevolution.ro\/ro\/wp-json\/wp\/v2\/pages\/3073","targetHints":{"allow":["GET"]}}],"collection":[{"href":"https:\/\/mindsetevolution.ro\/ro\/wp-json\/wp\/v2\/pages"}],"about":[{"href":"https:\/\/mindsetevolution.ro\/ro\/wp-json\/wp\/v2\/types\/page"}],"author":[{"embeddable":true,"href":"https:\/\/mindsetevolution.ro\/ro\/wp-json\/wp\/v2\/users\/1"}],"replies":[{"embeddable":true,"href":"https:\/\/mindsetevolution.ro\/ro\/wp-json\/wp\/v2\/comments?post=3073"}],"version-history":[{"count":32,"href":"https:\/\/mindsetevolution.ro\/ro\/wp-json\/wp\/v2\/pages\/3073\/revisions"}],"predecessor-version":[{"id":6862,"href":"https:\/\/mindsetevolution.ro\/ro\/wp-json\/wp\/v2\/pages\/3073\/revisions\/6862"}],"wp:attachment":[{"href":"https:\/\/mindsetevolution.ro\/ro\/wp-json\/wp\/v2\/media?parent=3073"}],"curies":[{"name":"wp","href":"https:\/\/api.w.org\/{rel}","templated":true}]}}