{"id":2892,"date":"2021-08-03T11:34:58","date_gmt":"2021-08-03T11:34:58","guid":{"rendered":"https:\/\/mindsetevolution.ro\/?page_id=2892"},"modified":"2024-09-10T12:20:34","modified_gmt":"2024-09-10T09:20:34","slug":"transformative-coaching-sessions","status":"publish","type":"page","link":"https:\/\/mindsetevolution.ro\/ro\/transformative-coaching-sessions\/","title":{"rendered":"Sesiuni de Coaching Transforma\u021bional"},"content":{"rendered":"<div data-elementor-type=\"wp-page\" data-elementor-id=\"2892\" class=\"elementor elementor-2892\">\n\t\t\t\t\t\t\t\t\t<section class=\"elementor-section elementor-top-section elementor-element elementor-element-b914c2a elementor-section-boxed elementor-section-height-default elementor-section-height-default\" data-id=\"b914c2a\" data-element_type=\"section\">\r\n\t\t\t\r\n\t\t\t\t\t\t\t\t\t<div class=\"elementor-container elementor-column-gap-default\">\r\n\t\t\t\t\t\t\t\t\t\t\t<div class=\"elementor-column elementor-col-100 elementor-top-column elementor-element elementor-element-ab3e481\" data-id=\"ab3e481\" data-element_type=\"column\">\r\n\r\n\t\t\t\t\t<div class=\"elementor-widget-wrap elementor-element-populated\">\r\n\t\t\t\t\t\t\t\t<div class=\"elementor-element elementor-element-d09e9a5 elementor-widget elementor-widget-image\" data-id=\"d09e9a5\" data-element_type=\"widget\" data-widget_type=\"image.default\">\n\t\t\t\t<div class=\"elementor-widget-container\">\n\t\t\t\t\t\t\t\t\t\t\t\t\t\t\t<img decoding=\"async\" width=\"262\" height=\"162\" src=\"https:\/\/mindsetevolution.ro\/wp-content\/uploads\/2023\/09\/coaching_transformational.jpg\" class=\"attachment-large size-large wp-image-6952\" alt=\"\" \/>\t\t\t\t\t\t\t\t\t\t\t\t\t\t\t<\/div>\n\t\t\t\t<\/div>\n\t\t\t\t<div class=\"elementor-element elementor-element-7f7c05f elementor-widget elementor-widget-text-editor\" data-id=\"7f7c05f\" data-element_type=\"widget\" data-widget_type=\"text-editor.default\">\n\t\t\t\t<div class=\"elementor-widget-container\">\n\t\t\t\t\t\t\t<p><strong>Coaching-ul este un sport de echip\u0103, iar echipa este format\u0103, acum, din noi doi.<\/strong><br \/><strong>\u00cen sesiunile de coaching 1&#215;1,<\/strong> vom parcurge \u00eempreun\u0103 un proces adaptat nevoilor tale, o c\u0103l\u0103torie de descoperire,cre\u0219tere interioar\u0103, de explorare a perspectivelor de p\u00e2n\u0103 acum, de eliberare a credin\u021belor limitative \u0219i a blocajelor care te-au \u021binut pe loc \u0219i au \u00eempiedicat succesul.<\/p>\t\t\t\t\t\t<\/div>\n\t\t\t\t<\/div>\n\t\t\t\t\t<\/div>\r\n\t\t\t\t<\/div>\r\n\t\t\t\t\t\t<\/div>\r\n\t\t\t\t<\/section>\r\n\t\t\t\t<section class=\"elementor-section elementor-top-section elementor-element elementor-element-921d5b2 elementor-section-boxed elementor-section-height-default elementor-section-height-default\" data-id=\"921d5b2\" data-element_type=\"section\">\r\n\t\t\t\r\n\t\t\t\t\t\t\t\t\t<div class=\"elementor-container elementor-column-gap-default\">\r\n\t\t\t\t\t\t\t\t\t\t\t<div class=\"elementor-column elementor-col-100 elementor-top-column elementor-element elementor-element-4991bf4\" data-id=\"4991bf4\" data-element_type=\"column\">\r\n\r\n\t\t\t\t\t<div class=\"elementor-widget-wrap elementor-element-populated\">\r\n\t\t\t\t\t\t\t\t<div class=\"elementor-element elementor-element-71b9f1c elementor-align-center elementor-widget elementor-widget-button\" data-id=\"71b9f1c\" data-element_type=\"widget\" data-widget_type=\"button.default\">\n\t\t\t\t<div class=\"elementor-widget-container\">\n\t\t\t\t\t<div class=\"elementor-button-wrapper\">\n\t\t\t<a class=\"elementor-button elementor-button-link elementor-size-md\" href=\"https:\/\/wa.me\/40723585850?text=%C3%8Enscriere%20retreat\" target=\"_blank\">\n\t\t\t\t\t\t<span class=\"elementor-button-content-wrapper\">\n\t\t\t\t\t\t<span class=\"elementor-button-icon elementor-align-icon-right\">\n\t\t\t\t<i aria-hidden=\"true\" class=\"fab fa-whatsapp\"><\/i>\t\t\t<\/span>\n\t\t\t\t\t\t<span class=\"elementor-button-text\">\u00censcrie-te sau cere detalii<\/span>\n\t\t<\/span>\n\t\t\t\t\t<\/a>\n\t\t<\/div>\n\t\t\t\t<\/div>\n\t\t\t\t<\/div>\n\t\t\t\t\t<\/div>\r\n\t\t\t\t<\/div>\r\n\t\t\t\t\t\t<\/div>\r\n\t\t\t\t<\/section>\r\n\t\t\t\t<section class=\"elementor-section elementor-top-section elementor-element elementor-element-c1bee08 elementor-section-boxed elementor-section-height-default elementor-section-height-default\" data-id=\"c1bee08\" data-element_type=\"section\">\r\n\t\t\t\r\n\t\t\t\t\t\t\t\t\t<div class=\"elementor-container elementor-column-gap-default\">\r\n\t\t\t\t\t\t\t\t\t\t\t<div class=\"elementor-column elementor-col-100 elementor-top-column elementor-element elementor-element-eeb2603\" data-id=\"eeb2603\" data-element_type=\"column\">\r\n\r\n\t\t\t\t\t<div class=\"elementor-widget-wrap\">\r\n\t\t\t\t\t\t\t\t\t<\/div>\r\n\t\t\t\t<\/div>\r\n\t\t\t\t\t\t<\/div>\r\n\t\t\t\t<\/section>\r\n\t\t\t\t<section class=\"elementor-section elementor-top-section elementor-element elementor-element-6797f6b elementor-section-boxed elementor-section-height-default elementor-section-height-default\" data-id=\"6797f6b\" data-element_type=\"section\">\r\n\t\t\t\r\n\t\t\t\t\t\t\t\t\t<div class=\"elementor-container elementor-column-gap-default\">\r\n\t\t\t\t\t\t\t\t\t\t\t<div class=\"elementor-column elementor-col-100 elementor-top-column elementor-element elementor-element-c9ae75c\" data-id=\"c9ae75c\" data-element_type=\"column\">\r\n\r\n\t\t\t\t\t<div class=\"elementor-widget-wrap\">\r\n\t\t\t\t\t\t\t\t\t<\/div>\r\n\t\t\t\t<\/div>\r\n\t\t\t\t\t\t<\/div>\r\n\t\t\t\t<\/section>\r\n\t\t\t\t<section class=\"elementor-section elementor-top-section elementor-element elementor-element-b5a6ced elementor-section-content-middle overflow-hidden custom-pos-static custom-banner-size custom-benefit-padding elementor-section-boxed elementor-section-height-default elementor-section-height-default\" data-id=\"b5a6ced\" data-element_type=\"section\" data-settings=\"{&quot;background_background&quot;:&quot;classic&quot;}\">\r\n\t\t\t\r\n\t\t\t\t\t\t\t\t\t<div class=\"elementor-container elementor-column-gap-default\">\r\n\t\t\t\t\t\t\t\t\t\t\t<div class=\"elementor-column elementor-col-100 elementor-top-column elementor-element elementor-element-221cdcb w-100 m-b-xlg\" data-id=\"221cdcb\" data-element_type=\"column\">\r\n\r\n\t\t\t\t\t<div class=\"elementor-widget-wrap elementor-element-populated\">\r\n\t\t\t\t\t\t\t\t<div class=\"elementor-element elementor-element-306d8b4 shape-divider shape-divider-reverse h-102 z-index-3 elementor-widget elementor-widget-html\" data-id=\"306d8b4\" data-element_type=\"widget\" data-widget_type=\"html.default\">\n\t\t\t\t<div class=\"elementor-widget-container\">\n\t\t\t<svg version=\"1.1\" xmlns=\"http:\/\/www.w3.org\/2000\/svg\" xmlns:xlink=\"http:\/\/www.w3.org\/1999\/xlink\" x=\"0px\" y=\"0px\" viewbox=\"0 0 1920 102\" preserveaspectratio=\"none\">\n    <polygon fill=\"#F3F3F3\" points=\"0,65 220,35 562,63 931,10 1410,68 1920,16 1920,103 0,103 \"><\/polygon>\n    <polygon fill=\"#EDEDED\" points=\"0,82 219,51 562,78 931,26 1409,83 1920,32 1920,103 0,103 \"><\/polygon>\n<\/svg>\t\t<\/div>\n\t\t\t\t<\/div>\n\t\t\t\t\t<\/div>\r\n\t\t\t\t<\/div>\r\n\t\t\t\t\t\t<\/div>\r\n\t\t\t\t<\/section>\r\n\t\t\t\t\t\t\t<\/div>","protected":false},"excerpt":{"rendered":"<p>Coaching-ul este un sport de echip\u0103, iar echipa este format\u0103, acum, din noi doi.\u00cen sesiunile de coaching 1&#215;1, vom parcurge \u00eempreun\u0103 un proces adaptat nevoilor tale, o c\u0103l\u0103torie de descoperire,cre\u0219tere interioar\u0103, de explorare a perspectivelor de p\u00e2n\u0103 acum, de eliberare a credin\u021belor limitative \u0219i a blocajelor care te-au \u021binut pe loc \u0219i au \u00eempiedicat succesul. [&hellip;]<\/p>","protected":false},"author":1,"featured_media":0,"parent":0,"menu_order":0,"comment_status":"closed","ping_status":"closed","template":"","meta":{"footnotes":""},"class_list":["post-2892","page","type-page","status-publish","hentry"],"yoast_head":"<!-- This site is optimized with the Yoast SEO plugin v22.8 - https:\/\/yoast.com\/wordpress\/plugins\/seo\/ -->\n<title>Transformative Coaching Sessions - Mindset Evolution<\/title>\n<meta name=\"robots\" content=\"index, follow, max-snippet:-1, max-image-preview:large, max-video-preview:-1\" \/>\n<link rel=\"canonical\" href=\"https:\/\/mindsetevolution.ro\/ro\/transformative-coaching-sessions\/\" \/>\n<meta property=\"og:locale\" content=\"ro_RO\" \/>\n<meta property=\"og:type\" content=\"article\" \/>\n<meta property=\"og:title\" content=\"Transformative Coaching Sessions - Mindset Evolution\" \/>\n<meta property=\"og:description\" content=\"Coaching-ul este un sport de echip\u0103, iar echipa este format\u0103, acum, din noi doi.\u00cen sesiunile de coaching 1&#215;1, vom parcurge \u00eempreun\u0103 un proces adaptat nevoilor tale, o c\u0103l\u0103torie de descoperire,cre\u0219tere interioar\u0103, de explorare a perspectivelor de p\u00e2n\u0103 acum, de eliberare a credin\u021belor limitative \u0219i a blocajelor care te-au \u021binut pe loc \u0219i au \u00eempiedicat succesul. [&hellip;]\" \/>\n<meta property=\"og:url\" content=\"https:\/\/mindsetevolution.ro\/ro\/transformative-coaching-sessions\/\" \/>\n<meta property=\"og:site_name\" content=\"Mindset Evolution\" \/>\n<meta property=\"article:publisher\" content=\"https:\/\/www.facebook.com\/Xpress-Coaching-100769995616687\" \/>\n<meta property=\"article:modified_time\" content=\"2024-09-10T09:20:34+00:00\" \/>\n<meta property=\"og:image\" content=\"https:\/\/mindsetevolution.ro\/wp-content\/uploads\/2023\/09\/coaching_transformational.jpg\" \/>\n<meta name=\"twitter:card\" content=\"summary_large_image\" \/>\n<meta name=\"twitter:label1\" content=\"Timp estimat pentru citire\" \/>\n\t<meta name=\"twitter:data1\" content=\"1 minut\" \/>\n<script type=\"application\/ld+json\" class=\"yoast-schema-graph\">{\"@context\":\"https:\/\/schema.org\",\"@graph\":[{\"@type\":\"WebPage\",\"@id\":\"https:\/\/mindsetevolution.ro\/transformative-coaching-sessions\/\",\"url\":\"https:\/\/mindsetevolution.ro\/transformative-coaching-sessions\/\",\"name\":\"Transformative Coaching Sessions - Mindset Evolution\",\"isPartOf\":{\"@id\":\"https:\/\/mindsetevolution.ro\/#website\"},\"primaryImageOfPage\":{\"@id\":\"https:\/\/mindsetevolution.ro\/transformative-coaching-sessions\/#primaryimage\"},\"image\":{\"@id\":\"https:\/\/mindsetevolution.ro\/transformative-coaching-sessions\/#primaryimage\"},\"thumbnailUrl\":\"https:\/\/mindsetevolution.ro\/wp-content\/uploads\/2023\/09\/coaching_transformational.jpg\",\"datePublished\":\"2021-08-03T11:34:58+00:00\",\"dateModified\":\"2024-09-10T09:20:34+00:00\",\"breadcrumb\":{\"@id\":\"https:\/\/mindsetevolution.ro\/transformative-coaching-sessions\/#breadcrumb\"},\"inLanguage\":\"ro-RO\",\"potentialAction\":[{\"@type\":\"ReadAction\",\"target\":[\"https:\/\/mindsetevolution.ro\/transformative-coaching-sessions\/\"]}]},{\"@type\":\"ImageObject\",\"inLanguage\":\"ro-RO\",\"@id\":\"https:\/\/mindsetevolution.ro\/transformative-coaching-sessions\/#primaryimage\",\"url\":\"https:\/\/mindsetevolution.ro\/wp-content\/uploads\/2023\/09\/coaching_transformational.jpg\",\"contentUrl\":\"https:\/\/mindsetevolution.ro\/wp-content\/uploads\/2023\/09\/coaching_transformational.jpg\"},{\"@type\":\"BreadcrumbList\",\"@id\":\"https:\/\/mindsetevolution.ro\/transformative-coaching-sessions\/#breadcrumb\",\"itemListElement\":[{\"@type\":\"ListItem\",\"position\":1,\"name\":\"Home\",\"item\":\"https:\/\/mindsetevolution.ro\/\"},{\"@type\":\"ListItem\",\"position\":2,\"name\":\"Transformative Coaching Sessions\"}]},{\"@type\":\"WebSite\",\"@id\":\"https:\/\/mindsetevolution.ro\/#website\",\"url\":\"https:\/\/mindsetevolution.ro\/\",\"name\":\"Mindset Evolution\",\"description\":\"A journey of the self.\u201d The light in me greets the light in you\u201d\",\"publisher\":{\"@id\":\"https:\/\/mindsetevolution.ro\/#organization\"},\"potentialAction\":[{\"@type\":\"SearchAction\",\"target\":{\"@type\":\"EntryPoint\",\"urlTemplate\":\"https:\/\/mindsetevolution.ro\/?s={search_term_string}\"},\"query-input\":\"required name=search_term_string\"}],\"inLanguage\":\"ro-RO\"},{\"@type\":\"Organization\",\"@id\":\"https:\/\/mindsetevolution.ro\/#organization\",\"name\":\"xpresscoaching\",\"url\":\"https:\/\/mindsetevolution.ro\/\",\"logo\":{\"@type\":\"ImageObject\",\"inLanguage\":\"ro-RO\",\"@id\":\"https:\/\/mindsetevolution.ro\/#\/schema\/logo\/image\/\",\"url\":\"https:\/\/mindsetevolution.ro\/wp-content\/uploads\/2021\/09\/Logo-Xpress-Coaching-1-scaled.jpg\",\"contentUrl\":\"https:\/\/mindsetevolution.ro\/wp-content\/uploads\/2021\/09\/Logo-Xpress-Coaching-1-scaled.jpg\",\"width\":2560,\"height\":1048,\"caption\":\"xpresscoaching\"},\"image\":{\"@id\":\"https:\/\/mindsetevolution.ro\/#\/schema\/logo\/image\/\"},\"sameAs\":[\"https:\/\/www.facebook.com\/Xpress-Coaching-100769995616687\",\"https:\/\/www.instagram.com\/xpress.coaching\/\",\"https:\/\/ro.linkedin.com\/in\/magda-lemnaru-38981a7a\"]}]}<\/script>\n<!-- \/ Yoast SEO plugin. -->","yoast_head_json":{"title":"Transformative Coaching Sessions - Mindset Evolution","robots":{"index":"index","follow":"follow","max-snippet":"max-snippet:-1","max-image-preview":"max-image-preview:large","max-video-preview":"max-video-preview:-1"},"canonical":"https:\/\/mindsetevolution.ro\/ro\/transformative-coaching-sessions\/","og_locale":"ro_RO","og_type":"article","og_title":"Transformative Coaching Sessions - Mindset Evolution","og_description":"Coaching-ul este un sport de echip\u0103, iar echipa este format\u0103, acum, din noi doi.\u00cen sesiunile de coaching 1&#215;1, vom parcurge \u00eempreun\u0103 un proces adaptat nevoilor tale, o c\u0103l\u0103torie de descoperire,cre\u0219tere interioar\u0103, de explorare a perspectivelor de p\u00e2n\u0103 acum, de eliberare a credin\u021belor limitative \u0219i a blocajelor care te-au \u021binut pe loc \u0219i au \u00eempiedicat succesul. [&hellip;]","og_url":"https:\/\/mindsetevolution.ro\/ro\/transformative-coaching-sessions\/","og_site_name":"Mindset Evolution","article_publisher":"https:\/\/www.facebook.com\/Xpress-Coaching-100769995616687","article_modified_time":"2024-09-10T09:20:34+00:00","og_image":[{"url":"https:\/\/mindsetevolution.ro\/wp-content\/uploads\/2023\/09\/coaching_transformational.jpg"}],"twitter_card":"summary_large_image","twitter_misc":{"Timp estimat pentru citire":"1 minut"},"schema":{"@context":"https:\/\/schema.org","@graph":[{"@type":"WebPage","@id":"https:\/\/mindsetevolution.ro\/transformative-coaching-sessions\/","url":"https:\/\/mindsetevolution.ro\/transformative-coaching-sessions\/","name":"Transformative Coaching Sessions - Mindset Evolution","isPartOf":{"@id":"https:\/\/mindsetevolution.ro\/#website"},"primaryImageOfPage":{"@id":"https:\/\/mindsetevolution.ro\/transformative-coaching-sessions\/#primaryimage"},"image":{"@id":"https:\/\/mindsetevolution.ro\/transformative-coaching-sessions\/#primaryimage"},"thumbnailUrl":"https:\/\/mindsetevolution.ro\/wp-content\/uploads\/2023\/09\/coaching_transformational.jpg","datePublished":"2021-08-03T11:34:58+00:00","dateModified":"2024-09-10T09:20:34+00:00","breadcrumb":{"@id":"https:\/\/mindsetevolution.ro\/transformative-coaching-sessions\/#breadcrumb"},"inLanguage":"ro-RO","potentialAction":[{"@type":"ReadAction","target":["https:\/\/mindsetevolution.ro\/transformative-coaching-sessions\/"]}]},{"@type":"ImageObject","inLanguage":"ro-RO","@id":"https:\/\/mindsetevolution.ro\/transformative-coaching-sessions\/#primaryimage","url":"https:\/\/mindsetevolution.ro\/wp-content\/uploads\/2023\/09\/coaching_transformational.jpg","contentUrl":"https:\/\/mindsetevolution.ro\/wp-content\/uploads\/2023\/09\/coaching_transformational.jpg"},{"@type":"BreadcrumbList","@id":"https:\/\/mindsetevolution.ro\/transformative-coaching-sessions\/#breadcrumb","itemListElement":[{"@type":"ListItem","position":1,"name":"Home","item":"https:\/\/mindsetevolution.ro\/"},{"@type":"ListItem","position":2,"name":"Transformative Coaching Sessions"}]},{"@type":"WebSite","@id":"https:\/\/mindsetevolution.ro\/#website","url":"https:\/\/mindsetevolution.ro\/","name":"Mindset Evolution","description":"A journey of the self.\u201d The light in me greets the light in you\u201d","publisher":{"@id":"https:\/\/mindsetevolution.ro\/#organization"},"potentialAction":[{"@type":"SearchAction","target":{"@type":"EntryPoint","urlTemplate":"https:\/\/mindsetevolution.ro\/?s={search_term_string}"},"query-input":"required name=search_term_string"}],"inLanguage":"ro-RO"},{"@type":"Organization","@id":"https:\/\/mindsetevolution.ro\/#organization","name":"xpresscoaching","url":"https:\/\/mindsetevolution.ro\/","logo":{"@type":"ImageObject","inLanguage":"ro-RO","@id":"https:\/\/mindsetevolution.ro\/#\/schema\/logo\/image\/","url":"https:\/\/mindsetevolution.ro\/wp-content\/uploads\/2021\/09\/Logo-Xpress-Coaching-1-scaled.jpg","contentUrl":"https:\/\/mindsetevolution.ro\/wp-content\/uploads\/2021\/09\/Logo-Xpress-Coaching-1-scaled.jpg","width":2560,"height":1048,"caption":"xpresscoaching"},"image":{"@id":"https:\/\/mindsetevolution.ro\/#\/schema\/logo\/image\/"},"sameAs":["https:\/\/www.facebook.com\/Xpress-Coaching-100769995616687","https:\/\/www.instagram.com\/xpress.coaching\/","https:\/\/ro.linkedin.com\/in\/magda-lemnaru-38981a7a"]}]}},"_links":{"self":[{"href":"https:\/\/mindsetevolution.ro\/ro\/wp-json\/wp\/v2\/pages\/2892","targetHints":{"allow":["GET"]}}],"collection":[{"href":"https:\/\/mindsetevolution.ro\/ro\/wp-json\/wp\/v2\/pages"}],"about":[{"href":"https:\/\/mindsetevolution.ro\/ro\/wp-json\/wp\/v2\/types\/page"}],"author":[{"embeddable":true,"href":"https:\/\/mindsetevolution.ro\/ro\/wp-json\/wp\/v2\/users\/1"}],"replies":[{"embeddable":true,"href":"https:\/\/mindsetevolution.ro\/ro\/wp-json\/wp\/v2\/comments?post=2892"}],"version-history":[{"count":60,"href":"https:\/\/mindsetevolution.ro\/ro\/wp-json\/wp\/v2\/pages\/2892\/revisions"}],"predecessor-version":[{"id":7495,"href":"https:\/\/mindsetevolution.ro\/ro\/wp-json\/wp\/v2\/pages\/2892\/revisions\/7495"}],"wp:attachment":[{"href":"https:\/\/mindsetevolution.ro\/ro\/wp-json\/wp\/v2\/media?parent=2892"}],"curies":[{"name":"wp","href":"https:\/\/api.w.org\/{rel}","templated":true}]}}