{"id":2888,"date":"2021-08-03T11:30:52","date_gmt":"2021-08-03T11:30:52","guid":{"rendered":"https:\/\/mindsetevolution.ro\/?page_id=2888"},"modified":"2023-08-31T10:44:01","modified_gmt":"2023-08-31T07:44:01","slug":"coaching","status":"publish","type":"page","link":"https:\/\/mindsetevolution.ro\/ro\/coaching\/","title":{"rendered":"Coaching"},"content":{"rendered":"<div data-elementor-type=\"wp-page\" data-elementor-id=\"2888\" class=\"elementor elementor-2888\">\n\t\t\t\t\t\t\t\t\t<section class=\"elementor-section elementor-top-section elementor-element elementor-element-9dee415 elementor-section-full_width elementor-section-height-default elementor-section-height-default\" data-id=\"9dee415\" data-element_type=\"section\">\r\n\t\t\t\r\n\t\t\t\t\t\t\t\t\t<div class=\"elementor-container elementor-column-gap-extended\">\r\n\t\t\t\t\t\t\t\t\t\t\t<div class=\"elementor-column elementor-col-33 elementor-top-column elementor-element elementor-element-51f5b12\" data-id=\"51f5b12\" data-element_type=\"column\">\r\n\r\n\t\t\t\t\t<div class=\"elementor-widget-wrap\">\r\n\t\t\t\t\t\t\t\t\t<\/div>\r\n\t\t\t\t<\/div>\r\n\t\t\t\t<div class=\"elementor-column elementor-col-33 elementor-top-column elementor-element elementor-element-e5a43c5\" data-id=\"e5a43c5\" data-element_type=\"column\">\r\n\r\n\t\t\t\t\t<div class=\"elementor-widget-wrap elementor-element-populated\">\r\n\t\t\t\t\t\t\t\t<div class=\"elementor-element elementor-element-ed3f6e4 elementor-widget elementor-widget-heading\" data-id=\"ed3f6e4\" data-element_type=\"widget\" data-widget_type=\"heading.default\">\n\t\t\t\t<div class=\"elementor-widget-container\">\n\t\t\t<h1 class=\"elementor-heading-title elementor-size-default\">Ce este coaching-ul?<\/h1>\t\t<\/div>\n\t\t\t\t<\/div>\n\t\t\t\t\t<\/div>\r\n\t\t\t\t<\/div>\r\n\t\t\t\t<div class=\"elementor-column elementor-col-33 elementor-top-column elementor-element elementor-element-2dc0e93\" data-id=\"2dc0e93\" data-element_type=\"column\">\r\n\r\n\t\t\t\t\t<div class=\"elementor-widget-wrap\">\r\n\t\t\t\t\t\t\t\t\t<\/div>\r\n\t\t\t\t<\/div>\r\n\t\t\t\t\t\t<\/div>\r\n\t\t\t\t<\/section>\r\n\t\t\t\t<section class=\"elementor-section elementor-top-section elementor-element elementor-element-4fdc59b elementor-section-boxed elementor-section-height-default elementor-section-height-default\" data-id=\"4fdc59b\" data-element_type=\"section\">\r\n\t\t\t\r\n\t\t\t\t\t\t\t\t\t<div class=\"elementor-container elementor-column-gap-default\">\r\n\t\t\t\t\t\t\t\t\t\t\t<div class=\"elementor-column elementor-col-100 elementor-top-column elementor-element elementor-element-87d3e7d\" data-id=\"87d3e7d\" data-element_type=\"column\">\r\n\r\n\t\t\t\t\t<div class=\"elementor-widget-wrap elementor-element-populated\">\r\n\t\t\t\t\t\t\t\t<div class=\"elementor-element elementor-element-7e7fec5 elementor-widget elementor-widget-text-editor\" data-id=\"7e7fec5\" data-element_type=\"widget\" data-widget_type=\"text-editor.default\">\n\t\t\t\t<div class=\"elementor-widget-container\">\n\t\t\t\t\t\t\t<p><strong>Pu\u021bin\u0103 istorie \u2026<\/strong><\/p><p>Coachingul a avut ca start-up, jocul de tenis. \u201eP\u0103rintele\u201d sau Timothy Gallwey, n\u0103scut \u00een 1938, \u00een San Francisco, a fost juc\u0103tor de tenis \u0219i, ulterior, c\u0103pitanul echipei de tenis a Universit\u0103\u021bii Harvard (1960). De-a lungul carierei sale, a descoperit c\u0103 metodele tradi\u021bionale nu dau rezultate de durat\u0103 \u00een ceea ce prive\u0219te performan\u021ba juc\u0103torilor, a\u0219a \u00eenc\u00e2t, \u0219i-a invitat studen\u021bii s\u0103-\u0219i concentreze aten\u021bia doar asupra loviturilor, f\u0103r\u0103 s\u0103 utilizeze g\u00e2ndirea critic\u0103 sau s\u0103 se for\u021beze s\u0103 dea \u201elovitura perfect\u0103\u201d. Astfel, prin \u201elini\u0219tirea\u201d g\u00e2ndirii critice, a auto-interferen\u021bei analitice, juc\u0103torii au reu\u0219it s\u0103-\u0219i valorifice abilit\u0103\u021bile naturale cu o mai mare u\u0219urin\u021b\u0103 \u0219i \u00eentr-un ritm care i-a propulsat c\u0103tre performan\u021ba pe termen lung.<\/p><p>Aceast\u0103 descoperire a condus la apari\u021bia primei c\u0103r\u021bi a lui Gallwey, \u201eThe Inner Game of Tennis\u201d (\u201eJocul interior \u00een Tenis\u201d), v\u00e2ndut \u00een peste 2 milioane de exemplare. Alte c\u0103r\u021bi din seria \u201eInner Game\u201d includ aplica\u021bii pentru golf, schi, muzic\u0103, munc\u0103 \u0219i stres.<\/p><p>\u00a0\u00cen anii care au urmat lans\u0103rii primei sale c\u0103r\u021bi, cititorii au \u00eenceput s\u0103 foloseasc\u0103 metodele \u201eInner Game\u201d \u00een via\u021ba lor privat\u0103, \u201e\u00een afara terenului\u201d, iar Tim a \u00eenceput s\u0103 aplice metodele de schimbare din \u201eThe Inner Game\u201d \u00een activitatea corporatist\u0103 (la clien\u021bi precum Apple, Coca Cola, Rolls Royce, la care a aplicat \u201eThe Inner Game of coaching\u201d pentru leadership, v\u00e2nz\u0103ri, managementul schimb\u0103rilor, munca \u00een echip\u0103). Activitatea lui Gallwey a fost adesea creditat\u0103 at\u00e2t drept fundament al noilor domenii din corpora\u021bii, c\u00e2t \u0219i al unui sector nou, \u201elife-coaching\u201d.<\/p><p>Contemporan cu Gallwey, de altfel instruit de acesta la Universitatea Harvard \u0219i provenind tot din lumea sportului, sir John Whitmore a fondat \u201eThe Inner Game\u201d \u00een Marea Britanie, \u00een 1979, cu o mic\u0103 echip\u0103 de antrenori, cu Gallwey \u00een calitate de trainer. Ini\u021bial, au antrenat juc\u0103tori de tenis \u0219i juc\u0103tori de golf, dar, destul de rapid, au transpus valoarea din \u201eInner Game\u201d \u00een mediul de business, pentru liderii \u0219i managerii organiza\u021biilor. Sir John Whitmore a fost cel care a inventat termenul \u201ecoaching de performan\u021b\u0103\u201d \u2013 astfel a luat na\u0219tere mi\u0219carea modern\u0103 de coaching a\u0219a cum o cunoa\u0219tem noi.<\/p><p>Federa\u021bia Interna\u021bional\u0103 de Coaching (ICF) define\u0219te coaching-ul drept un \u201cparteneriat care accelereaz\u0103 ritmul de \u00eenv\u0103\u021bare al clientului, performan\u021ba \u0219i progresul acestuia pe plan personal \u0219i profesional\u201d.<\/p><p>Coaching-ul pune accentul pe o viziune personal\u0103, pe autoevaluare \u0219i, mai ales, pe autoperfec\u0163ionare. Fie c\u0103 de\u021bii o companie, e\u0219ti angajat, sportiv, \u00een c\u0103utare de job sau freelancer, via\u021ba ta urmeaz\u0103 s\u0103 se schimbe \u00een bine. Ce vei ob\u021bine: o perspectiv\u0103 mai larg\u0103 asupra propriei persoane, a rela\u021biilor cu ceilal\u021bi \u0219i asupra propriei afaceri, o viziune elaborat\u0103 asupra unei misiuni personale bazat\u0103 pe valori proprii, o direc\u021bie clar\u0103 de dezvoltare.<\/p><p>\u00cen coaching, fiecare client este unic, cu propriile obiective, contexte, situa\u021bii de via\u021b\u0103. Coach-ul nu ofer\u0103 clientului solu\u0163ii \u201ela cheie\u201d, bazate pe propriile experien\u021be, ci consider\u0103 c\u0103 fiecare client de\u021bine r\u0103spunsurile la propriile \u00eentreb\u0103ri. \u201eMunca\u201d coach-ului este s\u0103 sprijine clientul \u00een a ob\u021bine CLARITATE, de a eviden\u021bia aspectele \u201enev\u0103zute\u201d din povestea sa, de a le aduce \u00een lumina con\u0219tiin\u021bei \u0219i a observa cum se unesc piesele de \u201epuzzle\u201d \u00een aceast\u0103 <strong><em>c\u0103l\u0103torie a sinelui.<\/em><\/strong>Este un dans \u00een doi, \u00een care fiecare pas creeaz\u0103 premizele unei vibra\u021bii proaspete, ale unei noi coregrafii de via\u021b\u0103. Aceasta se realizeaz\u0103 prin descoperirea\/redescoperirea resurselor interne ale clientului, a faptului c\u0103 el de\u021bine \u201echeia\u201d, doar straturile care o acoper\u0103 trebuie, r\u00e2nd pe r\u00e2nd, date la o parte, \u00een ritmul propriu al clientului. \u201ePole-pole\u201d (u\u0219or-u\u0219or) \u00een limbajul popula\u021biei Swahili (Africa).<\/p><p>Scopul principal al coaching-ului este implinirea fiec\u0103ruia dintre noi ca indivizi, pe multiple planuri (profesional, personal, emo\u021bional, spiritual etc.), prin definirea unor obiective concrete \u0219i identificarea c\u0103ilor optime pentru atingerea lor. Presupune o rela\u021bie profesional\u0103 unic\u0103, \u00een care coach-ul acompaniaz\u0103 clientul pentru a stabili \u0219i a atinge obiective care fac sens pentru el.\u00a0 \u00a0\u00a0<\/p><p><strong><em>\"C\u00e2nd plant\u0103m o s\u0103m\u00e2n\u021b\u0103 de trandafir \u00een p\u0103m\u00e2nt, observ\u0103m c\u0103 este mic\u0103, dar nu o critic\u0103m ca fiind \u201df\u0103r\u0103 r\u0103d\u0103cini \u0219i f\u0103r\u0103 tulpin\u0103.\u201d \" \u2013 Tim Gallwey<\/em><\/strong><\/p>\t\t\t\t\t\t<\/div>\n\t\t\t\t<\/div>\n\t\t\t\t<div class=\"elementor-element elementor-element-990b13e elementor-widget elementor-widget-text-editor\" data-id=\"990b13e\" data-element_type=\"widget\" data-widget_type=\"text-editor.default\">\n\t\t\t\t<div class=\"elementor-widget-container\">\n\t\t\t\t\t\t\t<p><strong>Tipuri de coaching<\/strong><br \/>De\u0219i principiile \u0219i scopul coaching-ului r\u0103m\u00e2n neschimbate, \u0219colile de coaching au creat ni\u0219e \u00een livrarea mai multor tipuri de coaching. De\u0219i acela\u0219i filon conductor (\u00eemplinirea individual\u0103, rela\u021bional\u0103, profesional\u0103), aceast\u0103 structurare te ajut\u0103 s\u0103 identifici ariile din via\u021ba ta care necesit\u0103 aten\u021bie \u00een mod deosebit:<\/p>\t\t\t\t\t\t<\/div>\n\t\t\t\t<\/div>\n\t\t\t\t\t<\/div>\r\n\t\t\t\t<\/div>\r\n\t\t\t\t\t\t<\/div>\r\n\t\t\t\t<\/section>\r\n\t\t\t\t<section class=\"elementor-section elementor-top-section elementor-element elementor-element-a27e444 elementor-section-boxed elementor-section-height-default elementor-section-height-default\" data-id=\"a27e444\" data-element_type=\"section\">\r\n\t\t\t\r\n\t\t\t\t\t\t\t\t\t<div class=\"elementor-container elementor-column-gap-default\">\r\n\t\t\t\t\t\t\t\t\t\t\t<div class=\"elementor-column elementor-col-50 elementor-top-column elementor-element elementor-element-30489f4\" data-id=\"30489f4\" data-element_type=\"column\">\r\n\r\n\t\t\t\t\t<div class=\"elementor-widget-wrap elementor-element-populated\">\r\n\t\t\t\t\t\t\t\t<div class=\"elementor-element elementor-element-fd45d39 elementor-widget elementor-widget-text-editor\" data-id=\"fd45d39\" data-element_type=\"widget\" data-widget_type=\"text-editor.default\">\n\t\t\t\t<div class=\"elementor-widget-container\">\n\t\t\t\t\t\t\t<ul><li>Business Coaching<\/li><li>Career Coaching<\/li><li>Executive Coaching<\/li><li>Entrepreneurship Coaching<\/li><li>Parenting Coaching<\/li><li>Personal Development Coaching<\/li><li><strong>Coaching transforma\u021bional<\/strong><\/li><li>Health Coaching<\/li><li>Leadership Coaching<\/li><li>Public Speaking Coaching<\/li><\/ul>\t\t\t\t\t\t<\/div>\n\t\t\t\t<\/div>\n\t\t\t\t\t<\/div>\r\n\t\t\t\t<\/div>\r\n\t\t\t\t<div class=\"elementor-column elementor-col-50 elementor-top-column elementor-element elementor-element-0359912\" data-id=\"0359912\" data-element_type=\"column\">\r\n\r\n\t\t\t\t\t<div class=\"elementor-widget-wrap elementor-element-populated\">\r\n\t\t\t\t\t\t\t\t<div class=\"elementor-element elementor-element-4094237 elementor-widget elementor-widget-text-editor\" data-id=\"4094237\" data-element_type=\"widget\" data-widget_type=\"text-editor.default\">\n\t\t\t\t<div class=\"elementor-widget-container\">\n\t\t\t\t\t\t\t<ul><li>Motivational Coaching<\/li><li>Life Coaching<\/li><li>Marketing &amp; Sales Coaching<\/li><li>Management Coaching<\/li><li>Personal Coaching<\/li><li>Relationship Coaching<\/li><li>Spiritual Coaching<\/li><li>High Performance Coaching<\/li><li>Team Coaching etc.<\/li><\/ul>\t\t\t\t\t\t<\/div>\n\t\t\t\t<\/div>\n\t\t\t\t\t<\/div>\r\n\t\t\t\t<\/div>\r\n\t\t\t\t\t\t<\/div>\r\n\t\t\t\t<\/section>\r\n\t\t\t\t<section class=\"elementor-section elementor-top-section elementor-element elementor-element-eff1f6a elementor-section-boxed elementor-section-height-default elementor-section-height-default\" data-id=\"eff1f6a\" data-element_type=\"section\">\r\n\t\t\t\r\n\t\t\t\t\t\t\t\t\t<div class=\"elementor-container elementor-column-gap-default\">\r\n\t\t\t\t\t\t\t\t\t\t\t<div class=\"elementor-column elementor-col-100 elementor-top-column elementor-element elementor-element-c73deed\" data-id=\"c73deed\" data-element_type=\"column\">\r\n\r\n\t\t\t\t\t<div class=\"elementor-widget-wrap elementor-element-populated\">\r\n\t\t\t\t\t\t\t\t<div class=\"elementor-element elementor-element-ad90cd0 elementor-widget elementor-widget-text-editor\" data-id=\"ad90cd0\" data-element_type=\"widget\" data-widget_type=\"text-editor.default\">\n\t\t\t\t<div class=\"elementor-widget-container\">\n\t\t\t\t\t\t\t<p>Aceast\u0103 structurare te ajut\u0103 s\u0103 identifici domeniile din via\u021ba ta care necesit\u0103 o aten\u021bie special\u0103.<\/p>\t\t\t\t\t\t<\/div>\n\t\t\t\t<\/div>\n\t\t\t\t\t<\/div>\r\n\t\t\t\t<\/div>\r\n\t\t\t\t\t\t<\/div>\r\n\t\t\t\t<\/section>\r\n\t\t\t\t\t\t\t<\/div>","protected":false},"excerpt":{"rendered":"<p>What is a coaching? A little history &#8230; The coaching started as a tennis game. His &#8220;father&#8221;, Timothy Gallwey, born in 1938 in San Francisco, was a tennis player and later the captain of the Harvard University tennis team (1960). Throughout his career, he discovered that traditional methods do not give lasting results in terms [&hellip;]<\/p>","protected":false},"author":1,"featured_media":0,"parent":0,"menu_order":0,"comment_status":"closed","ping_status":"closed","template":"","meta":{"footnotes":""},"class_list":["post-2888","page","type-page","status-publish","hentry"],"yoast_head":"<!-- This site is optimized with the Yoast SEO plugin v22.8 - https:\/\/yoast.com\/wordpress\/plugins\/seo\/ -->\n<title>Coaching - Mindset Evolution<\/title>\n<meta name=\"description\" content=\"Coaching emphasizes a personal vision, self-evaluation and, especially, self-improvement. Get a broader perspective on yourself.\" \/>\n<meta name=\"robots\" content=\"index, follow, max-snippet:-1, max-image-preview:large, max-video-preview:-1\" \/>\n<link rel=\"canonical\" href=\"https:\/\/mindsetevolution.ro\/ro\/coaching\/\" \/>\n<meta property=\"og:locale\" content=\"ro_RO\" \/>\n<meta property=\"og:type\" content=\"article\" \/>\n<meta property=\"og:title\" content=\"Coaching - Mindset Evolution\" \/>\n<meta property=\"og:description\" content=\"Coaching emphasizes a personal vision, self-evaluation and, especially, self-improvement. Get a broader perspective on yourself.\" \/>\n<meta property=\"og:url\" content=\"https:\/\/mindsetevolution.ro\/ro\/coaching\/\" \/>\n<meta property=\"og:site_name\" content=\"Mindset Evolution\" \/>\n<meta property=\"article:publisher\" content=\"https:\/\/www.facebook.com\/Xpress-Coaching-100769995616687\" \/>\n<meta property=\"article:modified_time\" content=\"2023-08-31T07:44:01+00:00\" \/>\n<meta name=\"twitter:card\" content=\"summary_large_image\" \/>\n<meta name=\"twitter:label1\" content=\"Timp estimat pentru citire\" \/>\n\t<meta name=\"twitter:data1\" content=\"4 minute\" \/>\n<script type=\"application\/ld+json\" class=\"yoast-schema-graph\">{\"@context\":\"https:\/\/schema.org\",\"@graph\":[{\"@type\":\"WebPage\",\"@id\":\"https:\/\/mindsetevolution.ro\/coaching\/\",\"url\":\"https:\/\/mindsetevolution.ro\/coaching\/\",\"name\":\"Coaching - Mindset Evolution\",\"isPartOf\":{\"@id\":\"https:\/\/mindsetevolution.ro\/#website\"},\"datePublished\":\"2021-08-03T11:30:52+00:00\",\"dateModified\":\"2023-08-31T07:44:01+00:00\",\"description\":\"Coaching emphasizes a personal vision, self-evaluation and, especially, self-improvement. Get a broader perspective on yourself.\",\"breadcrumb\":{\"@id\":\"https:\/\/mindsetevolution.ro\/coaching\/#breadcrumb\"},\"inLanguage\":\"ro-RO\",\"potentialAction\":[{\"@type\":\"ReadAction\",\"target\":[\"https:\/\/mindsetevolution.ro\/coaching\/\"]}]},{\"@type\":\"BreadcrumbList\",\"@id\":\"https:\/\/mindsetevolution.ro\/coaching\/#breadcrumb\",\"itemListElement\":[{\"@type\":\"ListItem\",\"position\":1,\"name\":\"Home\",\"item\":\"https:\/\/mindsetevolution.ro\/\"},{\"@type\":\"ListItem\",\"position\":2,\"name\":\"Coaching\"}]},{\"@type\":\"WebSite\",\"@id\":\"https:\/\/mindsetevolution.ro\/#website\",\"url\":\"https:\/\/mindsetevolution.ro\/\",\"name\":\"Mindset Evolution\",\"description\":\"A journey of the self.\u201d The light in me greets the light in you\u201d\",\"publisher\":{\"@id\":\"https:\/\/mindsetevolution.ro\/#organization\"},\"potentialAction\":[{\"@type\":\"SearchAction\",\"target\":{\"@type\":\"EntryPoint\",\"urlTemplate\":\"https:\/\/mindsetevolution.ro\/?s={search_term_string}\"},\"query-input\":\"required name=search_term_string\"}],\"inLanguage\":\"ro-RO\"},{\"@type\":\"Organization\",\"@id\":\"https:\/\/mindsetevolution.ro\/#organization\",\"name\":\"xpresscoaching\",\"url\":\"https:\/\/mindsetevolution.ro\/\",\"logo\":{\"@type\":\"ImageObject\",\"inLanguage\":\"ro-RO\",\"@id\":\"https:\/\/mindsetevolution.ro\/#\/schema\/logo\/image\/\",\"url\":\"https:\/\/mindsetevolution.ro\/wp-content\/uploads\/2021\/09\/Logo-Xpress-Coaching-1-scaled.jpg\",\"contentUrl\":\"https:\/\/mindsetevolution.ro\/wp-content\/uploads\/2021\/09\/Logo-Xpress-Coaching-1-scaled.jpg\",\"width\":2560,\"height\":1048,\"caption\":\"xpresscoaching\"},\"image\":{\"@id\":\"https:\/\/mindsetevolution.ro\/#\/schema\/logo\/image\/\"},\"sameAs\":[\"https:\/\/www.facebook.com\/Xpress-Coaching-100769995616687\",\"https:\/\/www.instagram.com\/xpress.coaching\/\",\"https:\/\/ro.linkedin.com\/in\/magda-lemnaru-38981a7a\"]}]}<\/script>\n<!-- \/ Yoast SEO plugin. -->","yoast_head_json":{"title":"Coaching - Mindset Evolution","description":"Coaching emphasizes a personal vision, self-evaluation and, especially, self-improvement. Get a broader perspective on yourself.","robots":{"index":"index","follow":"follow","max-snippet":"max-snippet:-1","max-image-preview":"max-image-preview:large","max-video-preview":"max-video-preview:-1"},"canonical":"https:\/\/mindsetevolution.ro\/ro\/coaching\/","og_locale":"ro_RO","og_type":"article","og_title":"Coaching - Mindset Evolution","og_description":"Coaching emphasizes a personal vision, self-evaluation and, especially, self-improvement. Get a broader perspective on yourself.","og_url":"https:\/\/mindsetevolution.ro\/ro\/coaching\/","og_site_name":"Mindset Evolution","article_publisher":"https:\/\/www.facebook.com\/Xpress-Coaching-100769995616687","article_modified_time":"2023-08-31T07:44:01+00:00","twitter_card":"summary_large_image","twitter_misc":{"Timp estimat pentru citire":"4 minute"},"schema":{"@context":"https:\/\/schema.org","@graph":[{"@type":"WebPage","@id":"https:\/\/mindsetevolution.ro\/coaching\/","url":"https:\/\/mindsetevolution.ro\/coaching\/","name":"Coaching - Mindset Evolution","isPartOf":{"@id":"https:\/\/mindsetevolution.ro\/#website"},"datePublished":"2021-08-03T11:30:52+00:00","dateModified":"2023-08-31T07:44:01+00:00","description":"Coaching emphasizes a personal vision, self-evaluation and, especially, self-improvement. Get a broader perspective on yourself.","breadcrumb":{"@id":"https:\/\/mindsetevolution.ro\/coaching\/#breadcrumb"},"inLanguage":"ro-RO","potentialAction":[{"@type":"ReadAction","target":["https:\/\/mindsetevolution.ro\/coaching\/"]}]},{"@type":"BreadcrumbList","@id":"https:\/\/mindsetevolution.ro\/coaching\/#breadcrumb","itemListElement":[{"@type":"ListItem","position":1,"name":"Home","item":"https:\/\/mindsetevolution.ro\/"},{"@type":"ListItem","position":2,"name":"Coaching"}]},{"@type":"WebSite","@id":"https:\/\/mindsetevolution.ro\/#website","url":"https:\/\/mindsetevolution.ro\/","name":"Mindset Evolution","description":"A journey of the self.\u201d The light in me greets the light in you\u201d","publisher":{"@id":"https:\/\/mindsetevolution.ro\/#organization"},"potentialAction":[{"@type":"SearchAction","target":{"@type":"EntryPoint","urlTemplate":"https:\/\/mindsetevolution.ro\/?s={search_term_string}"},"query-input":"required name=search_term_string"}],"inLanguage":"ro-RO"},{"@type":"Organization","@id":"https:\/\/mindsetevolution.ro\/#organization","name":"xpresscoaching","url":"https:\/\/mindsetevolution.ro\/","logo":{"@type":"ImageObject","inLanguage":"ro-RO","@id":"https:\/\/mindsetevolution.ro\/#\/schema\/logo\/image\/","url":"https:\/\/mindsetevolution.ro\/wp-content\/uploads\/2021\/09\/Logo-Xpress-Coaching-1-scaled.jpg","contentUrl":"https:\/\/mindsetevolution.ro\/wp-content\/uploads\/2021\/09\/Logo-Xpress-Coaching-1-scaled.jpg","width":2560,"height":1048,"caption":"xpresscoaching"},"image":{"@id":"https:\/\/mindsetevolution.ro\/#\/schema\/logo\/image\/"},"sameAs":["https:\/\/www.facebook.com\/Xpress-Coaching-100769995616687","https:\/\/www.instagram.com\/xpress.coaching\/","https:\/\/ro.linkedin.com\/in\/magda-lemnaru-38981a7a"]}]}},"_links":{"self":[{"href":"https:\/\/mindsetevolution.ro\/ro\/wp-json\/wp\/v2\/pages\/2888","targetHints":{"allow":["GET"]}}],"collection":[{"href":"https:\/\/mindsetevolution.ro\/ro\/wp-json\/wp\/v2\/pages"}],"about":[{"href":"https:\/\/mindsetevolution.ro\/ro\/wp-json\/wp\/v2\/types\/page"}],"author":[{"embeddable":true,"href":"https:\/\/mindsetevolution.ro\/ro\/wp-json\/wp\/v2\/users\/1"}],"replies":[{"embeddable":true,"href":"https:\/\/mindsetevolution.ro\/ro\/wp-json\/wp\/v2\/comments?post=2888"}],"version-history":[{"count":107,"href":"https:\/\/mindsetevolution.ro\/ro\/wp-json\/wp\/v2\/pages\/2888\/revisions"}],"predecessor-version":[{"id":6831,"href":"https:\/\/mindsetevolution.ro\/ro\/wp-json\/wp\/v2\/pages\/2888\/revisions\/6831"}],"wp:attachment":[{"href":"https:\/\/mindsetevolution.ro\/ro\/wp-json\/wp\/v2\/media?parent=2888"}],"curies":[{"name":"wp","href":"https:\/\/api.w.org\/{rel}","templated":true}]}}