{"id":11,"date":"2021-02-10T02:33:27","date_gmt":"2021-02-10T02:33:27","guid":{"rendered":"http:\/\/sw-themes.com\/porto_dummy\/?page_id=11"},"modified":"2024-08-13T10:55:33","modified_gmt":"2024-08-13T07:55:33","slug":"about-me","status":"publish","type":"page","link":"https:\/\/mindsetevolution.ro\/ro\/about-me\/","title":{"rendered":"Despre mine"},"content":{"rendered":"<div data-elementor-type=\"wp-page\" data-elementor-id=\"11\" class=\"elementor elementor-11\">\n\t\t\t\t\t\t\t\t\t<section class=\"elementor-section elementor-top-section elementor-element elementor-element-29f3d64 elementor-section-boxed elementor-section-height-default elementor-section-height-default\" data-id=\"29f3d64\" data-element_type=\"section\">\r\n\t\t\t\r\n\t\t\t\t\t\t\t\t\t<div class=\"elementor-container elementor-column-gap-default\">\r\n\t\t\t\t\t\t\t\t\t\t\t<div class=\"elementor-column elementor-col-50 elementor-top-column elementor-element elementor-element-2da267f\" data-id=\"2da267f\" data-element_type=\"column\">\r\n\r\n\t\t\t\t\t<div class=\"elementor-widget-wrap elementor-element-populated\">\r\n\t\t\t\t\t\t\t\t<div class=\"elementor-element elementor-element-43062a8 elementor-widget elementor-widget-text-editor\" data-id=\"43062a8\" data-element_type=\"widget\" data-widget_type=\"text-editor.default\">\n\t\t\t\t<div class=\"elementor-widget-container\">\n\t\t\t\t\t\t\t<p><strong>Bun\u0103, sunt Magda.\u00a0<\/strong><\/p>\t\t\t\t\t\t<\/div>\n\t\t\t\t<\/div>\n\t\t\t\t<div class=\"elementor-element elementor-element-051d0db elementor-widget elementor-widget-text-editor\" data-id=\"051d0db\" data-element_type=\"widget\" data-widget_type=\"text-editor.default\">\n\t\t\t\t<div class=\"elementor-widget-container\">\n\t\t\t\t\t\t\t<p>M\u0103 bucur c\u0103 e\u0219ti aici. De c\u00e2nd m\u0103 \u0219tiu, am fost nes\u0103\u021bios de curioas\u0103 \u00een ceea ce prive\u0219te poten\u021bialul uman. Cum anume unii oamenii sunt ferici\u021bi, creativi, plini de succes \u00een timp ce al\u021bii se lupt\u0103 pentru a-\u0219i c\u00e2\u0219tiga existen\u021ba?! Exista o for\u021b\u0103 extern\u0103 nou\u0103 care ne or\u00e2nduie\u0219te via\u021ba iar noi nu suntem dec\u00e2t ni\u0219te \u201ep\u0103pu\u0219i\u201d cu soarta deja scris\u0103?! Cum poate o fiin\u021b\u0103 uman\u0103 s\u0103 ating\u0103 echilibrul (da, \u0219tiu, cuv\u00e2nt \u201ccu greutate\u201d!) \u00eentre ceea ce este \u00een interior \u0219i ceea ce \u201ceste\u201d \u00een societate?!<\/p><p>\u00cen mai mult de 15 ani de munc\u0103 \u00een mediul corporatist, \u00een care am ocupat pozi\u021bii de execu\u021bie \u0219i de conducere, am realizat faptul c\u0103 nu \u201cc\u0103utarea\u201d \u00een exterior este ceea ce ne da seva (de\u0219i, pe moment, titlurile \u0219i \u201conorurile\u201dne ame\u021besc \u00eentr-o be\u021bie am\u0103gitoare), ci\u2026re\u00eentoarcerea c\u0103tre CINE SUNTEM cu adev\u0103rat. At\u00e2t de simplu \u0219i, \u00een acela\u0219i timp, at\u00e2t de complicat. Societatea (\u00een sensul larg al cuv\u00e2ntului) nu ne \u00eenva\u021b\u0103 \u0219i nici nu permite s\u0103 ne l\u0103s\u0103m sedu\u0219i de simpl\u0103 bucurie interioar\u0103 c\u00e2nd facem ceva cu pasiune. C\u00e2nd doar SUNTEM \u00een prezent. Ne e team\u0103 de ce-am putea descoperi \u00een interior, ne e team\u0103 de\u2026libertatea noastr\u0103. De fapt, ce \u00eenseamn\u0103 asta? Ai fost vreodat\u0103 liber cu adev\u0103rat?<\/p><p>Cum ar fi dac\u0103 ai dizolva v\u0103lul care nu te las\u0103 s\u0103 te vezi exact a\u0219a cum e\u0219ti, \u00een ceea mai mare splendoare a fiin\u021bei tale?! \u00cenr\u0103d\u0103cinat \u00een \u201cmiezul\u201d t\u0103u \u0219i st\u0103p\u00e2n pe propria cale?! \u00cen propria EXPRIMARE DE SINE?! Au fost \u00eentreb\u0103ri pe care le-am tot adresat min\u021bii, dar care nu au c\u0103p\u0103tat r\u0103spuns dec\u00e2t atunci c\u00e2nd m-am aplecat c\u0103tre interior, spre ceea ce NU eram afara, dar \u0218TIAM c\u0103 SUNT c\u00e2nd eram dureros de sincer\u0103 cu mine.<\/p><p>\u00cen cuvinte pu\u021bine, aceasta a fost c\u0103utarea mea. \u00cen momentul c\u00e2nd am pus \u201cstop\u201d la ceea ce m\u0103 distr\u0103gea de pe cale, abia atunci am \u00eenceput procesul de A FI \u00een mine, cu mine. Mi-am descoperit \u201cikigaiul\u201d. Acum \u0219tiu c\u0103 fiecare zi e \u00eenc\u0103 un pas c\u0103tre inima mea.<\/p><p><strong><em>Te invit cu drag \u00een c\u0103l\u0103toria c\u0103tre tine, acolo unde SUNT adevaratele tale comori, unde suflul vie\u021bii \u00ee\u021bi arat\u0103\u2026calea ta.<\/em><\/strong><\/p>\t\t\t\t\t\t<\/div>\n\t\t\t\t<\/div>\n\t\t\t\t\t<\/div>\r\n\t\t\t\t<\/div>\r\n\t\t\t\t<div class=\"elementor-column elementor-col-50 elementor-top-column elementor-element elementor-element-ff7cebe\" data-id=\"ff7cebe\" data-element_type=\"column\">\r\n\r\n\t\t\t\t\t<div class=\"elementor-widget-wrap elementor-element-populated\">\r\n\t\t\t\t\t\t\t\t<div class=\"elementor-element elementor-element-d1e1a85 elementor-widget elementor-widget-image\" data-id=\"d1e1a85\" data-element_type=\"widget\" data-widget_type=\"image.default\">\n\t\t\t\t<div class=\"elementor-widget-container\">\n\t\t\t\t\t\t\t\t\t\t\t\t\t\t\t<img fetchpriority=\"high\" decoding=\"async\" width=\"461\" height=\"691\" src=\"https:\/\/mindsetevolution.ro\/wp-content\/uploads\/2024\/08\/d.jpg\" class=\"attachment-full size-full wp-image-7407\" alt=\"\" srcset=\"https:\/\/mindsetevolution.ro\/wp-content\/uploads\/2024\/08\/d.jpg 461w, https:\/\/mindsetevolution.ro\/wp-content\/uploads\/2024\/08\/d-400x600.jpg 400w\" sizes=\"(max-width: 461px) 100vw, 461px\" \/>\t\t\t\t\t\t\t\t\t\t\t\t\t\t\t<\/div>\n\t\t\t\t<\/div>\n\t\t\t\t\t<\/div>\r\n\t\t\t\t<\/div>\r\n\t\t\t\t\t\t<\/div>\r\n\t\t\t\t<\/section>\r\n\t\t\t\t\t\t\t<\/div>","protected":false},"excerpt":{"rendered":"<p>Hi, I\u2019m Magda. I\u2019m glad you\u2019re here.\u00a0 Ever since I know myself, I\u2019ve been insatiably curious about human potential. How are some people happy, creative, successful while others struggle to earn a living ?! Is there an external force that organizes our lives and we are just \u201cdolls\u201d with fate already written ?! How can [&hellip;]<\/p>","protected":false},"author":1,"featured_media":0,"parent":0,"menu_order":0,"comment_status":"closed","ping_status":"closed","template":"","meta":{"footnotes":""},"class_list":["post-11","page","type-page","status-publish","hentry"],"yoast_head":"<!-- This site is optimized with the Yoast SEO plugin v22.8 - https:\/\/yoast.com\/wordpress\/plugins\/seo\/ -->\n<title>About Me - Mindset Evolution<\/title>\n<meta name=\"description\" content=\"I have 15 years of work experience in the corporate environment, in which I held executive and management positions.\" \/>\n<meta name=\"robots\" content=\"index, follow, max-snippet:-1, max-image-preview:large, max-video-preview:-1\" \/>\n<link rel=\"canonical\" href=\"https:\/\/mindsetevolution.ro\/ro\/about-me\/\" \/>\n<meta property=\"og:locale\" content=\"ro_RO\" \/>\n<meta property=\"og:type\" content=\"article\" \/>\n<meta property=\"og:title\" content=\"About Me - Mindset Evolution\" \/>\n<meta property=\"og:description\" content=\"I have 15 years of work experience in the corporate environment, in which I held executive and management positions.\" \/>\n<meta property=\"og:url\" content=\"https:\/\/mindsetevolution.ro\/ro\/about-me\/\" \/>\n<meta property=\"og:site_name\" content=\"Mindset Evolution\" \/>\n<meta property=\"article:publisher\" content=\"https:\/\/www.facebook.com\/Xpress-Coaching-100769995616687\" \/>\n<meta property=\"article:modified_time\" content=\"2024-08-13T07:55:33+00:00\" \/>\n<meta property=\"og:image\" content=\"https:\/\/mindsetevolution.ro\/wp-content\/uploads\/2024\/08\/d.jpg\" \/>\n<meta name=\"twitter:card\" content=\"summary_large_image\" \/>\n<meta name=\"twitter:label1\" content=\"Timp estimat pentru citire\" \/>\n\t<meta name=\"twitter:data1\" content=\"3 minute\" \/>\n<script type=\"application\/ld+json\" class=\"yoast-schema-graph\">{\"@context\":\"https:\/\/schema.org\",\"@graph\":[{\"@type\":\"WebPage\",\"@id\":\"https:\/\/mindsetevolution.ro\/about-me\/\",\"url\":\"https:\/\/mindsetevolution.ro\/about-me\/\",\"name\":\"About Me - Mindset Evolution\",\"isPartOf\":{\"@id\":\"https:\/\/mindsetevolution.ro\/#website\"},\"primaryImageOfPage\":{\"@id\":\"https:\/\/mindsetevolution.ro\/about-me\/#primaryimage\"},\"image\":{\"@id\":\"https:\/\/mindsetevolution.ro\/about-me\/#primaryimage\"},\"thumbnailUrl\":\"https:\/\/mindsetevolution.ro\/wp-content\/uploads\/2024\/08\/d.jpg\",\"datePublished\":\"2021-02-10T02:33:27+00:00\",\"dateModified\":\"2024-08-13T07:55:33+00:00\",\"description\":\"I have 15 years of work experience in the corporate environment, in which I held executive and management positions.\",\"breadcrumb\":{\"@id\":\"https:\/\/mindsetevolution.ro\/about-me\/#breadcrumb\"},\"inLanguage\":\"ro-RO\",\"potentialAction\":[{\"@type\":\"ReadAction\",\"target\":[\"https:\/\/mindsetevolution.ro\/about-me\/\"]}]},{\"@type\":\"ImageObject\",\"inLanguage\":\"ro-RO\",\"@id\":\"https:\/\/mindsetevolution.ro\/about-me\/#primaryimage\",\"url\":\"https:\/\/mindsetevolution.ro\/wp-content\/uploads\/2024\/08\/d.jpg\",\"contentUrl\":\"https:\/\/mindsetevolution.ro\/wp-content\/uploads\/2024\/08\/d.jpg\"},{\"@type\":\"BreadcrumbList\",\"@id\":\"https:\/\/mindsetevolution.ro\/about-me\/#breadcrumb\",\"itemListElement\":[{\"@type\":\"ListItem\",\"position\":1,\"name\":\"Home\",\"item\":\"https:\/\/mindsetevolution.ro\/\"},{\"@type\":\"ListItem\",\"position\":2,\"name\":\"About Me\"}]},{\"@type\":\"WebSite\",\"@id\":\"https:\/\/mindsetevolution.ro\/#website\",\"url\":\"https:\/\/mindsetevolution.ro\/\",\"name\":\"Mindset Evolution\",\"description\":\"A journey of the self.\u201d The light in me greets the light in you\u201d\",\"publisher\":{\"@id\":\"https:\/\/mindsetevolution.ro\/#organization\"},\"potentialAction\":[{\"@type\":\"SearchAction\",\"target\":{\"@type\":\"EntryPoint\",\"urlTemplate\":\"https:\/\/mindsetevolution.ro\/?s={search_term_string}\"},\"query-input\":\"required name=search_term_string\"}],\"inLanguage\":\"ro-RO\"},{\"@type\":\"Organization\",\"@id\":\"https:\/\/mindsetevolution.ro\/#organization\",\"name\":\"xpresscoaching\",\"url\":\"https:\/\/mindsetevolution.ro\/\",\"logo\":{\"@type\":\"ImageObject\",\"inLanguage\":\"ro-RO\",\"@id\":\"https:\/\/mindsetevolution.ro\/#\/schema\/logo\/image\/\",\"url\":\"https:\/\/mindsetevolution.ro\/wp-content\/uploads\/2021\/09\/Logo-Xpress-Coaching-1-scaled.jpg\",\"contentUrl\":\"https:\/\/mindsetevolution.ro\/wp-content\/uploads\/2021\/09\/Logo-Xpress-Coaching-1-scaled.jpg\",\"width\":2560,\"height\":1048,\"caption\":\"xpresscoaching\"},\"image\":{\"@id\":\"https:\/\/mindsetevolution.ro\/#\/schema\/logo\/image\/\"},\"sameAs\":[\"https:\/\/www.facebook.com\/Xpress-Coaching-100769995616687\",\"https:\/\/www.instagram.com\/xpress.coaching\/\",\"https:\/\/ro.linkedin.com\/in\/magda-lemnaru-38981a7a\"]}]}<\/script>\n<!-- \/ Yoast SEO plugin. -->","yoast_head_json":{"title":"About Me - Mindset Evolution","description":"I have 15 years of work experience in the corporate environment, in which I held executive and management positions.","robots":{"index":"index","follow":"follow","max-snippet":"max-snippet:-1","max-image-preview":"max-image-preview:large","max-video-preview":"max-video-preview:-1"},"canonical":"https:\/\/mindsetevolution.ro\/ro\/about-me\/","og_locale":"ro_RO","og_type":"article","og_title":"About Me - Mindset Evolution","og_description":"I have 15 years of work experience in the corporate environment, in which I held executive and management positions.","og_url":"https:\/\/mindsetevolution.ro\/ro\/about-me\/","og_site_name":"Mindset Evolution","article_publisher":"https:\/\/www.facebook.com\/Xpress-Coaching-100769995616687","article_modified_time":"2024-08-13T07:55:33+00:00","og_image":[{"url":"https:\/\/mindsetevolution.ro\/wp-content\/uploads\/2024\/08\/d.jpg"}],"twitter_card":"summary_large_image","twitter_misc":{"Timp estimat pentru citire":"3 minute"},"schema":{"@context":"https:\/\/schema.org","@graph":[{"@type":"WebPage","@id":"https:\/\/mindsetevolution.ro\/about-me\/","url":"https:\/\/mindsetevolution.ro\/about-me\/","name":"About Me - Mindset Evolution","isPartOf":{"@id":"https:\/\/mindsetevolution.ro\/#website"},"primaryImageOfPage":{"@id":"https:\/\/mindsetevolution.ro\/about-me\/#primaryimage"},"image":{"@id":"https:\/\/mindsetevolution.ro\/about-me\/#primaryimage"},"thumbnailUrl":"https:\/\/mindsetevolution.ro\/wp-content\/uploads\/2024\/08\/d.jpg","datePublished":"2021-02-10T02:33:27+00:00","dateModified":"2024-08-13T07:55:33+00:00","description":"I have 15 years of work experience in the corporate environment, in which I held executive and management positions.","breadcrumb":{"@id":"https:\/\/mindsetevolution.ro\/about-me\/#breadcrumb"},"inLanguage":"ro-RO","potentialAction":[{"@type":"ReadAction","target":["https:\/\/mindsetevolution.ro\/about-me\/"]}]},{"@type":"ImageObject","inLanguage":"ro-RO","@id":"https:\/\/mindsetevolution.ro\/about-me\/#primaryimage","url":"https:\/\/mindsetevolution.ro\/wp-content\/uploads\/2024\/08\/d.jpg","contentUrl":"https:\/\/mindsetevolution.ro\/wp-content\/uploads\/2024\/08\/d.jpg"},{"@type":"BreadcrumbList","@id":"https:\/\/mindsetevolution.ro\/about-me\/#breadcrumb","itemListElement":[{"@type":"ListItem","position":1,"name":"Home","item":"https:\/\/mindsetevolution.ro\/"},{"@type":"ListItem","position":2,"name":"About Me"}]},{"@type":"WebSite","@id":"https:\/\/mindsetevolution.ro\/#website","url":"https:\/\/mindsetevolution.ro\/","name":"Mindset Evolution","description":"A journey of the self.\u201d The light in me greets the light in you\u201d","publisher":{"@id":"https:\/\/mindsetevolution.ro\/#organization"},"potentialAction":[{"@type":"SearchAction","target":{"@type":"EntryPoint","urlTemplate":"https:\/\/mindsetevolution.ro\/?s={search_term_string}"},"query-input":"required name=search_term_string"}],"inLanguage":"ro-RO"},{"@type":"Organization","@id":"https:\/\/mindsetevolution.ro\/#organization","name":"xpresscoaching","url":"https:\/\/mindsetevolution.ro\/","logo":{"@type":"ImageObject","inLanguage":"ro-RO","@id":"https:\/\/mindsetevolution.ro\/#\/schema\/logo\/image\/","url":"https:\/\/mindsetevolution.ro\/wp-content\/uploads\/2021\/09\/Logo-Xpress-Coaching-1-scaled.jpg","contentUrl":"https:\/\/mindsetevolution.ro\/wp-content\/uploads\/2021\/09\/Logo-Xpress-Coaching-1-scaled.jpg","width":2560,"height":1048,"caption":"xpresscoaching"},"image":{"@id":"https:\/\/mindsetevolution.ro\/#\/schema\/logo\/image\/"},"sameAs":["https:\/\/www.facebook.com\/Xpress-Coaching-100769995616687","https:\/\/www.instagram.com\/xpress.coaching\/","https:\/\/ro.linkedin.com\/in\/magda-lemnaru-38981a7a"]}]}},"_links":{"self":[{"href":"https:\/\/mindsetevolution.ro\/ro\/wp-json\/wp\/v2\/pages\/11","targetHints":{"allow":["GET"]}}],"collection":[{"href":"https:\/\/mindsetevolution.ro\/ro\/wp-json\/wp\/v2\/pages"}],"about":[{"href":"https:\/\/mindsetevolution.ro\/ro\/wp-json\/wp\/v2\/types\/page"}],"author":[{"embeddable":true,"href":"https:\/\/mindsetevolution.ro\/ro\/wp-json\/wp\/v2\/users\/1"}],"replies":[{"embeddable":true,"href":"https:\/\/mindsetevolution.ro\/ro\/wp-json\/wp\/v2\/comments?post=11"}],"version-history":[{"count":84,"href":"https:\/\/mindsetevolution.ro\/ro\/wp-json\/wp\/v2\/pages\/11\/revisions"}],"predecessor-version":[{"id":7410,"href":"https:\/\/mindsetevolution.ro\/ro\/wp-json\/wp\/v2\/pages\/11\/revisions\/7410"}],"wp:attachment":[{"href":"https:\/\/mindsetevolution.ro\/ro\/wp-json\/wp\/v2\/media?parent=11"}],"curies":[{"name":"wp","href":"https:\/\/api.w.org\/{rel}","templated":true}]}}